{"id":1066,"date":"2025-01-19T00:47:49","date_gmt":"2025-01-19T00:47:49","guid":{"rendered":"https:\/\/matlasyntek.1704.org\/matlasyntek\/?page_id=1066"},"modified":"2025-01-19T01:40:59","modified_gmt":"2025-01-19T01:40:59","slug":"salon-las-mariposas","status":"publish","type":"page","link":"https:\/\/matlasyntek.1704.org\/matlasyntek\/salon-las-mariposas\/","title":{"rendered":"Sal\u00f3n las Mariposas"},"content":{"rendered":"\t\t<div data-elementor-type=\"wp-page\" data-elementor-id=\"1066\" class=\"elementor elementor-1066\" data-elementor-post-type=\"page\">\n\t\t\t\t\t\t<section class=\"elementor-section elementor-top-section elementor-element elementor-element-19d9759 elementor-section-boxed elementor-section-height-default elementor-section-height-default\" data-id=\"19d9759\" data-element_type=\"section\">\n\t\t\t\t\t\t<div class=\"elementor-container elementor-column-gap-default\">\n\t\t\t\t\t<div class=\"elementor-column elementor-col-100 elementor-top-column elementor-element elementor-element-fbfd4fd\" data-id=\"fbfd4fd\" data-element_type=\"column\">\n\t\t\t<div class=\"elementor-widget-wrap elementor-element-populated\">\n\t\t\t\t\t\t<div class=\"elementor-element elementor-element-39f1e0f elementor-widget elementor-widget-heading\" data-id=\"39f1e0f\" data-element_type=\"widget\" data-widget_type=\"heading.default\">\n\t\t\t\t<div class=\"elementor-widget-container\">\n\t\t\t<h2 class=\"elementor-heading-title elementor-size-default\">Sal\u00f3n Las Mariposas<\/h2>\t\t<\/div>\n\t\t\t\t<\/div>\n\t\t\t\t\t<\/div>\n\t\t<\/div>\n\t\t\t\t\t<\/div>\n\t\t<\/section>\n\t\t\t\t<section class=\"elementor-section elementor-top-section elementor-element elementor-element-3c64a72 elementor-section-boxed elementor-section-height-default elementor-section-height-default\" data-id=\"3c64a72\" data-element_type=\"section\">\n\t\t\t\t\t\t<div class=\"elementor-container elementor-column-gap-default\">\n\t\t\t\t\t<div class=\"elementor-column elementor-col-50 elementor-top-column elementor-element elementor-element-9b055f3\" data-id=\"9b055f3\" data-element_type=\"column\">\n\t\t\t<div class=\"elementor-widget-wrap elementor-element-populated\">\n\t\t\t\t\t\t<div class=\"elementor-element elementor-element-a02c446 elementor-widget elementor-widget-text-editor\" data-id=\"a02c446\" data-element_type=\"widget\" data-widget_type=\"text-editor.default\">\n\t\t\t\t<div class=\"elementor-widget-container\">\n\t\t\t\t\t\t\t<p>Enclavado en una ubicaci\u00f3n privilegiada, el <strong>Sal\u00f3n Las Mariposas<\/strong> ser\u00e1 el coraz\u00f3n vibrante de la edici\u00f3n Andr\u00f3meda, un evento que promete llevar a la comunidad underground a una experiencia inolvidable. Este lugar combina elegancia, funcionalidad y una conexi\u00f3n \u00fanica con la ciudad de Toluca, ofreciendo el ambiente perfecto para cada artista, performance y momento que define el esp\u00edritu de Matlasyntek Collective.<\/p><h3><strong>Un espacio dise\u00f1ado para la experiencia<\/strong><\/h3><p>Con una <strong>capacidad para 200 personas<\/strong>, el Sal\u00f3n Las Mariposas cuenta con todo lo necesario para un evento memorable:<\/p><ul><li><strong>Piso cer\u00e1mico<\/strong> que aporta estilo y versatilidad, ideal para disfrutar de cada performance y actividad.<\/li><li><strong>Grandes ventanales<\/strong> que ofrecen una vista espectacular de Toluca, integrando la energ\u00eda de la ciudad en el ambiente del evento.<\/li><li><strong>Iluminaci\u00f3n adaptable<\/strong>, dise\u00f1ada para transformar el espacio y crear el ambiente perfecto en cada momento, desde sets energ\u00e9ticos hasta presentaciones \u00edntimas.<\/li><li><strong>Paredes y techos blancos<\/strong>, una combinaci\u00f3n que aporta amplitud y claridad, adem\u00e1s de ser el lienzo perfecto para las proyecciones y la creatividad visual caracter\u00edstica de Matlasyntek.<\/li><\/ul>\t\t\t\t\t\t<\/div>\n\t\t\t\t<\/div>\n\t\t\t\t<div class=\"elementor-element elementor-element-99bfb25 elementor-shape-rounded elementor-grid-0 e-grid-align-center elementor-widget elementor-widget-social-icons\" data-id=\"99bfb25\" data-element_type=\"widget\" data-widget_type=\"social-icons.default\">\n\t\t\t\t<div class=\"elementor-widget-container\">\n\t\t\t\t\t<div class=\"elementor-social-icons-wrapper elementor-grid\">\n\t\t\t\t\t\t\t<span class=\"elementor-grid-item\">\n\t\t\t\t\t<a class=\"elementor-icon elementor-social-icon elementor-social-icon-facebook elementor-repeater-item-adfeaa3\" href=\"https:\/\/www.facebook.com\/profile.php?id=61558143235570&#038;mibextid=ZbWKwL\" target=\"_blank\">\n\t\t\t\t\t\t<span class=\"elementor-screen-only\">Facebook<\/span>\n\t\t\t\t\t\t<i class=\"fab fa-facebook\"><\/i>\t\t\t\t\t<\/a>\n\t\t\t\t<\/span>\n\t\t\t\t\t\t\t<span class=\"elementor-grid-item\">\n\t\t\t\t\t<a class=\"elementor-icon elementor-social-icon elementor-social-icon-whatsapp elementor-repeater-item-5ed0801\" href=\"https:\/\/api.whatsapp.com\/send?phone=7225499460&#038;text=Hola%2C%20vi%20su%20presencia%20en%20la%20p%C3%A1gina%20web%20de%20matlasyntek%20collective%20y%20estoy%20interesado%20en%20sus%20precios.\" target=\"_blank\">\n\t\t\t\t\t\t<span class=\"elementor-screen-only\">Whatsapp<\/span>\n\t\t\t\t\t\t<i class=\"fab fa-whatsapp\"><\/i>\t\t\t\t\t<\/a>\n\t\t\t\t<\/span>\n\t\t\t\t\t<\/div>\n\t\t\t\t<\/div>\n\t\t\t\t<\/div>\n\t\t\t\t\t<\/div>\n\t\t<\/div>\n\t\t\t\t<div class=\"elementor-column elementor-col-50 elementor-top-column elementor-element elementor-element-8eefb97\" data-id=\"8eefb97\" data-element_type=\"column\">\n\t\t\t<div class=\"elementor-widget-wrap elementor-element-populated\">\n\t\t\t\t\t\t<div class=\"elementor-element elementor-element-e81abd3 elementor-arrows-position-inside elementor-pagination-position-outside elementor-widget elementor-widget-image-carousel\" data-id=\"e81abd3\" data-element_type=\"widget\" data-settings=\"{&quot;navigation&quot;:&quot;both&quot;,&quot;autoplay&quot;:&quot;yes&quot;,&quot;pause_on_hover&quot;:&quot;yes&quot;,&quot;pause_on_interaction&quot;:&quot;yes&quot;,&quot;autoplay_speed&quot;:5000,&quot;infinite&quot;:&quot;yes&quot;,&quot;speed&quot;:500}\" data-widget_type=\"image-carousel.default\">\n\t\t\t\t<div class=\"elementor-widget-container\">\n\t\t\t\t\t<div class=\"elementor-image-carousel-wrapper swiper\" dir=\"ltr\">\n\t\t\t<div class=\"elementor-image-carousel swiper-wrapper\" aria-live=\"off\">\n\t\t\t\t\t\t\t\t<div class=\"swiper-slide\" role=\"group\" aria-roledescription=\"slide\" aria-label=\"1 de 7\"><figure class=\"swiper-slide-inner\"><img decoding=\"async\" class=\"swiper-slide-image\" src=\"https:\/\/matlasyntek.1704.org\/matlasyntek\/wp-content\/uploads\/2025\/01\/WhatsApp-Image-2025-01-07-at-1.46.46-PM-1.jpeg\" alt=\"WhatsApp Image 2025-01-07 at 1.46.46 PM\" \/><\/figure><\/div><div class=\"swiper-slide\" role=\"group\" aria-roledescription=\"slide\" aria-label=\"2 de 7\"><figure class=\"swiper-slide-inner\"><img decoding=\"async\" class=\"swiper-slide-image\" src=\"https:\/\/matlasyntek.1704.org\/matlasyntek\/wp-content\/uploads\/2025\/01\/WhatsApp-Image-2025-01-07-at-1.54.03-PM.jpeg\" alt=\"WhatsApp Image 2025-01-07 at 1.54.03 PM\" \/><\/figure><\/div><div class=\"swiper-slide\" role=\"group\" aria-roledescription=\"slide\" aria-label=\"3 de 7\"><figure class=\"swiper-slide-inner\"><img decoding=\"async\" class=\"swiper-slide-image\" src=\"https:\/\/matlasyntek.1704.org\/matlasyntek\/wp-content\/uploads\/2025\/01\/WhatsApp-Image-2025-01-07-at-5.57.16-PM-1.jpeg\" alt=\"WhatsApp Image 2025-01-07 at 5.57.16 PM (1)\" \/><\/figure><\/div><div class=\"swiper-slide\" role=\"group\" aria-roledescription=\"slide\" aria-label=\"4 de 7\"><figure class=\"swiper-slide-inner\"><img decoding=\"async\" class=\"swiper-slide-image\" src=\"https:\/\/matlasyntek.1704.org\/matlasyntek\/wp-content\/uploads\/2025\/01\/WhatsApp-Image-2025-01-07-at-5.57.16-PM.jpeg\" alt=\"WhatsApp Image 2025-01-07 at 5.57.16 PM\" \/><\/figure><\/div><div class=\"swiper-slide\" role=\"group\" aria-roledescription=\"slide\" aria-label=\"5 de 7\"><figure class=\"swiper-slide-inner\"><img decoding=\"async\" class=\"swiper-slide-image\" src=\"https:\/\/matlasyntek.1704.org\/matlasyntek\/wp-content\/uploads\/2025\/01\/WhatsApp-Image-2025-01-07-at-5.57.15-PM.jpeg\" alt=\"WhatsApp Image 2025-01-07 at 5.57.15 PM\" \/><\/figure><\/div><div class=\"swiper-slide\" role=\"group\" aria-roledescription=\"slide\" aria-label=\"6 de 7\"><figure class=\"swiper-slide-inner\"><img decoding=\"async\" class=\"swiper-slide-image\" src=\"https:\/\/matlasyntek.1704.org\/matlasyntek\/wp-content\/uploads\/2025\/01\/WhatsApp-Image-2025-01-07-at-5.55.58-PM-1.jpeg\" alt=\"WhatsApp Image 2025-01-07 at 5.55.58 PM (1)\" \/><\/figure><\/div><div class=\"swiper-slide\" role=\"group\" aria-roledescription=\"slide\" aria-label=\"7 de 7\"><figure class=\"swiper-slide-inner\"><img decoding=\"async\" class=\"swiper-slide-image\" src=\"https:\/\/matlasyntek.1704.org\/matlasyntek\/wp-content\/uploads\/2025\/01\/WhatsApp-Image-2025-01-07-at-5.55.58-PM.jpeg\" alt=\"WhatsApp Image 2025-01-07 at 5.55.58 PM\" \/><\/figure><\/div>\t\t\t<\/div>\n\t\t\t\t\t\t\t\t\t\t\t\t<div class=\"elementor-swiper-button elementor-swiper-button-prev\" role=\"button\" tabindex=\"0\">\n\t\t\t\t\t\t<i aria-hidden=\"true\" class=\"eicon-chevron-left\"><\/i>\t\t\t\t\t<\/div>\n\t\t\t\t\t<div class=\"elementor-swiper-button elementor-swiper-button-next\" role=\"button\" tabindex=\"0\">\n\t\t\t\t\t\t<i aria-hidden=\"true\" class=\"eicon-chevron-right\"><\/i>\t\t\t\t\t<\/div>\n\t\t\t\t\n\t\t\t\t\t\t\t\t\t<div class=\"swiper-pagination\"><\/div>\n\t\t\t\t\t\t\t\t\t<\/div>\n\t\t\t\t<\/div>\n\t\t\t\t<\/div>\n\t\t\t\t<div class=\"elementor-element elementor-element-d33be2a elementor-widget elementor-widget-text-editor\" data-id=\"d33be2a\" data-element_type=\"widget\" data-widget_type=\"text-editor.default\">\n\t\t\t\t<div class=\"elementor-widget-container\">\n\t\t\t\t\t\t\t<h3><strong>Ubicaci\u00f3n estrat\u00e9gica<\/strong><\/h3><p>Situado en <strong>Paseo Matlazincas 172, Colonia San Luis Obispo<\/strong>, el Sal\u00f3n Las Mariposas no solo es accesible, sino que ofrece un entorno que se complementa con la visi\u00f3n futurista y din\u00e1mica de Andr\u00f3meda. Su proximidad a puntos clave de la ciudad lo convierte en el lugar ideal para reunir a la comunidad rave, ofreciendo comodidad y una experiencia inmersiva en cada rinc\u00f3n.<\/p><h3><strong>El alma de Andr\u00f3meda<\/strong><\/h3><p>M\u00e1s que un espacio, el Sal\u00f3n Las Mariposas es el escenario donde las emociones, los ritmos y la creatividad se unen. Cada detalle del lugar ha sido considerado para potenciar la experiencia: desde la ac\u00fastica del sal\u00f3n hasta la integraci\u00f3n de elementos visuales y de dise\u00f1o que transformar\u00e1n este lugar en el universo paralelo que promete Andr\u00f3meda.<\/p><h3><strong>Un evento, un espacio, una experiencia<\/strong><\/h3><p>El Sal\u00f3n Las Mariposas se convierte en el centro de una narrativa \u00fanica, donde cada asistente ser\u00e1 testigo y parte de algo extraordinario. La versatilidad del sal\u00f3n permite una experiencia fluida, combinando lo \u00edntimo con lo vibrante, lo moderno con lo underground.<\/p>\t\t\t\t\t\t<\/div>\n\t\t\t\t<\/div>\n\t\t\t\t\t<\/div>\n\t\t<\/div>\n\t\t\t\t\t<\/div>\n\t\t<\/section>\n\t\t\t\t<section class=\"elementor-section elementor-top-section elementor-element elementor-element-1d66234 elementor-section-boxed elementor-section-height-default elementor-section-height-default\" data-id=\"1d66234\" data-element_type=\"section\">\n\t\t\t\t\t\t<div class=\"elementor-container elementor-column-gap-default\">\n\t\t\t\t\t<div class=\"elementor-column elementor-col-100 elementor-top-column elementor-element elementor-element-9b6d3c0\" data-id=\"9b6d3c0\" data-element_type=\"column\">\n\t\t\t<div class=\"elementor-widget-wrap elementor-element-populated\">\n\t\t\t\t\t\t<div class=\"elementor-element elementor-element-23ffd72 elementor-widget elementor-widget-google_maps\" data-id=\"23ffd72\" data-element_type=\"widget\" data-widget_type=\"google_maps.default\">\n\t\t\t\t<div class=\"elementor-widget-container\">\n\t\t\t\t\t<div class=\"elementor-custom-embed\">\n\t\t\t<iframe loading=\"lazy\"\n\t\t\t\t\tsrc=\"https:\/\/maps.google.com\/maps?q=Sal%C3%B3n%20para%20eventos%20%E2%80%9CLas%20mariposas%E2%80%9D%2C%20Paseo%20matlazincas%20Terminaci%C3%B3n%20de%20bravo%2C%2050000%20Toluca%20de%20Lerdo%2C%20M%C3%A9x.&#038;t=m&#038;z=14&#038;output=embed&#038;iwloc=near\"\n\t\t\t\t\ttitle=\"Sal\u00f3n para eventos \u201cLas mariposas\u201d, Paseo matlazincas Terminaci\u00f3n de bravo, 50000 Toluca de Lerdo, M\u00e9x.\"\n\t\t\t\t\taria-label=\"Sal\u00f3n para eventos \u201cLas mariposas\u201d, Paseo matlazincas Terminaci\u00f3n de bravo, 50000 Toluca de Lerdo, M\u00e9x.\"\n\t\t\t><\/iframe>\n\t\t<\/div>\n\t\t\t\t<\/div>\n\t\t\t\t<\/div>\n\t\t\t\t\t<\/div>\n\t\t<\/div>\n\t\t\t\t\t<\/div>\n\t\t<\/section>\n\t\t\t\t<\/div>\n\t\t","protected":false},"excerpt":{"rendered":"<p>Sal\u00f3n Las Mariposas Enclavado en una ubicaci\u00f3n privilegiada, el Sal\u00f3n Las Mariposas ser\u00e1 el coraz\u00f3n vibrante de la edici\u00f3n Andr\u00f3meda, un evento que promete llevar a la comunidad underground a una experiencia inolvidable. Este lugar combina elegancia, funcionalidad y una conexi\u00f3n \u00fanica con la ciudad de Toluca, ofreciendo el ambiente perfecto para cada artista, performance [&hellip;]<\/p>\n","protected":false},"author":1,"featured_media":0,"parent":0,"menu_order":0,"comment_status":"closed","ping_status":"closed","template":"","meta":{"footnotes":""},"class_list":["post-1066","page","type-page","status-publish","hentry"],"yoast_head":"<!-- This site is optimized with the Yoast SEO plugin v24.0 - https:\/\/yoast.com\/wordpress\/plugins\/seo\/ -->\n<title>Sal\u00f3n las Mariposas - Matlasyntek<\/title>\n<meta name=\"robots\" content=\"index, follow, max-snippet:-1, max-image-preview:large, max-video-preview:-1\" \/>\n<link rel=\"canonical\" href=\"https:\/\/matlasyntek.1704.org\/matlasyntek\/salon-las-mariposas\/\" \/>\n<meta property=\"og:locale\" content=\"es_MX\" \/>\n<meta property=\"og:type\" content=\"article\" \/>\n<meta property=\"og:title\" content=\"Sal\u00f3n las Mariposas - Matlasyntek\" \/>\n<meta property=\"og:description\" content=\"Sal\u00f3n Las Mariposas Enclavado en una ubicaci\u00f3n privilegiada, el Sal\u00f3n Las Mariposas ser\u00e1 el coraz\u00f3n vibrante de la edici\u00f3n Andr\u00f3meda, un evento que promete llevar a la comunidad underground a una experiencia inolvidable. Este lugar combina elegancia, funcionalidad y una conexi\u00f3n \u00fanica con la ciudad de Toluca, ofreciendo el ambiente perfecto para cada artista, performance [&hellip;]\" \/>\n<meta property=\"og:url\" content=\"https:\/\/matlasyntek.1704.org\/matlasyntek\/salon-las-mariposas\/\" \/>\n<meta property=\"og:site_name\" content=\"Matlasyntek\" \/>\n<meta property=\"article:modified_time\" content=\"2025-01-19T01:40:59+00:00\" \/>\n<meta property=\"og:image\" content=\"https:\/\/matlasyntek.1704.org\/matlasyntek\/wp-content\/uploads\/2025\/01\/WhatsApp-Image-2025-01-07-at-1.46.46-PM-1.jpeg\" \/>\n<meta name=\"twitter:card\" content=\"summary_large_image\" \/>\n<meta name=\"twitter:label1\" content=\"Tiempo de lectura\" \/>\n\t<meta name=\"twitter:data1\" content=\"5 minutos\" \/>\n<script type=\"application\/ld+json\" class=\"yoast-schema-graph\">{\"@context\":\"https:\/\/schema.org\",\"@graph\":[{\"@type\":\"WebPage\",\"@id\":\"https:\/\/matlasyntek.1704.org\/matlasyntek\/salon-las-mariposas\/\",\"url\":\"https:\/\/matlasyntek.1704.org\/matlasyntek\/salon-las-mariposas\/\",\"name\":\"Sal\u00f3n las Mariposas - Matlasyntek\",\"isPartOf\":{\"@id\":\"https:\/\/matlasyntek.1704.org\/matlasyntek\/#website\"},\"primaryImageOfPage\":{\"@id\":\"https:\/\/matlasyntek.1704.org\/matlasyntek\/salon-las-mariposas\/#primaryimage\"},\"image\":{\"@id\":\"https:\/\/matlasyntek.1704.org\/matlasyntek\/salon-las-mariposas\/#primaryimage\"},\"thumbnailUrl\":\"https:\/\/matlasyntek.1704.org\/matlasyntek\/wp-content\/uploads\/2025\/01\/WhatsApp-Image-2025-01-07-at-1.46.46-PM-1.jpeg\",\"datePublished\":\"2025-01-19T00:47:49+00:00\",\"dateModified\":\"2025-01-19T01:40:59+00:00\",\"breadcrumb\":{\"@id\":\"https:\/\/matlasyntek.1704.org\/matlasyntek\/salon-las-mariposas\/#breadcrumb\"},\"inLanguage\":\"es\",\"potentialAction\":[{\"@type\":\"ReadAction\",\"target\":[\"https:\/\/matlasyntek.1704.org\/matlasyntek\/salon-las-mariposas\/\"]}]},{\"@type\":\"ImageObject\",\"inLanguage\":\"es\",\"@id\":\"https:\/\/matlasyntek.1704.org\/matlasyntek\/salon-las-mariposas\/#primaryimage\",\"url\":\"https:\/\/matlasyntek.1704.org\/matlasyntek\/wp-content\/uploads\/2025\/01\/WhatsApp-Image-2025-01-07-at-1.46.46-PM-1.jpeg\",\"contentUrl\":\"https:\/\/matlasyntek.1704.org\/matlasyntek\/wp-content\/uploads\/2025\/01\/WhatsApp-Image-2025-01-07-at-1.46.46-PM-1.jpeg\",\"width\":809,\"height\":607},{\"@type\":\"BreadcrumbList\",\"@id\":\"https:\/\/matlasyntek.1704.org\/matlasyntek\/salon-las-mariposas\/#breadcrumb\",\"itemListElement\":[{\"@type\":\"ListItem\",\"position\":1,\"name\":\"Home\",\"item\":\"https:\/\/matlasyntek.1704.org\/matlasyntek\/\"},{\"@type\":\"ListItem\",\"position\":2,\"name\":\"Sal\u00f3n las Mariposas\"}]},{\"@type\":\"WebSite\",\"@id\":\"https:\/\/matlasyntek.1704.org\/matlasyntek\/#website\",\"url\":\"https:\/\/matlasyntek.1704.org\/matlasyntek\/\",\"name\":\"Matlasyntek\",\"description\":\"\",\"publisher\":{\"@id\":\"https:\/\/matlasyntek.1704.org\/matlasyntek\/#organization\"},\"potentialAction\":[{\"@type\":\"SearchAction\",\"target\":{\"@type\":\"EntryPoint\",\"urlTemplate\":\"https:\/\/matlasyntek.1704.org\/matlasyntek\/?s={search_term_string}\"},\"query-input\":{\"@type\":\"PropertyValueSpecification\",\"valueRequired\":true,\"valueName\":\"search_term_string\"}}],\"inLanguage\":\"es\"},{\"@type\":\"Organization\",\"@id\":\"https:\/\/matlasyntek.1704.org\/matlasyntek\/#organization\",\"name\":\"Matlasyntek\",\"url\":\"https:\/\/matlasyntek.1704.org\/matlasyntek\/\",\"logo\":{\"@type\":\"ImageObject\",\"inLanguage\":\"es\",\"@id\":\"https:\/\/matlasyntek.1704.org\/matlasyntek\/#\/schema\/logo\/image\/\",\"url\":\"https:\/\/matlasyntek.1704.org\/matlasyntek\/wp-content\/uploads\/2024\/12\/2Recurso-5.png\",\"contentUrl\":\"https:\/\/matlasyntek.1704.org\/matlasyntek\/wp-content\/uploads\/2024\/12\/2Recurso-5.png\",\"width\":719,\"height\":86,\"caption\":\"Matlasyntek\"},\"image\":{\"@id\":\"https:\/\/matlasyntek.1704.org\/matlasyntek\/#\/schema\/logo\/image\/\"}}]}<\/script>\n<!-- \/ Yoast SEO plugin. -->","yoast_head_json":{"title":"Sal\u00f3n las Mariposas - Matlasyntek","robots":{"index":"index","follow":"follow","max-snippet":"max-snippet:-1","max-image-preview":"max-image-preview:large","max-video-preview":"max-video-preview:-1"},"canonical":"https:\/\/matlasyntek.1704.org\/matlasyntek\/salon-las-mariposas\/","og_locale":"es_MX","og_type":"article","og_title":"Sal\u00f3n las Mariposas - Matlasyntek","og_description":"Sal\u00f3n Las Mariposas Enclavado en una ubicaci\u00f3n privilegiada, el Sal\u00f3n Las Mariposas ser\u00e1 el coraz\u00f3n vibrante de la edici\u00f3n Andr\u00f3meda, un evento que promete llevar a la comunidad underground a una experiencia inolvidable. Este lugar combina elegancia, funcionalidad y una conexi\u00f3n \u00fanica con la ciudad de Toluca, ofreciendo el ambiente perfecto para cada artista, performance [&hellip;]","og_url":"https:\/\/matlasyntek.1704.org\/matlasyntek\/salon-las-mariposas\/","og_site_name":"Matlasyntek","article_modified_time":"2025-01-19T01:40:59+00:00","og_image":[{"url":"https:\/\/matlasyntek.1704.org\/matlasyntek\/wp-content\/uploads\/2025\/01\/WhatsApp-Image-2025-01-07-at-1.46.46-PM-1.jpeg","type":"","width":"","height":""}],"twitter_card":"summary_large_image","twitter_misc":{"Tiempo de lectura":"5 minutos"},"schema":{"@context":"https:\/\/schema.org","@graph":[{"@type":"WebPage","@id":"https:\/\/matlasyntek.1704.org\/matlasyntek\/salon-las-mariposas\/","url":"https:\/\/matlasyntek.1704.org\/matlasyntek\/salon-las-mariposas\/","name":"Sal\u00f3n las Mariposas - Matlasyntek","isPartOf":{"@id":"https:\/\/matlasyntek.1704.org\/matlasyntek\/#website"},"primaryImageOfPage":{"@id":"https:\/\/matlasyntek.1704.org\/matlasyntek\/salon-las-mariposas\/#primaryimage"},"image":{"@id":"https:\/\/matlasyntek.1704.org\/matlasyntek\/salon-las-mariposas\/#primaryimage"},"thumbnailUrl":"https:\/\/matlasyntek.1704.org\/matlasyntek\/wp-content\/uploads\/2025\/01\/WhatsApp-Image-2025-01-07-at-1.46.46-PM-1.jpeg","datePublished":"2025-01-19T00:47:49+00:00","dateModified":"2025-01-19T01:40:59+00:00","breadcrumb":{"@id":"https:\/\/matlasyntek.1704.org\/matlasyntek\/salon-las-mariposas\/#breadcrumb"},"inLanguage":"es","potentialAction":[{"@type":"ReadAction","target":["https:\/\/matlasyntek.1704.org\/matlasyntek\/salon-las-mariposas\/"]}]},{"@type":"ImageObject","inLanguage":"es","@id":"https:\/\/matlasyntek.1704.org\/matlasyntek\/salon-las-mariposas\/#primaryimage","url":"https:\/\/matlasyntek.1704.org\/matlasyntek\/wp-content\/uploads\/2025\/01\/WhatsApp-Image-2025-01-07-at-1.46.46-PM-1.jpeg","contentUrl":"https:\/\/matlasyntek.1704.org\/matlasyntek\/wp-content\/uploads\/2025\/01\/WhatsApp-Image-2025-01-07-at-1.46.46-PM-1.jpeg","width":809,"height":607},{"@type":"BreadcrumbList","@id":"https:\/\/matlasyntek.1704.org\/matlasyntek\/salon-las-mariposas\/#breadcrumb","itemListElement":[{"@type":"ListItem","position":1,"name":"Home","item":"https:\/\/matlasyntek.1704.org\/matlasyntek\/"},{"@type":"ListItem","position":2,"name":"Sal\u00f3n las Mariposas"}]},{"@type":"WebSite","@id":"https:\/\/matlasyntek.1704.org\/matlasyntek\/#website","url":"https:\/\/matlasyntek.1704.org\/matlasyntek\/","name":"Matlasyntek","description":"","publisher":{"@id":"https:\/\/matlasyntek.1704.org\/matlasyntek\/#organization"},"potentialAction":[{"@type":"SearchAction","target":{"@type":"EntryPoint","urlTemplate":"https:\/\/matlasyntek.1704.org\/matlasyntek\/?s={search_term_string}"},"query-input":{"@type":"PropertyValueSpecification","valueRequired":true,"valueName":"search_term_string"}}],"inLanguage":"es"},{"@type":"Organization","@id":"https:\/\/matlasyntek.1704.org\/matlasyntek\/#organization","name":"Matlasyntek","url":"https:\/\/matlasyntek.1704.org\/matlasyntek\/","logo":{"@type":"ImageObject","inLanguage":"es","@id":"https:\/\/matlasyntek.1704.org\/matlasyntek\/#\/schema\/logo\/image\/","url":"https:\/\/matlasyntek.1704.org\/matlasyntek\/wp-content\/uploads\/2024\/12\/2Recurso-5.png","contentUrl":"https:\/\/matlasyntek.1704.org\/matlasyntek\/wp-content\/uploads\/2024\/12\/2Recurso-5.png","width":719,"height":86,"caption":"Matlasyntek"},"image":{"@id":"https:\/\/matlasyntek.1704.org\/matlasyntek\/#\/schema\/logo\/image\/"}}]}},"_links":{"self":[{"href":"https:\/\/matlasyntek.1704.org\/matlasyntek\/wp-json\/wp\/v2\/pages\/1066","targetHints":{"allow":["GET"]}}],"collection":[{"href":"https:\/\/matlasyntek.1704.org\/matlasyntek\/wp-json\/wp\/v2\/pages"}],"about":[{"href":"https:\/\/matlasyntek.1704.org\/matlasyntek\/wp-json\/wp\/v2\/types\/page"}],"author":[{"embeddable":true,"href":"https:\/\/matlasyntek.1704.org\/matlasyntek\/wp-json\/wp\/v2\/users\/1"}],"replies":[{"embeddable":true,"href":"https:\/\/matlasyntek.1704.org\/matlasyntek\/wp-json\/wp\/v2\/comments?post=1066"}],"version-history":[{"count":10,"href":"https:\/\/matlasyntek.1704.org\/matlasyntek\/wp-json\/wp\/v2\/pages\/1066\/revisions"}],"predecessor-version":[{"id":1090,"href":"https:\/\/matlasyntek.1704.org\/matlasyntek\/wp-json\/wp\/v2\/pages\/1066\/revisions\/1090"}],"wp:attachment":[{"href":"https:\/\/matlasyntek.1704.org\/matlasyntek\/wp-json\/wp\/v2\/media?parent=1066"}],"curies":[{"name":"wp","href":"https:\/\/api.w.org\/{rel}","templated":true}]}}