{"id":1200,"date":"2025-01-30T23:04:01","date_gmt":"2025-01-30T23:04:01","guid":{"rendered":"https:\/\/matlasyntek.1704.org\/matlasyntek\/?page_id=1200"},"modified":"2025-02-03T05:38:35","modified_gmt":"2025-02-03T05:38:35","slug":"lenceria-y-corseteria-xtd","status":"publish","type":"page","link":"https:\/\/matlasyntek.1704.org\/matlasyntek\/lenceria-y-corseteria-xtd\/","title":{"rendered":"Lencer\u00eda y corseter\u00eda XTD"},"content":{"rendered":"\t\t<div data-elementor-type=\"wp-page\" data-elementor-id=\"1200\" class=\"elementor elementor-1200\" data-elementor-post-type=\"page\">\n\t\t\t\t\t\t<section class=\"elementor-section elementor-top-section elementor-element elementor-element-9e5b13f elementor-section-boxed elementor-section-height-default elementor-section-height-default\" data-id=\"9e5b13f\" data-element_type=\"section\">\n\t\t\t\t\t\t<div class=\"elementor-container elementor-column-gap-default\">\n\t\t\t\t\t<div class=\"elementor-column elementor-col-33 elementor-top-column elementor-element elementor-element-1656304\" data-id=\"1656304\" data-element_type=\"column\">\n\t\t\t<div class=\"elementor-widget-wrap elementor-element-populated\">\n\t\t\t\t\t\t<div class=\"elementor-element elementor-element-3370fb7 elementor-widget elementor-widget-image\" data-id=\"3370fb7\" data-element_type=\"widget\" data-widget_type=\"image.default\">\n\t\t\t\t<div class=\"elementor-widget-container\">\n\t\t\t\t\t\t\t\t\t\t\t\t\t<img fetchpriority=\"high\" decoding=\"async\" width=\"800\" height=\"800\" src=\"https:\/\/matlasyntek.1704.org\/matlasyntek\/wp-content\/uploads\/2025\/01\/WhatsApp-Image-2025-01-30-at-2.47.00-PM-1024x1024.jpeg\" class=\"attachment-large size-large wp-image-1198\" alt=\"\" srcset=\"https:\/\/matlasyntek.1704.org\/matlasyntek\/wp-content\/uploads\/2025\/01\/WhatsApp-Image-2025-01-30-at-2.47.00-PM-1024x1024.jpeg 1024w, https:\/\/matlasyntek.1704.org\/matlasyntek\/wp-content\/uploads\/2025\/01\/WhatsApp-Image-2025-01-30-at-2.47.00-PM-300x300.jpeg 300w, https:\/\/matlasyntek.1704.org\/matlasyntek\/wp-content\/uploads\/2025\/01\/WhatsApp-Image-2025-01-30-at-2.47.00-PM-150x150.jpeg 150w, https:\/\/matlasyntek.1704.org\/matlasyntek\/wp-content\/uploads\/2025\/01\/WhatsApp-Image-2025-01-30-at-2.47.00-PM-768x768.jpeg 768w, https:\/\/matlasyntek.1704.org\/matlasyntek\/wp-content\/uploads\/2025\/01\/WhatsApp-Image-2025-01-30-at-2.47.00-PM-700x700.jpeg 700w, https:\/\/matlasyntek.1704.org\/matlasyntek\/wp-content\/uploads\/2025\/01\/WhatsApp-Image-2025-01-30-at-2.47.00-PM.jpeg 1080w\" sizes=\"(max-width: 800px) 100vw, 800px\" \/>\t\t\t\t\t\t\t\t\t\t\t\t\t<\/div>\n\t\t\t\t<\/div>\n\t\t\t\t<div class=\"elementor-element elementor-element-3a7d283 elementor-headline--style-highlight elementor-widget elementor-widget-animated-headline\" data-id=\"3a7d283\" data-element_type=\"widget\" data-settings=\"{&quot;highlighted_text&quot;:&quot;conoce su trabajo &quot;,&quot;headline_style&quot;:&quot;highlight&quot;,&quot;marker&quot;:&quot;circle&quot;,&quot;loop&quot;:&quot;yes&quot;,&quot;highlight_animation_duration&quot;:1200,&quot;highlight_iteration_delay&quot;:8000}\" data-widget_type=\"animated-headline.default\">\n\t\t\t\t<div class=\"elementor-widget-container\">\n\t\t\t\t\t<h6 class=\"elementor-headline\">\n\t\t\t\t<span class=\"elementor-headline-dynamic-wrapper elementor-headline-text-wrapper\">\n\t\t\t\t\t<span class=\"elementor-headline-dynamic-text elementor-headline-text-active\">conoce su trabajo <\/span>\n\t\t\t\t<\/span>\n\t\t\t\t<\/h6>\n\t\t\t\t<\/div>\n\t\t\t\t<\/div>\n\t\t\t\t<div class=\"elementor-element elementor-element-c07d6f9 elementor-shape-rounded elementor-grid-0 e-grid-align-center elementor-widget elementor-widget-social-icons\" data-id=\"c07d6f9\" data-element_type=\"widget\" data-widget_type=\"social-icons.default\">\n\t\t\t\t<div class=\"elementor-widget-container\">\n\t\t\t\t\t<div class=\"elementor-social-icons-wrapper elementor-grid\">\n\t\t\t\t\t\t\t<span class=\"elementor-grid-item\">\n\t\t\t\t\t<a class=\"elementor-icon elementor-social-icon elementor-social-icon-whatsapp elementor-repeater-item-75fd671\" href=\"https:\/\/wa.me\/7223740384\" target=\"_blank\">\n\t\t\t\t\t\t<span class=\"elementor-screen-only\">Whatsapp<\/span>\n\t\t\t\t\t\t<i class=\"fab fa-whatsapp\"><\/i>\t\t\t\t\t<\/a>\n\t\t\t\t<\/span>\n\t\t\t\t\t\t\t<span class=\"elementor-grid-item\">\n\t\t\t\t\t<a class=\"elementor-icon elementor-social-icon elementor-social-icon-instagram elementor-repeater-item-120da15\" href=\"https:\/\/www.instagram.com\/ximena_td?igsh=NGRsMjdkYW5nYmE5\" target=\"_blank\">\n\t\t\t\t\t\t<span class=\"elementor-screen-only\">Instagram<\/span>\n\t\t\t\t\t\t<i class=\"fab fa-instagram\"><\/i>\t\t\t\t\t<\/a>\n\t\t\t\t<\/span>\n\t\t\t\t\t<\/div>\n\t\t\t\t<\/div>\n\t\t\t\t<\/div>\n\t\t\t\t\t<\/div>\n\t\t<\/div>\n\t\t\t\t<div class=\"elementor-column elementor-col-33 elementor-top-column elementor-element elementor-element-2314f9b\" data-id=\"2314f9b\" data-element_type=\"column\">\n\t\t\t<div class=\"elementor-widget-wrap elementor-element-populated\">\n\t\t\t\t\t\t<div class=\"elementor-element elementor-element-97a6a4e elementor-widget elementor-widget-text-editor\" data-id=\"97a6a4e\" data-element_type=\"widget\" data-widget_type=\"text-editor.default\">\n\t\t\t\t<div class=\"elementor-widget-container\">\n\t\t\t\t\t\t\t<p>En el universo de <a href=\"https:\/\/matlasyntek.1704.org\/matlasyntek\/andromeda\/\"><strong>Andr\u00f3meda<\/strong>,<\/a> donde el amor desaf\u00eda las dimensiones y la est\u00e9tica psicod\u00e9lica se convierte en lenguaje visual, nace <strong>XTD Lencer\u00eda &amp; Corseter\u00eda<\/strong>. Un emprendimiento liderado por <strong>Ximena TD<\/strong>, quien con una visi\u00f3n audaz y provocadora, reinterpreta el concepto de sensualidad para convertirlo en una manifestaci\u00f3n de libertad y empoderamiento.<\/p><p>Cada pieza de <strong>XTD<\/strong> es una invitaci\u00f3n a explorar los l\u00edmites de tu cosmos interior. Desde bustiers y corsets sin copas, hasta bralettes, panties, ligueros, cinturillas y arneses, la marca ofrece una propuesta diversa y sofisticada que abraza tanto la delicadeza como la provocaci\u00f3n. Las batas y camisones completan una colecci\u00f3n pensada para quienes desean redescubrir el placer de vestir para s\u00ed mismas.<\/p>\t\t\t\t\t\t<\/div>\n\t\t\t\t<\/div>\n\t\t\t\t\t<\/div>\n\t\t<\/div>\n\t\t\t\t<div class=\"elementor-column elementor-col-33 elementor-top-column elementor-element elementor-element-afacda3\" data-id=\"afacda3\" data-element_type=\"column\">\n\t\t\t<div class=\"elementor-widget-wrap elementor-element-populated\">\n\t\t\t\t\t\t<div class=\"elementor-element elementor-element-fefb5b8 elementor-widget elementor-widget-text-editor\" data-id=\"fefb5b8\" data-element_type=\"widget\" data-widget_type=\"text-editor.default\">\n\t\t\t\t<div class=\"elementor-widget-container\">\n\t\t\t\t\t\t\t<p>\ud83c\udf19 <strong>Materiales para las Estrellas Rebeldes:<\/strong><br \/>Con una paleta de texturas que incluye <strong>mesh, encaje, vinipiel y piel<\/strong>, cada dise\u00f1o logra una fusi\u00f3n perfecta entre lo et\u00e9reo y lo provocador. Las piezas est\u00e1n disponibles en tallas que van de <strong>S a 2XL<\/strong>, para que cada cuerpo pueda lucir y sentir el poder de esta propuesta intergal\u00e1ctica.<\/p><p>\ud83d\udd2e <strong>La Est\u00e9tica del Amor Rebelde:<\/strong><br \/>El universo XTD est\u00e1 inspirado en el concepto de un <strong>amor psicotr\u00f3pico<\/strong>, una experiencia sensorial que trasciende clich\u00e9s rom\u00e1nticos para conectar con la esencia c\u00f3smica de cada individuo. Como en el viaje de Andr\u00f3meda, sus prendas simbolizan valent\u00eda y deseo, envueltos en una explosi\u00f3n de colores y texturas que evocan las galaxias.<\/p>\t\t\t\t\t\t<\/div>\n\t\t\t\t<\/div>\n\t\t\t\t\t<\/div>\n\t\t<\/div>\n\t\t\t\t\t<\/div>\n\t\t<\/section>\n\t\t\t\t<section class=\"elementor-section elementor-top-section elementor-element elementor-element-60997c7 elementor-section-boxed elementor-section-height-default elementor-section-height-default\" data-id=\"60997c7\" data-element_type=\"section\">\n\t\t\t\t\t\t<div class=\"elementor-container elementor-column-gap-default\">\n\t\t\t\t\t<div class=\"elementor-column elementor-col-50 elementor-top-column elementor-element elementor-element-e1959ab\" data-id=\"e1959ab\" data-element_type=\"column\">\n\t\t\t<div class=\"elementor-widget-wrap elementor-element-populated\">\n\t\t\t\t\t\t<div class=\"elementor-element elementor-element-ee136b8 elementor-widget elementor-widget-text-editor\" data-id=\"ee136b8\" data-element_type=\"widget\" data-widget_type=\"text-editor.default\">\n\t\t\t\t<div class=\"elementor-widget-container\">\n\t\t\t\t\t\t\t<p>\u2728 <strong>XTD te invita a:<\/strong><\/p><ul><li><strong>Despertar tu lado m\u00e1s aut\u00e9ntico y desafiante.<\/strong><\/li><li><strong>Vestir para conectar con tu propio cosmos.<\/strong><\/li><li><strong>Revolucionar el amor propio con piezas que hablan de libertad y rebeld\u00eda.<\/strong><\/li><\/ul><p>\u26a1 <strong>Para quienes desaf\u00edan las galaxias y escriben su historia con amor rebelde.<\/strong><br \/>\ud83e\udea9 <strong>Viaja hacia una dimensi\u00f3n donde la sensualidad es poder, estilo y revoluci\u00f3n.<\/strong><\/p>\t\t\t\t\t\t<\/div>\n\t\t\t\t<\/div>\n\t\t\t\t\t<\/div>\n\t\t<\/div>\n\t\t\t\t<div class=\"elementor-column elementor-col-50 elementor-top-column elementor-element elementor-element-7b0b3c9\" data-id=\"7b0b3c9\" data-element_type=\"column\">\n\t\t\t<div class=\"elementor-widget-wrap elementor-element-populated\">\n\t\t\t\t\t\t<div class=\"elementor-element elementor-element-421aa8d elementor-arrows-position-inside elementor-pagination-position-outside elementor-widget elementor-widget-image-carousel\" data-id=\"421aa8d\" data-element_type=\"widget\" data-settings=\"{&quot;navigation&quot;:&quot;both&quot;,&quot;autoplay&quot;:&quot;yes&quot;,&quot;pause_on_hover&quot;:&quot;yes&quot;,&quot;pause_on_interaction&quot;:&quot;yes&quot;,&quot;autoplay_speed&quot;:5000,&quot;infinite&quot;:&quot;yes&quot;,&quot;speed&quot;:500}\" data-widget_type=\"image-carousel.default\">\n\t\t\t\t<div class=\"elementor-widget-container\">\n\t\t\t\t\t<div class=\"elementor-image-carousel-wrapper swiper\" dir=\"ltr\">\n\t\t\t<div class=\"elementor-image-carousel swiper-wrapper\" aria-live=\"off\">\n\t\t\t\t\t\t\t\t<div class=\"swiper-slide\" role=\"group\" aria-roledescription=\"slide\" aria-label=\"1 de 6\"><figure class=\"swiper-slide-inner\"><img decoding=\"async\" class=\"swiper-slide-image\" src=\"https:\/\/matlasyntek.1704.org\/matlasyntek\/wp-content\/uploads\/2025\/01\/WhatsApp-Image-2025-01-30-at-2.52.32-PM-2.jpeg\" alt=\"WhatsApp Image 2025-01-30 at 2.52.32 PM (2)\" \/><\/figure><\/div><div class=\"swiper-slide\" role=\"group\" aria-roledescription=\"slide\" aria-label=\"2 de 6\"><figure class=\"swiper-slide-inner\"><img decoding=\"async\" class=\"swiper-slide-image\" src=\"https:\/\/matlasyntek.1704.org\/matlasyntek\/wp-content\/uploads\/2025\/01\/WhatsApp-Image-2025-01-30-at-2.52.32-PM-1.jpeg\" alt=\"WhatsApp Image 2025-01-30 at 2.52.32 PM (1)\" \/><\/figure><\/div><div class=\"swiper-slide\" role=\"group\" aria-roledescription=\"slide\" aria-label=\"3 de 6\"><figure class=\"swiper-slide-inner\"><img decoding=\"async\" class=\"swiper-slide-image\" src=\"https:\/\/matlasyntek.1704.org\/matlasyntek\/wp-content\/uploads\/2025\/01\/WhatsApp-Image-2025-01-30-at-2.52.32-PM.jpeg\" alt=\"WhatsApp Image 2025-01-30 at 2.52.32 PM\" \/><\/figure><\/div><div class=\"swiper-slide\" role=\"group\" aria-roledescription=\"slide\" aria-label=\"4 de 6\"><figure class=\"swiper-slide-inner\"><img decoding=\"async\" class=\"swiper-slide-image\" src=\"https:\/\/matlasyntek.1704.org\/matlasyntek\/wp-content\/uploads\/2025\/01\/WhatsApp-Image-2025-01-30-at-2.52.09-PM.jpeg\" alt=\"WhatsApp Image 2025-01-30 at 2.52.09 PM\" \/><\/figure><\/div><div class=\"swiper-slide\" role=\"group\" aria-roledescription=\"slide\" aria-label=\"5 de 6\"><figure class=\"swiper-slide-inner\"><img decoding=\"async\" class=\"swiper-slide-image\" src=\"https:\/\/matlasyntek.1704.org\/matlasyntek\/wp-content\/uploads\/2025\/01\/WhatsApp-Image-2025-01-30-at-2.52.08-PM-1.jpeg\" alt=\"WhatsApp Image 2025-01-30 at 2.52.08 PM (1)\" \/><\/figure><\/div><div class=\"swiper-slide\" role=\"group\" aria-roledescription=\"slide\" aria-label=\"6 de 6\"><figure class=\"swiper-slide-inner\"><img decoding=\"async\" class=\"swiper-slide-image\" src=\"https:\/\/matlasyntek.1704.org\/matlasyntek\/wp-content\/uploads\/2025\/01\/WhatsApp-Image-2025-01-30-at-2.52.08-PM.jpeg\" alt=\"WhatsApp Image 2025-01-30 at 2.52.08 PM\" \/><\/figure><\/div>\t\t\t<\/div>\n\t\t\t\t\t\t\t\t\t\t\t\t<div class=\"elementor-swiper-button elementor-swiper-button-prev\" role=\"button\" tabindex=\"0\">\n\t\t\t\t\t\t<i aria-hidden=\"true\" class=\"eicon-chevron-left\"><\/i>\t\t\t\t\t<\/div>\n\t\t\t\t\t<div class=\"elementor-swiper-button elementor-swiper-button-next\" role=\"button\" tabindex=\"0\">\n\t\t\t\t\t\t<i aria-hidden=\"true\" class=\"eicon-chevron-right\"><\/i>\t\t\t\t\t<\/div>\n\t\t\t\t\n\t\t\t\t\t\t\t\t\t<div class=\"swiper-pagination\"><\/div>\n\t\t\t\t\t\t\t\t\t<\/div>\n\t\t\t\t<\/div>\n\t\t\t\t<\/div>\n\t\t\t\t\t<\/div>\n\t\t<\/div>\n\t\t\t\t\t<\/div>\n\t\t<\/section>\n\t\t\t\t<\/div>\n\t\t","protected":false},"excerpt":{"rendered":"<p>conoce su trabajo Whatsapp Instagram En el universo de Andr\u00f3meda, donde el amor desaf\u00eda las dimensiones y la est\u00e9tica psicod\u00e9lica se convierte en lenguaje visual, nace XTD Lencer\u00eda &amp; Corseter\u00eda. Un emprendimiento liderado por Ximena TD, quien con una visi\u00f3n audaz y provocadora, reinterpreta el concepto de sensualidad para convertirlo en una manifestaci\u00f3n de libertad [&hellip;]<\/p>\n","protected":false},"author":1,"featured_media":0,"parent":0,"menu_order":0,"comment_status":"closed","ping_status":"closed","template":"","meta":{"footnotes":""},"class_list":["post-1200","page","type-page","status-publish","hentry"],"yoast_head":"<!-- This site is optimized with the Yoast SEO plugin v24.0 - https:\/\/yoast.com\/wordpress\/plugins\/seo\/ -->\n<title>Lencer\u00eda y corseter\u00eda XTD - Matlasyntek<\/title>\n<meta name=\"robots\" content=\"index, follow, max-snippet:-1, max-image-preview:large, max-video-preview:-1\" \/>\n<link rel=\"canonical\" href=\"https:\/\/matlasyntek.1704.org\/matlasyntek\/lenceria-y-corseteria-xtd\/\" \/>\n<meta property=\"og:locale\" content=\"es_MX\" \/>\n<meta property=\"og:type\" content=\"article\" \/>\n<meta property=\"og:title\" content=\"Lencer\u00eda y corseter\u00eda XTD - Matlasyntek\" \/>\n<meta property=\"og:description\" content=\"conoce su trabajo Whatsapp Instagram En el universo de Andr\u00f3meda, donde el amor desaf\u00eda las dimensiones y la est\u00e9tica psicod\u00e9lica se convierte en lenguaje visual, nace XTD Lencer\u00eda &amp; Corseter\u00eda. Un emprendimiento liderado por Ximena TD, quien con una visi\u00f3n audaz y provocadora, reinterpreta el concepto de sensualidad para convertirlo en una manifestaci\u00f3n de libertad [&hellip;]\" \/>\n<meta property=\"og:url\" content=\"https:\/\/matlasyntek.1704.org\/matlasyntek\/lenceria-y-corseteria-xtd\/\" \/>\n<meta property=\"og:site_name\" content=\"Matlasyntek\" \/>\n<meta property=\"article:modified_time\" content=\"2025-02-03T05:38:35+00:00\" \/>\n<meta property=\"og:image\" content=\"https:\/\/matlasyntek.1704.org\/matlasyntek\/wp-content\/uploads\/2025\/01\/WhatsApp-Image-2025-01-30-at-2.47.00-PM.jpeg\" \/>\n\t<meta property=\"og:image:width\" content=\"1080\" \/>\n\t<meta property=\"og:image:height\" content=\"1080\" \/>\n\t<meta property=\"og:image:type\" content=\"image\/jpeg\" \/>\n<meta name=\"twitter:card\" content=\"summary_large_image\" \/>\n<meta name=\"twitter:label1\" content=\"Tiempo de lectura\" \/>\n\t<meta name=\"twitter:data1\" content=\"4 minutos\" \/>\n<script type=\"application\/ld+json\" class=\"yoast-schema-graph\">{\"@context\":\"https:\/\/schema.org\",\"@graph\":[{\"@type\":\"WebPage\",\"@id\":\"https:\/\/matlasyntek.1704.org\/matlasyntek\/lenceria-y-corseteria-xtd\/\",\"url\":\"https:\/\/matlasyntek.1704.org\/matlasyntek\/lenceria-y-corseteria-xtd\/\",\"name\":\"Lencer\u00eda y corseter\u00eda XTD - Matlasyntek\",\"isPartOf\":{\"@id\":\"https:\/\/matlasyntek.1704.org\/matlasyntek\/#website\"},\"primaryImageOfPage\":{\"@id\":\"https:\/\/matlasyntek.1704.org\/matlasyntek\/lenceria-y-corseteria-xtd\/#primaryimage\"},\"image\":{\"@id\":\"https:\/\/matlasyntek.1704.org\/matlasyntek\/lenceria-y-corseteria-xtd\/#primaryimage\"},\"thumbnailUrl\":\"https:\/\/matlasyntek.1704.org\/matlasyntek\/wp-content\/uploads\/2025\/01\/WhatsApp-Image-2025-01-30-at-2.47.00-PM-1024x1024.jpeg\",\"datePublished\":\"2025-01-30T23:04:01+00:00\",\"dateModified\":\"2025-02-03T05:38:35+00:00\",\"breadcrumb\":{\"@id\":\"https:\/\/matlasyntek.1704.org\/matlasyntek\/lenceria-y-corseteria-xtd\/#breadcrumb\"},\"inLanguage\":\"es\",\"potentialAction\":[{\"@type\":\"ReadAction\",\"target\":[\"https:\/\/matlasyntek.1704.org\/matlasyntek\/lenceria-y-corseteria-xtd\/\"]}]},{\"@type\":\"ImageObject\",\"inLanguage\":\"es\",\"@id\":\"https:\/\/matlasyntek.1704.org\/matlasyntek\/lenceria-y-corseteria-xtd\/#primaryimage\",\"url\":\"https:\/\/matlasyntek.1704.org\/matlasyntek\/wp-content\/uploads\/2025\/01\/WhatsApp-Image-2025-01-30-at-2.47.00-PM.jpeg\",\"contentUrl\":\"https:\/\/matlasyntek.1704.org\/matlasyntek\/wp-content\/uploads\/2025\/01\/WhatsApp-Image-2025-01-30-at-2.47.00-PM.jpeg\",\"width\":1080,\"height\":1080},{\"@type\":\"BreadcrumbList\",\"@id\":\"https:\/\/matlasyntek.1704.org\/matlasyntek\/lenceria-y-corseteria-xtd\/#breadcrumb\",\"itemListElement\":[{\"@type\":\"ListItem\",\"position\":1,\"name\":\"Home\",\"item\":\"https:\/\/matlasyntek.1704.org\/matlasyntek\/\"},{\"@type\":\"ListItem\",\"position\":2,\"name\":\"Lencer\u00eda y corseter\u00eda XTD\"}]},{\"@type\":\"WebSite\",\"@id\":\"https:\/\/matlasyntek.1704.org\/matlasyntek\/#website\",\"url\":\"https:\/\/matlasyntek.1704.org\/matlasyntek\/\",\"name\":\"Matlasyntek\",\"description\":\"\",\"publisher\":{\"@id\":\"https:\/\/matlasyntek.1704.org\/matlasyntek\/#organization\"},\"potentialAction\":[{\"@type\":\"SearchAction\",\"target\":{\"@type\":\"EntryPoint\",\"urlTemplate\":\"https:\/\/matlasyntek.1704.org\/matlasyntek\/?s={search_term_string}\"},\"query-input\":{\"@type\":\"PropertyValueSpecification\",\"valueRequired\":true,\"valueName\":\"search_term_string\"}}],\"inLanguage\":\"es\"},{\"@type\":\"Organization\",\"@id\":\"https:\/\/matlasyntek.1704.org\/matlasyntek\/#organization\",\"name\":\"Matlasyntek\",\"url\":\"https:\/\/matlasyntek.1704.org\/matlasyntek\/\",\"logo\":{\"@type\":\"ImageObject\",\"inLanguage\":\"es\",\"@id\":\"https:\/\/matlasyntek.1704.org\/matlasyntek\/#\/schema\/logo\/image\/\",\"url\":\"https:\/\/matlasyntek.1704.org\/matlasyntek\/wp-content\/uploads\/2024\/12\/2Recurso-5.png\",\"contentUrl\":\"https:\/\/matlasyntek.1704.org\/matlasyntek\/wp-content\/uploads\/2024\/12\/2Recurso-5.png\",\"width\":719,\"height\":86,\"caption\":\"Matlasyntek\"},\"image\":{\"@id\":\"https:\/\/matlasyntek.1704.org\/matlasyntek\/#\/schema\/logo\/image\/\"}}]}<\/script>\n<!-- \/ Yoast SEO plugin. -->","yoast_head_json":{"title":"Lencer\u00eda y corseter\u00eda XTD - Matlasyntek","robots":{"index":"index","follow":"follow","max-snippet":"max-snippet:-1","max-image-preview":"max-image-preview:large","max-video-preview":"max-video-preview:-1"},"canonical":"https:\/\/matlasyntek.1704.org\/matlasyntek\/lenceria-y-corseteria-xtd\/","og_locale":"es_MX","og_type":"article","og_title":"Lencer\u00eda y corseter\u00eda XTD - Matlasyntek","og_description":"conoce su trabajo Whatsapp Instagram En el universo de Andr\u00f3meda, donde el amor desaf\u00eda las dimensiones y la est\u00e9tica psicod\u00e9lica se convierte en lenguaje visual, nace XTD Lencer\u00eda &amp; Corseter\u00eda. Un emprendimiento liderado por Ximena TD, quien con una visi\u00f3n audaz y provocadora, reinterpreta el concepto de sensualidad para convertirlo en una manifestaci\u00f3n de libertad [&hellip;]","og_url":"https:\/\/matlasyntek.1704.org\/matlasyntek\/lenceria-y-corseteria-xtd\/","og_site_name":"Matlasyntek","article_modified_time":"2025-02-03T05:38:35+00:00","og_image":[{"width":1080,"height":1080,"url":"https:\/\/matlasyntek.1704.org\/matlasyntek\/wp-content\/uploads\/2025\/01\/WhatsApp-Image-2025-01-30-at-2.47.00-PM.jpeg","type":"image\/jpeg"}],"twitter_card":"summary_large_image","twitter_misc":{"Tiempo de lectura":"4 minutos"},"schema":{"@context":"https:\/\/schema.org","@graph":[{"@type":"WebPage","@id":"https:\/\/matlasyntek.1704.org\/matlasyntek\/lenceria-y-corseteria-xtd\/","url":"https:\/\/matlasyntek.1704.org\/matlasyntek\/lenceria-y-corseteria-xtd\/","name":"Lencer\u00eda y corseter\u00eda XTD - Matlasyntek","isPartOf":{"@id":"https:\/\/matlasyntek.1704.org\/matlasyntek\/#website"},"primaryImageOfPage":{"@id":"https:\/\/matlasyntek.1704.org\/matlasyntek\/lenceria-y-corseteria-xtd\/#primaryimage"},"image":{"@id":"https:\/\/matlasyntek.1704.org\/matlasyntek\/lenceria-y-corseteria-xtd\/#primaryimage"},"thumbnailUrl":"https:\/\/matlasyntek.1704.org\/matlasyntek\/wp-content\/uploads\/2025\/01\/WhatsApp-Image-2025-01-30-at-2.47.00-PM-1024x1024.jpeg","datePublished":"2025-01-30T23:04:01+00:00","dateModified":"2025-02-03T05:38:35+00:00","breadcrumb":{"@id":"https:\/\/matlasyntek.1704.org\/matlasyntek\/lenceria-y-corseteria-xtd\/#breadcrumb"},"inLanguage":"es","potentialAction":[{"@type":"ReadAction","target":["https:\/\/matlasyntek.1704.org\/matlasyntek\/lenceria-y-corseteria-xtd\/"]}]},{"@type":"ImageObject","inLanguage":"es","@id":"https:\/\/matlasyntek.1704.org\/matlasyntek\/lenceria-y-corseteria-xtd\/#primaryimage","url":"https:\/\/matlasyntek.1704.org\/matlasyntek\/wp-content\/uploads\/2025\/01\/WhatsApp-Image-2025-01-30-at-2.47.00-PM.jpeg","contentUrl":"https:\/\/matlasyntek.1704.org\/matlasyntek\/wp-content\/uploads\/2025\/01\/WhatsApp-Image-2025-01-30-at-2.47.00-PM.jpeg","width":1080,"height":1080},{"@type":"BreadcrumbList","@id":"https:\/\/matlasyntek.1704.org\/matlasyntek\/lenceria-y-corseteria-xtd\/#breadcrumb","itemListElement":[{"@type":"ListItem","position":1,"name":"Home","item":"https:\/\/matlasyntek.1704.org\/matlasyntek\/"},{"@type":"ListItem","position":2,"name":"Lencer\u00eda y corseter\u00eda XTD"}]},{"@type":"WebSite","@id":"https:\/\/matlasyntek.1704.org\/matlasyntek\/#website","url":"https:\/\/matlasyntek.1704.org\/matlasyntek\/","name":"Matlasyntek","description":"","publisher":{"@id":"https:\/\/matlasyntek.1704.org\/matlasyntek\/#organization"},"potentialAction":[{"@type":"SearchAction","target":{"@type":"EntryPoint","urlTemplate":"https:\/\/matlasyntek.1704.org\/matlasyntek\/?s={search_term_string}"},"query-input":{"@type":"PropertyValueSpecification","valueRequired":true,"valueName":"search_term_string"}}],"inLanguage":"es"},{"@type":"Organization","@id":"https:\/\/matlasyntek.1704.org\/matlasyntek\/#organization","name":"Matlasyntek","url":"https:\/\/matlasyntek.1704.org\/matlasyntek\/","logo":{"@type":"ImageObject","inLanguage":"es","@id":"https:\/\/matlasyntek.1704.org\/matlasyntek\/#\/schema\/logo\/image\/","url":"https:\/\/matlasyntek.1704.org\/matlasyntek\/wp-content\/uploads\/2024\/12\/2Recurso-5.png","contentUrl":"https:\/\/matlasyntek.1704.org\/matlasyntek\/wp-content\/uploads\/2024\/12\/2Recurso-5.png","width":719,"height":86,"caption":"Matlasyntek"},"image":{"@id":"https:\/\/matlasyntek.1704.org\/matlasyntek\/#\/schema\/logo\/image\/"}}]}},"_links":{"self":[{"href":"https:\/\/matlasyntek.1704.org\/matlasyntek\/wp-json\/wp\/v2\/pages\/1200","targetHints":{"allow":["GET"]}}],"collection":[{"href":"https:\/\/matlasyntek.1704.org\/matlasyntek\/wp-json\/wp\/v2\/pages"}],"about":[{"href":"https:\/\/matlasyntek.1704.org\/matlasyntek\/wp-json\/wp\/v2\/types\/page"}],"author":[{"embeddable":true,"href":"https:\/\/matlasyntek.1704.org\/matlasyntek\/wp-json\/wp\/v2\/users\/1"}],"replies":[{"embeddable":true,"href":"https:\/\/matlasyntek.1704.org\/matlasyntek\/wp-json\/wp\/v2\/comments?post=1200"}],"version-history":[{"count":15,"href":"https:\/\/matlasyntek.1704.org\/matlasyntek\/wp-json\/wp\/v2\/pages\/1200\/revisions"}],"predecessor-version":[{"id":1240,"href":"https:\/\/matlasyntek.1704.org\/matlasyntek\/wp-json\/wp\/v2\/pages\/1200\/revisions\/1240"}],"wp:attachment":[{"href":"https:\/\/matlasyntek.1704.org\/matlasyntek\/wp-json\/wp\/v2\/media?parent=1200"}],"curies":[{"name":"wp","href":"https:\/\/api.w.org\/{rel}","templated":true}]}}