{"id":1258,"date":"2025-02-03T20:22:35","date_gmt":"2025-02-03T20:22:35","guid":{"rendered":"https:\/\/matlasyntek.1704.org\/matlasyntek\/?page_id=1258"},"modified":"2025-02-03T21:50:39","modified_gmt":"2025-02-03T21:50:39","slug":"producciones-imperio-azteka","status":"publish","type":"page","link":"https:\/\/matlasyntek.1704.org\/matlasyntek\/producciones-imperio-azteka\/","title":{"rendered":"Producciones Imperio Azteka"},"content":{"rendered":"\t\t<div data-elementor-type=\"wp-page\" data-elementor-id=\"1258\" class=\"elementor elementor-1258\" data-elementor-post-type=\"page\">\n\t\t\t\t\t\t<section class=\"elementor-section elementor-top-section elementor-element elementor-element-54baf94 elementor-section-boxed elementor-section-height-default elementor-section-height-default\" data-id=\"54baf94\" data-element_type=\"section\">\n\t\t\t\t\t\t<div class=\"elementor-container elementor-column-gap-default\">\n\t\t\t\t\t<div class=\"elementor-column elementor-col-100 elementor-top-column elementor-element elementor-element-3898122\" data-id=\"3898122\" data-element_type=\"column\">\n\t\t\t<div class=\"elementor-widget-wrap elementor-element-populated\">\n\t\t\t\t\t\t<div class=\"elementor-element elementor-element-01a288c elementor-widget elementor-widget-tp-heading-animation\" data-id=\"01a288c\" data-element_type=\"widget\" data-widget_type=\"tp-heading-animation.default\">\n\t\t\t\t<div class=\"elementor-widget-container\">\n\t\t\t<style>.heading-animation6a03106166a18 .pt-plus-cd-headline.loading-bar .cd-words-wrapper::after{}<\/style><div class=\"pt-plus-heading-animation heading-animation head-anim-style-1  heading-animation6a03106166a18\"  ><h3 class=\"pt-plus-cd-headline letters type\" ><span class=\"cd-words-wrapper waiting\" style=\"\"><b  class=\"is-visible\"> Producciones Imperio AZTEKA<\/b><\/span><\/h3><\/div>\t\t<\/div>\n\t\t\t\t<\/div>\n\t\t\t\t\t<\/div>\n\t\t<\/div>\n\t\t\t\t\t<\/div>\n\t\t<\/section>\n\t\t\t\t<section class=\"elementor-section elementor-top-section elementor-element elementor-element-c2dd00c elementor-section-boxed elementor-section-height-default elementor-section-height-default\" data-id=\"c2dd00c\" data-element_type=\"section\">\n\t\t\t\t\t\t<div class=\"elementor-container elementor-column-gap-default\">\n\t\t\t\t\t<div class=\"elementor-column elementor-col-50 elementor-top-column elementor-element elementor-element-cf41d21\" data-id=\"cf41d21\" data-element_type=\"column\">\n\t\t\t<div class=\"elementor-widget-wrap elementor-element-populated\">\n\t\t\t\t\t\t<div class=\"elementor-element elementor-element-9495147 elementor-widget elementor-widget-image\" data-id=\"9495147\" data-element_type=\"widget\" data-widget_type=\"image.default\">\n\t\t\t\t<div class=\"elementor-widget-container\">\n\t\t\t\t\t\t\t\t\t\t\t\t\t<img fetchpriority=\"high\" decoding=\"async\" width=\"500\" height=\"500\" src=\"https:\/\/matlasyntek.1704.org\/matlasyntek\/wp-content\/uploads\/2025\/02\/Picsart_23-11-15_22-36-36-192.jpg\" class=\"attachment-large size-large wp-image-1254\" alt=\"\" srcset=\"https:\/\/matlasyntek.1704.org\/matlasyntek\/wp-content\/uploads\/2025\/02\/Picsart_23-11-15_22-36-36-192.jpg 500w, https:\/\/matlasyntek.1704.org\/matlasyntek\/wp-content\/uploads\/2025\/02\/Picsart_23-11-15_22-36-36-192-300x300.jpg 300w, https:\/\/matlasyntek.1704.org\/matlasyntek\/wp-content\/uploads\/2025\/02\/Picsart_23-11-15_22-36-36-192-150x150.jpg 150w\" sizes=\"(max-width: 500px) 100vw, 500px\" \/>\t\t\t\t\t\t\t\t\t\t\t\t\t<\/div>\n\t\t\t\t<\/div>\n\t\t\t\t\t<\/div>\n\t\t<\/div>\n\t\t\t\t<div class=\"elementor-column elementor-col-50 elementor-top-column elementor-element elementor-element-6288995\" data-id=\"6288995\" data-element_type=\"column\">\n\t\t\t<div class=\"elementor-widget-wrap elementor-element-populated\">\n\t\t\t\t\t\t<div class=\"elementor-element elementor-element-5f45949 elementor-widget elementor-widget-text-editor\" data-id=\"5f45949\" data-element_type=\"widget\" data-widget_type=\"text-editor.default\">\n\t\t\t\t<div class=\"elementor-widget-container\">\n\t\t\t\t\t\t\t<h4><strong>Imperio Azteka: Donde el Sonido se Convierte en Experiencia<\/strong><\/h4><p>En el coraz\u00f3n del espect\u00e1culo y la m\u00fasica de <strong>Andr\u00f3meda<\/strong>, <strong>Bryan Altamirano<\/strong> y su equipo de <strong>Imperio Azteka<\/strong> traen m\u00e1s de una d\u00e9cada de experiencia garantizando que cada evento vibre con una calidad de audio impecable y una iluminaci\u00f3n deslumbrante.<\/p><p>Nacido en la efervescente CDMX, <strong>Imperio Azteka<\/strong> ha dejado huella en el \u00e1mbito del entretenimiento, especializ\u00e1ndose en la sonorizaci\u00f3n de eventos de todo tipo: desde raves y festivales hasta reuniones \u00edntimas y performances de gran escala. Su compromiso no solo radica en ofrecer tecnolog\u00eda de punta, sino en crear experiencias memorables que resuenen en el alma de los asistentes.<\/p>\t\t\t\t\t\t<\/div>\n\t\t\t\t<\/div>\n\t\t\t\t\t<\/div>\n\t\t<\/div>\n\t\t\t\t\t<\/div>\n\t\t<\/section>\n\t\t\t\t<section class=\"elementor-section elementor-top-section elementor-element elementor-element-1b14dd5 elementor-section-boxed elementor-section-height-default elementor-section-height-default\" data-id=\"1b14dd5\" data-element_type=\"section\">\n\t\t\t\t\t\t<div class=\"elementor-container elementor-column-gap-default\">\n\t\t\t\t\t<div class=\"elementor-column elementor-col-33 elementor-top-column elementor-element elementor-element-b53385a\" data-id=\"b53385a\" data-element_type=\"column\">\n\t\t\t<div class=\"elementor-widget-wrap elementor-element-populated\">\n\t\t\t\t\t\t<div class=\"elementor-element elementor-element-ea959b1 elementor-widget elementor-widget-text-editor\" data-id=\"ea959b1\" data-element_type=\"widget\" data-widget_type=\"text-editor.default\">\n\t\t\t\t<div class=\"elementor-widget-container\">\n\t\t\t\t\t\t\t<p>\ud83d\udd0a <strong>Un Legado de Sonido:<\/strong> M\u00e1s de 10 a\u00f1os de trayectoria respaldan su excelencia, durante los cuales han trabajado con exponentes destacados como:<br \/>\ud83c\udfb6 <strong>Dj Foxy<\/strong> \u2013 Set cargado de ritmos envolventes<br \/>\ud83c\udfb6 <strong>Un Flamingo en Tutu<\/strong> \u2013 Propuesta vibrante y \u00fanica<br \/>\ud83c\udfb6 <strong>Dam Dam<\/strong> \u2013 Beats innovadores que hacen latir al p\u00fablico<br \/>\ud83c\udfb6 <strong>Daniel Mart\u00ednez, TBX, Cachorra y Papito Chakalito<\/strong>, entre otros grandes artistas<\/p>\t\t\t\t\t\t<\/div>\n\t\t\t\t<\/div>\n\t\t\t\t\t<\/div>\n\t\t<\/div>\n\t\t\t\t<div class=\"elementor-column elementor-col-33 elementor-top-column elementor-element elementor-element-a1e6a67\" data-id=\"a1e6a67\" data-element_type=\"column\">\n\t\t\t<div class=\"elementor-widget-wrap elementor-element-populated\">\n\t\t\t\t\t\t<div class=\"elementor-element elementor-element-ffb57c5 elementor-widget elementor-widget-text-editor\" data-id=\"ffb57c5\" data-element_type=\"widget\" data-widget_type=\"text-editor.default\">\n\t\t\t\t<div class=\"elementor-widget-container\">\n\t\t\t\t\t\t\t<p>\ud83d\udca1 <strong>Iluminaci\u00f3n que Da Vida:<\/strong> Cada presentaci\u00f3n cobra una nueva dimensi\u00f3n con los juegos de luces dise\u00f1ados para impactar, emocionando y cautivando al p\u00fablico.<\/p><p>Su misi\u00f3n es clara: <strong>convertirse en el servicio de audio favorito en las zonas locales, brindando calidad y pasi\u00f3n en cada proyecto.<\/strong><\/p><p>\ud83c\udfb6 <strong>En Andr\u00f3meda, Imperio Azteka elevar\u00e1 cada beat a su m\u00e1xima potencia.<\/strong> \u00a1No te pierdas la oportunidad de vivir esta experiencia sensorial al l\u00edmite!<\/p>\t\t\t\t\t\t<\/div>\n\t\t\t\t<\/div>\n\t\t\t\t\t<\/div>\n\t\t<\/div>\n\t\t\t\t<div class=\"elementor-column elementor-col-33 elementor-top-column elementor-element elementor-element-ac950d6\" data-id=\"ac950d6\" data-element_type=\"column\">\n\t\t\t<div class=\"elementor-widget-wrap elementor-element-populated\">\n\t\t\t\t\t\t<div class=\"elementor-element elementor-element-1d2a8ac elementor-arrows-position-inside elementor-pagination-position-outside elementor-widget elementor-widget-image-carousel\" data-id=\"1d2a8ac\" data-element_type=\"widget\" data-settings=\"{&quot;navigation&quot;:&quot;both&quot;,&quot;autoplay&quot;:&quot;yes&quot;,&quot;pause_on_hover&quot;:&quot;yes&quot;,&quot;pause_on_interaction&quot;:&quot;yes&quot;,&quot;autoplay_speed&quot;:5000,&quot;infinite&quot;:&quot;yes&quot;,&quot;speed&quot;:500}\" data-widget_type=\"image-carousel.default\">\n\t\t\t\t<div class=\"elementor-widget-container\">\n\t\t\t\t\t<div class=\"elementor-image-carousel-wrapper swiper\" dir=\"ltr\">\n\t\t\t<div class=\"elementor-image-carousel swiper-wrapper\" aria-live=\"off\">\n\t\t\t\t\t\t\t\t<div class=\"swiper-slide\" role=\"group\" aria-roledescription=\"slide\" aria-label=\"1 de 3\"><figure class=\"swiper-slide-inner\"><img decoding=\"async\" class=\"swiper-slide-image\" src=\"https:\/\/matlasyntek.1704.org\/matlasyntek\/wp-content\/uploads\/2025\/02\/WhatsApp-Image-2025-01-28-at-9.10.00-AM-2-scaled.jpeg\" alt=\"WhatsApp Image 2025-01-28 at 9.10.00 AM (2)\" \/><\/figure><\/div><div class=\"swiper-slide\" role=\"group\" aria-roledescription=\"slide\" aria-label=\"2 de 3\"><figure class=\"swiper-slide-inner\"><img decoding=\"async\" class=\"swiper-slide-image\" src=\"https:\/\/matlasyntek.1704.org\/matlasyntek\/wp-content\/uploads\/2025\/02\/WhatsApp-Image-2025-01-28-at-9.10.00-AM-1-scaled.jpeg\" alt=\"WhatsApp Image 2025-01-28 at 9.10.00 AM (1)\" \/><\/figure><\/div><div class=\"swiper-slide\" role=\"group\" aria-roledescription=\"slide\" aria-label=\"3 de 3\"><figure class=\"swiper-slide-inner\"><img decoding=\"async\" class=\"swiper-slide-image\" src=\"https:\/\/matlasyntek.1704.org\/matlasyntek\/wp-content\/uploads\/2025\/02\/WhatsApp-Image-2025-01-28-at-9.10.00-AM-scaled.jpeg\" alt=\"WhatsApp Image 2025-01-28 at 9.10.00 AM\" \/><\/figure><\/div>\t\t\t<\/div>\n\t\t\t\t\t\t\t\t\t\t\t\t<div class=\"elementor-swiper-button elementor-swiper-button-prev\" role=\"button\" tabindex=\"0\">\n\t\t\t\t\t\t<i aria-hidden=\"true\" class=\"eicon-chevron-left\"><\/i>\t\t\t\t\t<\/div>\n\t\t\t\t\t<div class=\"elementor-swiper-button elementor-swiper-button-next\" role=\"button\" tabindex=\"0\">\n\t\t\t\t\t\t<i aria-hidden=\"true\" class=\"eicon-chevron-right\"><\/i>\t\t\t\t\t<\/div>\n\t\t\t\t\n\t\t\t\t\t\t\t\t\t<div class=\"swiper-pagination\"><\/div>\n\t\t\t\t\t\t\t\t\t<\/div>\n\t\t\t\t<\/div>\n\t\t\t\t<\/div>\n\t\t\t\t<div class=\"elementor-element elementor-element-cb14996 elementor-align-center elementor-widget elementor-widget-button\" data-id=\"cb14996\" data-element_type=\"widget\" data-widget_type=\"button.default\">\n\t\t\t\t<div class=\"elementor-widget-container\">\n\t\t\t\t\t\t\t<div class=\"elementor-button-wrapper\">\n\t\t\t\t\t<a class=\"elementor-button elementor-button-link elementor-size-sm\" href=\"https:\/\/wa.me\/5551729003?text=Hola,%20vi%20tu%20presencia%20en%20la%20p%C3%A1gina%20de%20matlasyntek%20y%20quisiera%20cotizar%20tus%20servicios\">\n\t\t\t\t\t\t<span class=\"elementor-button-content-wrapper\">\n\t\t\t\t\t\t\t\t\t<span class=\"elementor-button-text\">cotiza sus servicios<\/span>\n\t\t\t\t\t<\/span>\n\t\t\t\t\t<\/a>\n\t\t\t\t<\/div>\n\t\t\t\t\t\t<\/div>\n\t\t\t\t<\/div>\n\t\t\t\t\t<\/div>\n\t\t<\/div>\n\t\t\t\t\t<\/div>\n\t\t<\/section>\n\t\t\t\t<\/div>\n\t\t","protected":false},"excerpt":{"rendered":"<p>Producciones Imperio AZTEKA Imperio Azteka: Donde el Sonido se Convierte en Experiencia En el coraz\u00f3n del espect\u00e1culo y la m\u00fasica de Andr\u00f3meda, Bryan Altamirano y su equipo de Imperio Azteka traen m\u00e1s de una d\u00e9cada de experiencia garantizando que cada evento vibre con una calidad de audio impecable y una iluminaci\u00f3n deslumbrante. Nacido en la [&hellip;]<\/p>\n","protected":false},"author":1,"featured_media":0,"parent":0,"menu_order":0,"comment_status":"closed","ping_status":"closed","template":"","meta":{"footnotes":""},"class_list":["post-1258","page","type-page","status-publish","hentry"],"yoast_head":"<!-- This site is optimized with the Yoast SEO plugin v24.0 - https:\/\/yoast.com\/wordpress\/plugins\/seo\/ -->\n<title>Producciones Imperio Azteka - Matlasyntek<\/title>\n<meta name=\"robots\" content=\"index, follow, max-snippet:-1, max-image-preview:large, max-video-preview:-1\" \/>\n<link rel=\"canonical\" href=\"https:\/\/matlasyntek.1704.org\/matlasyntek\/producciones-imperio-azteka\/\" \/>\n<meta property=\"og:locale\" content=\"es_MX\" \/>\n<meta property=\"og:type\" content=\"article\" \/>\n<meta property=\"og:title\" content=\"Producciones Imperio Azteka - Matlasyntek\" \/>\n<meta property=\"og:description\" content=\"Producciones Imperio AZTEKA Imperio Azteka: Donde el Sonido se Convierte en Experiencia En el coraz\u00f3n del espect\u00e1culo y la m\u00fasica de Andr\u00f3meda, Bryan Altamirano y su equipo de Imperio Azteka traen m\u00e1s de una d\u00e9cada de experiencia garantizando que cada evento vibre con una calidad de audio impecable y una iluminaci\u00f3n deslumbrante. Nacido en la [&hellip;]\" \/>\n<meta property=\"og:url\" content=\"https:\/\/matlasyntek.1704.org\/matlasyntek\/producciones-imperio-azteka\/\" \/>\n<meta property=\"og:site_name\" content=\"Matlasyntek\" \/>\n<meta property=\"article:modified_time\" content=\"2025-02-03T21:50:39+00:00\" \/>\n<meta property=\"og:image\" content=\"https:\/\/matlasyntek.1704.org\/matlasyntek\/wp-content\/uploads\/2025\/02\/Picsart_23-11-15_22-36-36-192.jpg\" \/>\n\t<meta property=\"og:image:width\" content=\"500\" \/>\n\t<meta property=\"og:image:height\" content=\"500\" \/>\n\t<meta property=\"og:image:type\" content=\"image\/jpeg\" \/>\n<meta name=\"twitter:card\" content=\"summary_large_image\" \/>\n<meta name=\"twitter:label1\" content=\"Tiempo de lectura\" \/>\n\t<meta name=\"twitter:data1\" content=\"4 minutos\" \/>\n<script type=\"application\/ld+json\" class=\"yoast-schema-graph\">{\"@context\":\"https:\/\/schema.org\",\"@graph\":[{\"@type\":\"WebPage\",\"@id\":\"https:\/\/matlasyntek.1704.org\/matlasyntek\/producciones-imperio-azteka\/\",\"url\":\"https:\/\/matlasyntek.1704.org\/matlasyntek\/producciones-imperio-azteka\/\",\"name\":\"Producciones Imperio Azteka - Matlasyntek\",\"isPartOf\":{\"@id\":\"https:\/\/matlasyntek.1704.org\/matlasyntek\/#website\"},\"primaryImageOfPage\":{\"@id\":\"https:\/\/matlasyntek.1704.org\/matlasyntek\/producciones-imperio-azteka\/#primaryimage\"},\"image\":{\"@id\":\"https:\/\/matlasyntek.1704.org\/matlasyntek\/producciones-imperio-azteka\/#primaryimage\"},\"thumbnailUrl\":\"https:\/\/matlasyntek.1704.org\/matlasyntek\/wp-content\/uploads\/2025\/02\/Picsart_23-11-15_22-36-36-192.jpg\",\"datePublished\":\"2025-02-03T20:22:35+00:00\",\"dateModified\":\"2025-02-03T21:50:39+00:00\",\"breadcrumb\":{\"@id\":\"https:\/\/matlasyntek.1704.org\/matlasyntek\/producciones-imperio-azteka\/#breadcrumb\"},\"inLanguage\":\"es\",\"potentialAction\":[{\"@type\":\"ReadAction\",\"target\":[\"https:\/\/matlasyntek.1704.org\/matlasyntek\/producciones-imperio-azteka\/\"]}]},{\"@type\":\"ImageObject\",\"inLanguage\":\"es\",\"@id\":\"https:\/\/matlasyntek.1704.org\/matlasyntek\/producciones-imperio-azteka\/#primaryimage\",\"url\":\"https:\/\/matlasyntek.1704.org\/matlasyntek\/wp-content\/uploads\/2025\/02\/Picsart_23-11-15_22-36-36-192.jpg\",\"contentUrl\":\"https:\/\/matlasyntek.1704.org\/matlasyntek\/wp-content\/uploads\/2025\/02\/Picsart_23-11-15_22-36-36-192.jpg\",\"width\":500,\"height\":500,\"caption\":\"{\\\"remix_data\\\":[],\\\"remix_entry_point\\\":\\\"challenges\\\",\\\"source_tags\\\":[],\\\"origin\\\":\\\"unknown\\\",\\\"total_draw_time\\\":0,\\\"total_draw_actions\\\":0,\\\"layers_used\\\":0,\\\"brushes_used\\\":0,\\\"photos_added\\\":0,\\\"total_editor_actions\\\":{},\\\"tools_used\\\":{},\\\"is_sticker\\\":false,\\\"edited_since_last_sticker_save\\\":false,\\\"containsFTESticker\\\":false}\"},{\"@type\":\"BreadcrumbList\",\"@id\":\"https:\/\/matlasyntek.1704.org\/matlasyntek\/producciones-imperio-azteka\/#breadcrumb\",\"itemListElement\":[{\"@type\":\"ListItem\",\"position\":1,\"name\":\"Home\",\"item\":\"https:\/\/matlasyntek.1704.org\/matlasyntek\/\"},{\"@type\":\"ListItem\",\"position\":2,\"name\":\"Producciones Imperio Azteka\"}]},{\"@type\":\"WebSite\",\"@id\":\"https:\/\/matlasyntek.1704.org\/matlasyntek\/#website\",\"url\":\"https:\/\/matlasyntek.1704.org\/matlasyntek\/\",\"name\":\"Matlasyntek\",\"description\":\"\",\"publisher\":{\"@id\":\"https:\/\/matlasyntek.1704.org\/matlasyntek\/#organization\"},\"potentialAction\":[{\"@type\":\"SearchAction\",\"target\":{\"@type\":\"EntryPoint\",\"urlTemplate\":\"https:\/\/matlasyntek.1704.org\/matlasyntek\/?s={search_term_string}\"},\"query-input\":{\"@type\":\"PropertyValueSpecification\",\"valueRequired\":true,\"valueName\":\"search_term_string\"}}],\"inLanguage\":\"es\"},{\"@type\":\"Organization\",\"@id\":\"https:\/\/matlasyntek.1704.org\/matlasyntek\/#organization\",\"name\":\"Matlasyntek\",\"url\":\"https:\/\/matlasyntek.1704.org\/matlasyntek\/\",\"logo\":{\"@type\":\"ImageObject\",\"inLanguage\":\"es\",\"@id\":\"https:\/\/matlasyntek.1704.org\/matlasyntek\/#\/schema\/logo\/image\/\",\"url\":\"https:\/\/matlasyntek.1704.org\/matlasyntek\/wp-content\/uploads\/2024\/12\/2Recurso-5.png\",\"contentUrl\":\"https:\/\/matlasyntek.1704.org\/matlasyntek\/wp-content\/uploads\/2024\/12\/2Recurso-5.png\",\"width\":719,\"height\":86,\"caption\":\"Matlasyntek\"},\"image\":{\"@id\":\"https:\/\/matlasyntek.1704.org\/matlasyntek\/#\/schema\/logo\/image\/\"}}]}<\/script>\n<!-- \/ Yoast SEO plugin. -->","yoast_head_json":{"title":"Producciones Imperio Azteka - Matlasyntek","robots":{"index":"index","follow":"follow","max-snippet":"max-snippet:-1","max-image-preview":"max-image-preview:large","max-video-preview":"max-video-preview:-1"},"canonical":"https:\/\/matlasyntek.1704.org\/matlasyntek\/producciones-imperio-azteka\/","og_locale":"es_MX","og_type":"article","og_title":"Producciones Imperio Azteka - Matlasyntek","og_description":"Producciones Imperio AZTEKA Imperio Azteka: Donde el Sonido se Convierte en Experiencia En el coraz\u00f3n del espect\u00e1culo y la m\u00fasica de Andr\u00f3meda, Bryan Altamirano y su equipo de Imperio Azteka traen m\u00e1s de una d\u00e9cada de experiencia garantizando que cada evento vibre con una calidad de audio impecable y una iluminaci\u00f3n deslumbrante. Nacido en la [&hellip;]","og_url":"https:\/\/matlasyntek.1704.org\/matlasyntek\/producciones-imperio-azteka\/","og_site_name":"Matlasyntek","article_modified_time":"2025-02-03T21:50:39+00:00","og_image":[{"width":500,"height":500,"url":"https:\/\/matlasyntek.1704.org\/matlasyntek\/wp-content\/uploads\/2025\/02\/Picsart_23-11-15_22-36-36-192.jpg","type":"image\/jpeg"}],"twitter_card":"summary_large_image","twitter_misc":{"Tiempo de lectura":"4 minutos"},"schema":{"@context":"https:\/\/schema.org","@graph":[{"@type":"WebPage","@id":"https:\/\/matlasyntek.1704.org\/matlasyntek\/producciones-imperio-azteka\/","url":"https:\/\/matlasyntek.1704.org\/matlasyntek\/producciones-imperio-azteka\/","name":"Producciones Imperio Azteka - Matlasyntek","isPartOf":{"@id":"https:\/\/matlasyntek.1704.org\/matlasyntek\/#website"},"primaryImageOfPage":{"@id":"https:\/\/matlasyntek.1704.org\/matlasyntek\/producciones-imperio-azteka\/#primaryimage"},"image":{"@id":"https:\/\/matlasyntek.1704.org\/matlasyntek\/producciones-imperio-azteka\/#primaryimage"},"thumbnailUrl":"https:\/\/matlasyntek.1704.org\/matlasyntek\/wp-content\/uploads\/2025\/02\/Picsart_23-11-15_22-36-36-192.jpg","datePublished":"2025-02-03T20:22:35+00:00","dateModified":"2025-02-03T21:50:39+00:00","breadcrumb":{"@id":"https:\/\/matlasyntek.1704.org\/matlasyntek\/producciones-imperio-azteka\/#breadcrumb"},"inLanguage":"es","potentialAction":[{"@type":"ReadAction","target":["https:\/\/matlasyntek.1704.org\/matlasyntek\/producciones-imperio-azteka\/"]}]},{"@type":"ImageObject","inLanguage":"es","@id":"https:\/\/matlasyntek.1704.org\/matlasyntek\/producciones-imperio-azteka\/#primaryimage","url":"https:\/\/matlasyntek.1704.org\/matlasyntek\/wp-content\/uploads\/2025\/02\/Picsart_23-11-15_22-36-36-192.jpg","contentUrl":"https:\/\/matlasyntek.1704.org\/matlasyntek\/wp-content\/uploads\/2025\/02\/Picsart_23-11-15_22-36-36-192.jpg","width":500,"height":500,"caption":"{\"remix_data\":[],\"remix_entry_point\":\"challenges\",\"source_tags\":[],\"origin\":\"unknown\",\"total_draw_time\":0,\"total_draw_actions\":0,\"layers_used\":0,\"brushes_used\":0,\"photos_added\":0,\"total_editor_actions\":{},\"tools_used\":{},\"is_sticker\":false,\"edited_since_last_sticker_save\":false,\"containsFTESticker\":false}"},{"@type":"BreadcrumbList","@id":"https:\/\/matlasyntek.1704.org\/matlasyntek\/producciones-imperio-azteka\/#breadcrumb","itemListElement":[{"@type":"ListItem","position":1,"name":"Home","item":"https:\/\/matlasyntek.1704.org\/matlasyntek\/"},{"@type":"ListItem","position":2,"name":"Producciones Imperio Azteka"}]},{"@type":"WebSite","@id":"https:\/\/matlasyntek.1704.org\/matlasyntek\/#website","url":"https:\/\/matlasyntek.1704.org\/matlasyntek\/","name":"Matlasyntek","description":"","publisher":{"@id":"https:\/\/matlasyntek.1704.org\/matlasyntek\/#organization"},"potentialAction":[{"@type":"SearchAction","target":{"@type":"EntryPoint","urlTemplate":"https:\/\/matlasyntek.1704.org\/matlasyntek\/?s={search_term_string}"},"query-input":{"@type":"PropertyValueSpecification","valueRequired":true,"valueName":"search_term_string"}}],"inLanguage":"es"},{"@type":"Organization","@id":"https:\/\/matlasyntek.1704.org\/matlasyntek\/#organization","name":"Matlasyntek","url":"https:\/\/matlasyntek.1704.org\/matlasyntek\/","logo":{"@type":"ImageObject","inLanguage":"es","@id":"https:\/\/matlasyntek.1704.org\/matlasyntek\/#\/schema\/logo\/image\/","url":"https:\/\/matlasyntek.1704.org\/matlasyntek\/wp-content\/uploads\/2024\/12\/2Recurso-5.png","contentUrl":"https:\/\/matlasyntek.1704.org\/matlasyntek\/wp-content\/uploads\/2024\/12\/2Recurso-5.png","width":719,"height":86,"caption":"Matlasyntek"},"image":{"@id":"https:\/\/matlasyntek.1704.org\/matlasyntek\/#\/schema\/logo\/image\/"}}]}},"_links":{"self":[{"href":"https:\/\/matlasyntek.1704.org\/matlasyntek\/wp-json\/wp\/v2\/pages\/1258","targetHints":{"allow":["GET"]}}],"collection":[{"href":"https:\/\/matlasyntek.1704.org\/matlasyntek\/wp-json\/wp\/v2\/pages"}],"about":[{"href":"https:\/\/matlasyntek.1704.org\/matlasyntek\/wp-json\/wp\/v2\/types\/page"}],"author":[{"embeddable":true,"href":"https:\/\/matlasyntek.1704.org\/matlasyntek\/wp-json\/wp\/v2\/users\/1"}],"replies":[{"embeddable":true,"href":"https:\/\/matlasyntek.1704.org\/matlasyntek\/wp-json\/wp\/v2\/comments?post=1258"}],"version-history":[{"count":13,"href":"https:\/\/matlasyntek.1704.org\/matlasyntek\/wp-json\/wp\/v2\/pages\/1258\/revisions"}],"predecessor-version":[{"id":1290,"href":"https:\/\/matlasyntek.1704.org\/matlasyntek\/wp-json\/wp\/v2\/pages\/1258\/revisions\/1290"}],"wp:attachment":[{"href":"https:\/\/matlasyntek.1704.org\/matlasyntek\/wp-json\/wp\/v2\/media?parent=1258"}],"curies":[{"name":"wp","href":"https:\/\/api.w.org\/{rel}","templated":true}]}}