{"id":1398,"date":"2025-02-09T07:33:09","date_gmt":"2025-02-09T07:33:09","guid":{"rendered":"https:\/\/matlasyntek.1704.org\/matlasyntek\/?page_id=1398"},"modified":"2025-02-09T07:48:04","modified_gmt":"2025-02-09T07:48:04","slug":"dpressed","status":"publish","type":"page","link":"https:\/\/matlasyntek.1704.org\/matlasyntek\/dpressed\/","title":{"rendered":"Dpressed"},"content":{"rendered":"\t\t<div data-elementor-type=\"wp-page\" data-elementor-id=\"1398\" class=\"elementor elementor-1398\" data-elementor-post-type=\"page\">\n\t\t\t\t\t\t<section class=\"elementor-section elementor-top-section elementor-element elementor-element-559693e elementor-section-boxed elementor-section-height-default elementor-section-height-default\" data-id=\"559693e\" data-element_type=\"section\">\n\t\t\t\t\t\t<div class=\"elementor-container elementor-column-gap-default\">\n\t\t\t\t\t<div class=\"elementor-column elementor-col-33 elementor-top-column elementor-element elementor-element-faf5665\" data-id=\"faf5665\" data-element_type=\"column\">\n\t\t\t<div class=\"elementor-widget-wrap elementor-element-populated\">\n\t\t\t\t\t\t<div class=\"elementor-element elementor-element-696aa58 elementor-widget elementor-widget-image\" data-id=\"696aa58\" data-element_type=\"widget\" data-widget_type=\"image.default\">\n\t\t\t\t<div class=\"elementor-widget-container\">\n\t\t\t\t\t\t\t\t\t\t\t\t\t<img fetchpriority=\"high\" decoding=\"async\" width=\"800\" height=\"1000\" src=\"https:\/\/matlasyntek.1704.org\/matlasyntek\/wp-content\/uploads\/2025\/02\/dpressed.art_1739086272673-819x1024.jpeg\" class=\"attachment-large size-large wp-image-1404\" alt=\"\" srcset=\"https:\/\/matlasyntek.1704.org\/matlasyntek\/wp-content\/uploads\/2025\/02\/dpressed.art_1739086272673-819x1024.jpeg 819w, https:\/\/matlasyntek.1704.org\/matlasyntek\/wp-content\/uploads\/2025\/02\/dpressed.art_1739086272673-240x300.jpeg 240w, https:\/\/matlasyntek.1704.org\/matlasyntek\/wp-content\/uploads\/2025\/02\/dpressed.art_1739086272673-768x960.jpeg 768w, https:\/\/matlasyntek.1704.org\/matlasyntek\/wp-content\/uploads\/2025\/02\/dpressed.art_1739086272673.jpeg 1080w\" sizes=\"(max-width: 800px) 100vw, 800px\" \/>\t\t\t\t\t\t\t\t\t\t\t\t\t<\/div>\n\t\t\t\t<\/div>\n\t\t\t\t<div class=\"elementor-element elementor-element-43babac elementor-headline--style-highlight elementor-widget elementor-widget-animated-headline\" data-id=\"43babac\" data-element_type=\"widget\" data-settings=\"{&quot;highlighted_text&quot;:&quot;conoce su trabajo &quot;,&quot;headline_style&quot;:&quot;highlight&quot;,&quot;marker&quot;:&quot;circle&quot;,&quot;loop&quot;:&quot;yes&quot;,&quot;highlight_animation_duration&quot;:1200,&quot;highlight_iteration_delay&quot;:8000}\" data-widget_type=\"animated-headline.default\">\n\t\t\t\t<div class=\"elementor-widget-container\">\n\t\t\t\t\t<h6 class=\"elementor-headline\">\n\t\t\t\t<span class=\"elementor-headline-dynamic-wrapper elementor-headline-text-wrapper\">\n\t\t\t\t\t<span class=\"elementor-headline-dynamic-text elementor-headline-text-active\">conoce su trabajo <\/span>\n\t\t\t\t<\/span>\n\t\t\t\t<\/h6>\n\t\t\t\t<\/div>\n\t\t\t\t<\/div>\n\t\t\t\t<div class=\"elementor-element elementor-element-9e3bc16 elementor-shape-rounded elementor-grid-0 e-grid-align-center elementor-widget elementor-widget-social-icons\" data-id=\"9e3bc16\" data-element_type=\"widget\" data-widget_type=\"social-icons.default\">\n\t\t\t\t<div class=\"elementor-widget-container\">\n\t\t\t\t\t<div class=\"elementor-social-icons-wrapper elementor-grid\">\n\t\t\t\t\t\t\t<span class=\"elementor-grid-item\">\n\t\t\t\t\t<a class=\"elementor-icon elementor-social-icon elementor-social-icon-instagram elementor-repeater-item-120da15\" href=\"https:\/\/www.instagram.com\/dpressed.art\/\" target=\"_blank\">\n\t\t\t\t\t\t<span class=\"elementor-screen-only\">Instagram<\/span>\n\t\t\t\t\t\t<i class=\"fab fa-instagram\"><\/i>\t\t\t\t\t<\/a>\n\t\t\t\t<\/span>\n\t\t\t\t\t\t\t<span class=\"elementor-grid-item\">\n\t\t\t\t\t<a class=\"elementor-icon elementor-social-icon elementor-social-icon-instagram elementor-repeater-item-867a7a0\" href=\"https:\/\/www.instagram.com\/yudithitzeltr\/\" target=\"_blank\">\n\t\t\t\t\t\t<span class=\"elementor-screen-only\">Instagram<\/span>\n\t\t\t\t\t\t<i class=\"fab fa-instagram\"><\/i>\t\t\t\t\t<\/a>\n\t\t\t\t<\/span>\n\t\t\t\t\t\t\t<span class=\"elementor-grid-item\">\n\t\t\t\t\t<a class=\"elementor-icon elementor-social-icon elementor-social-icon-instagram elementor-repeater-item-16de93a\" href=\"https:\/\/www.instagram.com\/racoonhiss\/\" target=\"_blank\">\n\t\t\t\t\t\t<span class=\"elementor-screen-only\">Instagram<\/span>\n\t\t\t\t\t\t<i class=\"fab fa-instagram\"><\/i>\t\t\t\t\t<\/a>\n\t\t\t\t<\/span>\n\t\t\t\t\t\t\t<span class=\"elementor-grid-item\">\n\t\t\t\t\t<a class=\"elementor-icon elementor-social-icon elementor-social-icon-envelope elementor-repeater-item-49b05e6\" href=\"mailto:depressed.art3@gmail.com\" target=\"_blank\">\n\t\t\t\t\t\t<span class=\"elementor-screen-only\">Envelope<\/span>\n\t\t\t\t\t\t<i class=\"fas fa-envelope\"><\/i>\t\t\t\t\t<\/a>\n\t\t\t\t<\/span>\n\t\t\t\t\t<\/div>\n\t\t\t\t<\/div>\n\t\t\t\t<\/div>\n\t\t\t\t\t<\/div>\n\t\t<\/div>\n\t\t\t\t<div class=\"elementor-column elementor-col-33 elementor-top-column elementor-element elementor-element-0e6ac1a\" data-id=\"0e6ac1a\" data-element_type=\"column\">\n\t\t\t<div class=\"elementor-widget-wrap elementor-element-populated\">\n\t\t\t\t\t\t<div class=\"elementor-element elementor-element-828ef62 elementor-widget elementor-widget-text-editor\" data-id=\"828ef62\" data-element_type=\"widget\" data-widget_type=\"text-editor.default\">\n\t\t\t\t<div class=\"elementor-widget-container\">\n\t\t\t\t\t\t\t<h4><strong>Dpressed: Creatividad y Color para Espacios con Personalidad<\/strong><\/h4><p>En el universo creativo de Andr\u00f3meda, <strong>Dpressed<\/strong> emerge como un rinc\u00f3n vibrante donde el arte y la decoraci\u00f3n se encuentran para transformar cualquier espacio en una expresi\u00f3n \u00fanica. Fundado por las talentosas ilustradoras <strong>Yudith Torres<\/strong> y <strong>Ver\u00f3nica Romero<\/strong>, este proyecto celebra la creatividad con productos decorativos que fusionan originalidad, diversi\u00f3n y un toque art\u00edstico sin igual.<\/p><p>\ud83c\udfa8 <strong>Arte que Vive en Cada Objeto:<\/strong><br \/>En Dpressed, cada pieza es una obra de arte pensada para darle vida a los rincones de quienes comienzan a crear su propio hogar. Sus ilustraciones y dise\u00f1os se plasman en una variedad de formatos, asegurando que cada cliente encuentre algo que conecte con su estilo y personalidad.<\/p><p>\ud83d\udd39 <strong>Productos que Despiertan Sonrisas:<\/strong><br \/>\ud83d\uddbc\ufe0f <strong>Prints e ilustraciones decorativas:<\/strong> Perfectos para llenar las paredes de color y creatividad.<br \/>\u2728 <strong>Stickers divertidos:<\/strong> Ideales para personalizar laptops, libretas y m\u00e1s.<\/p>\t\t\t\t\t\t<\/div>\n\t\t\t\t<\/div>\n\t\t\t\t\t<\/div>\n\t\t<\/div>\n\t\t\t\t<div class=\"elementor-column elementor-col-33 elementor-top-column elementor-element elementor-element-0b69710\" data-id=\"0b69710\" data-element_type=\"column\">\n\t\t\t<div class=\"elementor-widget-wrap elementor-element-populated\">\n\t\t\t\t\t\t<div class=\"elementor-element elementor-element-08b4a50 elementor-widget elementor-widget-text-editor\" data-id=\"08b4a50\" data-element_type=\"widget\" data-widget_type=\"text-editor.default\">\n\t\t\t\t<div class=\"elementor-widget-container\">\n\t\t\t\t\t\t\t<p>\ud83e\udea1 <strong>Bordados y aguja m\u00e1gica:<\/strong> Obras textiles llenas de detalle y textura que dan un toque acogedor.<br \/>\ud83c\udf76 <strong>Cer\u00e1mica ilustrada:<\/strong> Piezas \u00fanicas que combinan arte y funcionalidad.\ud83d\udd39 <strong>Productos que Despiertan Sonrisas:<\/strong><br \/>\ud83d\uddbc\ufe0f <strong>Prints e ilustraciones decorativas:<\/strong> Perfectos para llenar las paredes de color y creatividad.<br \/>\u2728 <strong>Stickers divertidos:<\/strong> Ideales para personalizar laptops, libretas y m\u00e1s.<br \/>\ud83e\udea1 <strong>Bordados y aguja m\u00e1gica:<\/strong> Obras textiles llenas de detalle y textura que dan un toque acogedor.<br \/>\ud83c\udf76 <strong>Cer\u00e1mica ilustrada:<\/strong> Piezas \u00fanicas que combinan arte y funcionalidad.<\/p><p><strong>Decoraci\u00f3n para los Adultos Chiquitos:<\/strong><br \/>El enfoque de Dpressed est\u00e1 pensado para aquellos adultos j\u00f3venes que comienzan a independizarse y desean espacios llenos de personalidad. Sus productos son una invitaci\u00f3n a romper con la monoton\u00eda y a\u00f1adir toques llenos de alegr\u00eda, color y creatividad a cada rinc\u00f3n del hogar.<\/p><p>\ud83d\udd2e <strong>Participaci\u00f3n en Andr\u00f3meda:<\/strong><br \/>Durante el evento, Yudith y Ver\u00f3nica estar\u00e1n presentes para mostrar su colorido universo creativo. Ser\u00e1 una oportunidad perfecta para conocer su trabajo de cerca, adquirir piezas \u00fanicas y llevarte a casa una parte de la energ\u00eda vibrante de Dpressed.<\/p>\t\t\t\t\t\t<\/div>\n\t\t\t\t<\/div>\n\t\t\t\t\t<\/div>\n\t\t<\/div>\n\t\t\t\t\t<\/div>\n\t\t<\/section>\n\t\t\t\t<section class=\"elementor-section elementor-top-section elementor-element elementor-element-83642a0 elementor-section-boxed elementor-section-height-default elementor-section-height-default\" data-id=\"83642a0\" data-element_type=\"section\">\n\t\t\t\t\t\t<div class=\"elementor-container elementor-column-gap-default\">\n\t\t\t\t\t<div class=\"elementor-column elementor-col-33 elementor-top-column elementor-element elementor-element-e936fb3\" data-id=\"e936fb3\" data-element_type=\"column\">\n\t\t\t<div class=\"elementor-widget-wrap elementor-element-populated\">\n\t\t\t\t\t\t<div class=\"elementor-element elementor-element-d4694de elementor-widget elementor-widget-text-editor\" data-id=\"d4694de\" data-element_type=\"widget\" data-widget_type=\"text-editor.default\">\n\t\t\t\t<div class=\"elementor-widget-container\">\n\t\t\t\t\t\t\t<p>\u2728 <strong>Descubre Dpressed y llena tu vida de color en Andr\u00f3meda.<\/strong> Porque decorar no es solo embellecer un espacio, sino convertirlo en una extensi\u00f3n de lo que somos. \u00a1Nos vemos ah\u00ed!<\/p>\t\t\t\t\t\t<\/div>\n\t\t\t\t<\/div>\n\t\t\t\t\t<\/div>\n\t\t<\/div>\n\t\t\t\t<div class=\"elementor-column elementor-col-66 elementor-top-column elementor-element elementor-element-a1e795e\" data-id=\"a1e795e\" data-element_type=\"column\">\n\t\t\t<div class=\"elementor-widget-wrap elementor-element-populated\">\n\t\t\t\t\t\t<div class=\"elementor-element elementor-element-1c0a763 elementor-arrows-position-inside elementor-pagination-position-outside elementor-widget elementor-widget-image-carousel\" data-id=\"1c0a763\" data-element_type=\"widget\" data-settings=\"{&quot;navigation&quot;:&quot;both&quot;,&quot;autoplay&quot;:&quot;yes&quot;,&quot;pause_on_hover&quot;:&quot;yes&quot;,&quot;pause_on_interaction&quot;:&quot;yes&quot;,&quot;autoplay_speed&quot;:5000,&quot;infinite&quot;:&quot;yes&quot;,&quot;speed&quot;:500}\" data-widget_type=\"image-carousel.default\">\n\t\t\t\t<div class=\"elementor-widget-container\">\n\t\t\t\t\t<div class=\"elementor-image-carousel-wrapper swiper\" dir=\"ltr\">\n\t\t\t<div class=\"elementor-image-carousel swiper-wrapper\" aria-live=\"off\">\n\t\t\t\t\t\t\t\t<div class=\"swiper-slide\" role=\"group\" aria-roledescription=\"slide\" aria-label=\"1 de 5\"><figure class=\"swiper-slide-inner\"><img decoding=\"async\" class=\"swiper-slide-image\" src=\"https:\/\/matlasyntek.1704.org\/matlasyntek\/wp-content\/uploads\/2025\/02\/WhatsApp-Image-2025-02-08-at-2.37.13-PM-3.jpeg\" alt=\"WhatsApp Image 2025-02-08 at 2.37.13 PM (3)\" \/><\/figure><\/div><div class=\"swiper-slide\" role=\"group\" aria-roledescription=\"slide\" aria-label=\"2 de 5\"><figure class=\"swiper-slide-inner\"><img decoding=\"async\" class=\"swiper-slide-image\" src=\"https:\/\/matlasyntek.1704.org\/matlasyntek\/wp-content\/uploads\/2025\/02\/WhatsApp-Image-2025-02-08-at-2.37.13-PM-2.jpeg\" alt=\"WhatsApp Image 2025-02-08 at 2.37.13 PM (2)\" \/><\/figure><\/div><div class=\"swiper-slide\" role=\"group\" aria-roledescription=\"slide\" aria-label=\"3 de 5\"><figure class=\"swiper-slide-inner\"><img decoding=\"async\" class=\"swiper-slide-image\" src=\"https:\/\/matlasyntek.1704.org\/matlasyntek\/wp-content\/uploads\/2025\/02\/WhatsApp-Image-2025-02-08-at-2.37.13-PM-1.jpeg\" alt=\"WhatsApp Image 2025-02-08 at 2.37.13 PM (1)\" \/><\/figure><\/div><div class=\"swiper-slide\" role=\"group\" aria-roledescription=\"slide\" aria-label=\"4 de 5\"><figure class=\"swiper-slide-inner\"><img decoding=\"async\" class=\"swiper-slide-image\" src=\"https:\/\/matlasyntek.1704.org\/matlasyntek\/wp-content\/uploads\/2025\/02\/WhatsApp-Image-2025-02-08-at-2.37.13-PM.jpeg\" alt=\"WhatsApp Image 2025-02-08 at 2.37.13 PM\" \/><\/figure><\/div><div class=\"swiper-slide\" role=\"group\" aria-roledescription=\"slide\" aria-label=\"5 de 5\"><figure class=\"swiper-slide-inner\"><img decoding=\"async\" class=\"swiper-slide-image\" src=\"https:\/\/matlasyntek.1704.org\/matlasyntek\/wp-content\/uploads\/2025\/02\/WhatsApp-Image-2025-02-08-at-2.37.11-PM.jpeg\" alt=\"WhatsApp Image 2025-02-08 at 2.37.11 PM\" \/><\/figure><\/div>\t\t\t<\/div>\n\t\t\t\t\t\t\t\t\t\t\t\t<div class=\"elementor-swiper-button elementor-swiper-button-prev\" role=\"button\" tabindex=\"0\">\n\t\t\t\t\t\t<i aria-hidden=\"true\" class=\"eicon-chevron-left\"><\/i>\t\t\t\t\t<\/div>\n\t\t\t\t\t<div class=\"elementor-swiper-button elementor-swiper-button-next\" role=\"button\" tabindex=\"0\">\n\t\t\t\t\t\t<i aria-hidden=\"true\" class=\"eicon-chevron-right\"><\/i>\t\t\t\t\t<\/div>\n\t\t\t\t\n\t\t\t\t\t\t\t\t\t<div class=\"swiper-pagination\"><\/div>\n\t\t\t\t\t\t\t\t\t<\/div>\n\t\t\t\t<\/div>\n\t\t\t\t<\/div>\n\t\t\t\t\t<\/div>\n\t\t<\/div>\n\t\t\t\t\t<\/div>\n\t\t<\/section>\n\t\t\t\t<section class=\"elementor-section elementor-top-section elementor-element elementor-element-20b8145 elementor-section-boxed elementor-section-height-default elementor-section-height-default\" data-id=\"20b8145\" data-element_type=\"section\">\n\t\t\t\t\t\t<div class=\"elementor-container elementor-column-gap-default\">\n\t\t\t\t\t<div class=\"elementor-column elementor-col-100 elementor-top-column elementor-element elementor-element-a8d8b23\" data-id=\"a8d8b23\" data-element_type=\"column\">\n\t\t\t<div class=\"elementor-widget-wrap\">\n\t\t\t\t\t\t\t<\/div>\n\t\t<\/div>\n\t\t\t\t\t<\/div>\n\t\t<\/section>\n\t\t\t\t<\/div>\n\t\t","protected":false},"excerpt":{"rendered":"<p>conoce su trabajo Instagram Instagram Instagram Envelope Dpressed: Creatividad y Color para Espacios con Personalidad En el universo creativo de Andr\u00f3meda, Dpressed emerge como un rinc\u00f3n vibrante donde el arte y la decoraci\u00f3n se encuentran para transformar cualquier espacio en una expresi\u00f3n \u00fanica. Fundado por las talentosas ilustradoras Yudith Torres y Ver\u00f3nica Romero, este proyecto [&hellip;]<\/p>\n","protected":false},"author":1,"featured_media":0,"parent":0,"menu_order":0,"comment_status":"closed","ping_status":"closed","template":"","meta":{"footnotes":""},"class_list":["post-1398","page","type-page","status-publish","hentry"],"yoast_head":"<!-- This site is optimized with the Yoast SEO plugin v24.0 - https:\/\/yoast.com\/wordpress\/plugins\/seo\/ -->\n<title>Dpressed - Matlasyntek<\/title>\n<meta name=\"robots\" content=\"index, follow, max-snippet:-1, max-image-preview:large, max-video-preview:-1\" \/>\n<link rel=\"canonical\" href=\"https:\/\/matlasyntek.1704.org\/matlasyntek\/dpressed\/\" \/>\n<meta property=\"og:locale\" content=\"es_MX\" \/>\n<meta property=\"og:type\" content=\"article\" \/>\n<meta property=\"og:title\" content=\"Dpressed - Matlasyntek\" \/>\n<meta property=\"og:description\" content=\"conoce su trabajo Instagram Instagram Instagram Envelope Dpressed: Creatividad y Color para Espacios con Personalidad En el universo creativo de Andr\u00f3meda, Dpressed emerge como un rinc\u00f3n vibrante donde el arte y la decoraci\u00f3n se encuentran para transformar cualquier espacio en una expresi\u00f3n \u00fanica. Fundado por las talentosas ilustradoras Yudith Torres y Ver\u00f3nica Romero, este proyecto [&hellip;]\" \/>\n<meta property=\"og:url\" content=\"https:\/\/matlasyntek.1704.org\/matlasyntek\/dpressed\/\" \/>\n<meta property=\"og:site_name\" content=\"Matlasyntek\" \/>\n<meta property=\"article:modified_time\" content=\"2025-02-09T07:48:04+00:00\" \/>\n<meta property=\"og:image\" content=\"https:\/\/matlasyntek.1704.org\/matlasyntek\/wp-content\/uploads\/2025\/02\/dpressed.art_1739086272673.jpeg\" \/>\n\t<meta property=\"og:image:width\" content=\"1080\" \/>\n\t<meta property=\"og:image:height\" content=\"1350\" \/>\n\t<meta property=\"og:image:type\" content=\"image\/jpeg\" \/>\n<meta name=\"twitter:card\" content=\"summary_large_image\" \/>\n<meta name=\"twitter:label1\" content=\"Tiempo de lectura\" \/>\n\t<meta name=\"twitter:data1\" content=\"5 minutos\" \/>\n<script type=\"application\/ld+json\" class=\"yoast-schema-graph\">{\"@context\":\"https:\/\/schema.org\",\"@graph\":[{\"@type\":\"WebPage\",\"@id\":\"https:\/\/matlasyntek.1704.org\/matlasyntek\/dpressed\/\",\"url\":\"https:\/\/matlasyntek.1704.org\/matlasyntek\/dpressed\/\",\"name\":\"Dpressed - Matlasyntek\",\"isPartOf\":{\"@id\":\"https:\/\/matlasyntek.1704.org\/matlasyntek\/#website\"},\"primaryImageOfPage\":{\"@id\":\"https:\/\/matlasyntek.1704.org\/matlasyntek\/dpressed\/#primaryimage\"},\"image\":{\"@id\":\"https:\/\/matlasyntek.1704.org\/matlasyntek\/dpressed\/#primaryimage\"},\"thumbnailUrl\":\"https:\/\/matlasyntek.1704.org\/matlasyntek\/wp-content\/uploads\/2025\/02\/dpressed.art_1739086272673-819x1024.jpeg\",\"datePublished\":\"2025-02-09T07:33:09+00:00\",\"dateModified\":\"2025-02-09T07:48:04+00:00\",\"breadcrumb\":{\"@id\":\"https:\/\/matlasyntek.1704.org\/matlasyntek\/dpressed\/#breadcrumb\"},\"inLanguage\":\"es\",\"potentialAction\":[{\"@type\":\"ReadAction\",\"target\":[\"https:\/\/matlasyntek.1704.org\/matlasyntek\/dpressed\/\"]}]},{\"@type\":\"ImageObject\",\"inLanguage\":\"es\",\"@id\":\"https:\/\/matlasyntek.1704.org\/matlasyntek\/dpressed\/#primaryimage\",\"url\":\"https:\/\/matlasyntek.1704.org\/matlasyntek\/wp-content\/uploads\/2025\/02\/dpressed.art_1739086272673.jpeg\",\"contentUrl\":\"https:\/\/matlasyntek.1704.org\/matlasyntek\/wp-content\/uploads\/2025\/02\/dpressed.art_1739086272673.jpeg\",\"width\":1080,\"height\":1350},{\"@type\":\"BreadcrumbList\",\"@id\":\"https:\/\/matlasyntek.1704.org\/matlasyntek\/dpressed\/#breadcrumb\",\"itemListElement\":[{\"@type\":\"ListItem\",\"position\":1,\"name\":\"Home\",\"item\":\"https:\/\/matlasyntek.1704.org\/matlasyntek\/\"},{\"@type\":\"ListItem\",\"position\":2,\"name\":\"Dpressed\"}]},{\"@type\":\"WebSite\",\"@id\":\"https:\/\/matlasyntek.1704.org\/matlasyntek\/#website\",\"url\":\"https:\/\/matlasyntek.1704.org\/matlasyntek\/\",\"name\":\"Matlasyntek\",\"description\":\"\",\"publisher\":{\"@id\":\"https:\/\/matlasyntek.1704.org\/matlasyntek\/#organization\"},\"potentialAction\":[{\"@type\":\"SearchAction\",\"target\":{\"@type\":\"EntryPoint\",\"urlTemplate\":\"https:\/\/matlasyntek.1704.org\/matlasyntek\/?s={search_term_string}\"},\"query-input\":{\"@type\":\"PropertyValueSpecification\",\"valueRequired\":true,\"valueName\":\"search_term_string\"}}],\"inLanguage\":\"es\"},{\"@type\":\"Organization\",\"@id\":\"https:\/\/matlasyntek.1704.org\/matlasyntek\/#organization\",\"name\":\"Matlasyntek\",\"url\":\"https:\/\/matlasyntek.1704.org\/matlasyntek\/\",\"logo\":{\"@type\":\"ImageObject\",\"inLanguage\":\"es\",\"@id\":\"https:\/\/matlasyntek.1704.org\/matlasyntek\/#\/schema\/logo\/image\/\",\"url\":\"https:\/\/matlasyntek.1704.org\/matlasyntek\/wp-content\/uploads\/2024\/12\/2Recurso-5.png\",\"contentUrl\":\"https:\/\/matlasyntek.1704.org\/matlasyntek\/wp-content\/uploads\/2024\/12\/2Recurso-5.png\",\"width\":719,\"height\":86,\"caption\":\"Matlasyntek\"},\"image\":{\"@id\":\"https:\/\/matlasyntek.1704.org\/matlasyntek\/#\/schema\/logo\/image\/\"}}]}<\/script>\n<!-- \/ Yoast SEO plugin. -->","yoast_head_json":{"title":"Dpressed - Matlasyntek","robots":{"index":"index","follow":"follow","max-snippet":"max-snippet:-1","max-image-preview":"max-image-preview:large","max-video-preview":"max-video-preview:-1"},"canonical":"https:\/\/matlasyntek.1704.org\/matlasyntek\/dpressed\/","og_locale":"es_MX","og_type":"article","og_title":"Dpressed - Matlasyntek","og_description":"conoce su trabajo Instagram Instagram Instagram Envelope Dpressed: Creatividad y Color para Espacios con Personalidad En el universo creativo de Andr\u00f3meda, Dpressed emerge como un rinc\u00f3n vibrante donde el arte y la decoraci\u00f3n se encuentran para transformar cualquier espacio en una expresi\u00f3n \u00fanica. Fundado por las talentosas ilustradoras Yudith Torres y Ver\u00f3nica Romero, este proyecto [&hellip;]","og_url":"https:\/\/matlasyntek.1704.org\/matlasyntek\/dpressed\/","og_site_name":"Matlasyntek","article_modified_time":"2025-02-09T07:48:04+00:00","og_image":[{"width":1080,"height":1350,"url":"https:\/\/matlasyntek.1704.org\/matlasyntek\/wp-content\/uploads\/2025\/02\/dpressed.art_1739086272673.jpeg","type":"image\/jpeg"}],"twitter_card":"summary_large_image","twitter_misc":{"Tiempo de lectura":"5 minutos"},"schema":{"@context":"https:\/\/schema.org","@graph":[{"@type":"WebPage","@id":"https:\/\/matlasyntek.1704.org\/matlasyntek\/dpressed\/","url":"https:\/\/matlasyntek.1704.org\/matlasyntek\/dpressed\/","name":"Dpressed - Matlasyntek","isPartOf":{"@id":"https:\/\/matlasyntek.1704.org\/matlasyntek\/#website"},"primaryImageOfPage":{"@id":"https:\/\/matlasyntek.1704.org\/matlasyntek\/dpressed\/#primaryimage"},"image":{"@id":"https:\/\/matlasyntek.1704.org\/matlasyntek\/dpressed\/#primaryimage"},"thumbnailUrl":"https:\/\/matlasyntek.1704.org\/matlasyntek\/wp-content\/uploads\/2025\/02\/dpressed.art_1739086272673-819x1024.jpeg","datePublished":"2025-02-09T07:33:09+00:00","dateModified":"2025-02-09T07:48:04+00:00","breadcrumb":{"@id":"https:\/\/matlasyntek.1704.org\/matlasyntek\/dpressed\/#breadcrumb"},"inLanguage":"es","potentialAction":[{"@type":"ReadAction","target":["https:\/\/matlasyntek.1704.org\/matlasyntek\/dpressed\/"]}]},{"@type":"ImageObject","inLanguage":"es","@id":"https:\/\/matlasyntek.1704.org\/matlasyntek\/dpressed\/#primaryimage","url":"https:\/\/matlasyntek.1704.org\/matlasyntek\/wp-content\/uploads\/2025\/02\/dpressed.art_1739086272673.jpeg","contentUrl":"https:\/\/matlasyntek.1704.org\/matlasyntek\/wp-content\/uploads\/2025\/02\/dpressed.art_1739086272673.jpeg","width":1080,"height":1350},{"@type":"BreadcrumbList","@id":"https:\/\/matlasyntek.1704.org\/matlasyntek\/dpressed\/#breadcrumb","itemListElement":[{"@type":"ListItem","position":1,"name":"Home","item":"https:\/\/matlasyntek.1704.org\/matlasyntek\/"},{"@type":"ListItem","position":2,"name":"Dpressed"}]},{"@type":"WebSite","@id":"https:\/\/matlasyntek.1704.org\/matlasyntek\/#website","url":"https:\/\/matlasyntek.1704.org\/matlasyntek\/","name":"Matlasyntek","description":"","publisher":{"@id":"https:\/\/matlasyntek.1704.org\/matlasyntek\/#organization"},"potentialAction":[{"@type":"SearchAction","target":{"@type":"EntryPoint","urlTemplate":"https:\/\/matlasyntek.1704.org\/matlasyntek\/?s={search_term_string}"},"query-input":{"@type":"PropertyValueSpecification","valueRequired":true,"valueName":"search_term_string"}}],"inLanguage":"es"},{"@type":"Organization","@id":"https:\/\/matlasyntek.1704.org\/matlasyntek\/#organization","name":"Matlasyntek","url":"https:\/\/matlasyntek.1704.org\/matlasyntek\/","logo":{"@type":"ImageObject","inLanguage":"es","@id":"https:\/\/matlasyntek.1704.org\/matlasyntek\/#\/schema\/logo\/image\/","url":"https:\/\/matlasyntek.1704.org\/matlasyntek\/wp-content\/uploads\/2024\/12\/2Recurso-5.png","contentUrl":"https:\/\/matlasyntek.1704.org\/matlasyntek\/wp-content\/uploads\/2024\/12\/2Recurso-5.png","width":719,"height":86,"caption":"Matlasyntek"},"image":{"@id":"https:\/\/matlasyntek.1704.org\/matlasyntek\/#\/schema\/logo\/image\/"}}]}},"_links":{"self":[{"href":"https:\/\/matlasyntek.1704.org\/matlasyntek\/wp-json\/wp\/v2\/pages\/1398","targetHints":{"allow":["GET"]}}],"collection":[{"href":"https:\/\/matlasyntek.1704.org\/matlasyntek\/wp-json\/wp\/v2\/pages"}],"about":[{"href":"https:\/\/matlasyntek.1704.org\/matlasyntek\/wp-json\/wp\/v2\/types\/page"}],"author":[{"embeddable":true,"href":"https:\/\/matlasyntek.1704.org\/matlasyntek\/wp-json\/wp\/v2\/users\/1"}],"replies":[{"embeddable":true,"href":"https:\/\/matlasyntek.1704.org\/matlasyntek\/wp-json\/wp\/v2\/comments?post=1398"}],"version-history":[{"count":13,"href":"https:\/\/matlasyntek.1704.org\/matlasyntek\/wp-json\/wp\/v2\/pages\/1398\/revisions"}],"predecessor-version":[{"id":1426,"href":"https:\/\/matlasyntek.1704.org\/matlasyntek\/wp-json\/wp\/v2\/pages\/1398\/revisions\/1426"}],"wp:attachment":[{"href":"https:\/\/matlasyntek.1704.org\/matlasyntek\/wp-json\/wp\/v2\/media?parent=1398"}],"curies":[{"name":"wp","href":"https:\/\/api.w.org\/{rel}","templated":true}]}}