{"id":1447,"date":"2025-02-14T04:36:28","date_gmt":"2025-02-14T04:36:28","guid":{"rendered":"https:\/\/matlasyntek.1704.org\/matlasyntek\/?page_id=1447"},"modified":"2025-09-04T06:55:31","modified_gmt":"2025-09-04T06:55:31","slug":"mafiosas-braids","status":"publish","type":"page","link":"https:\/\/matlasyntek.1704.org\/matlasyntek\/mafiosas-braids\/","title":{"rendered":"Mafiosas Braids"},"content":{"rendered":"\t\t<div data-elementor-type=\"wp-page\" data-elementor-id=\"1447\" class=\"elementor elementor-1447\" data-elementor-post-type=\"page\">\n\t\t\t\t\t\t<section class=\"elementor-section elementor-top-section elementor-element elementor-element-678c2b2 elementor-section-boxed elementor-section-height-default elementor-section-height-default\" data-id=\"678c2b2\" data-element_type=\"section\">\n\t\t\t\t\t\t<div class=\"elementor-container elementor-column-gap-default\">\n\t\t\t\t\t<div class=\"elementor-column elementor-col-33 elementor-top-column elementor-element elementor-element-482949b\" data-id=\"482949b\" data-element_type=\"column\">\n\t\t\t<div class=\"elementor-widget-wrap elementor-element-populated\">\n\t\t\t\t\t\t<div class=\"elementor-element elementor-element-2c42ae0 elementor-widget elementor-widget-image\" data-id=\"2c42ae0\" data-element_type=\"widget\" data-widget_type=\"image.default\">\n\t\t\t\t<div class=\"elementor-widget-container\">\n\t\t\t\t\t\t\t\t\t\t\t\t\t<img fetchpriority=\"high\" decoding=\"async\" width=\"800\" height=\"800\" src=\"https:\/\/matlasyntek.1704.org\/matlasyntek\/wp-content\/uploads\/2025\/02\/WhatsApp-Image-2025-02-09-at-3.08.10-PM-1-1024x1024.jpeg\" class=\"attachment-large size-large wp-image-1453\" alt=\"\" srcset=\"https:\/\/matlasyntek.1704.org\/matlasyntek\/wp-content\/uploads\/2025\/02\/WhatsApp-Image-2025-02-09-at-3.08.10-PM-1-1024x1024.jpeg 1024w, https:\/\/matlasyntek.1704.org\/matlasyntek\/wp-content\/uploads\/2025\/02\/WhatsApp-Image-2025-02-09-at-3.08.10-PM-1-300x300.jpeg 300w, https:\/\/matlasyntek.1704.org\/matlasyntek\/wp-content\/uploads\/2025\/02\/WhatsApp-Image-2025-02-09-at-3.08.10-PM-1-150x150.jpeg 150w, https:\/\/matlasyntek.1704.org\/matlasyntek\/wp-content\/uploads\/2025\/02\/WhatsApp-Image-2025-02-09-at-3.08.10-PM-1-768x768.jpeg 768w, https:\/\/matlasyntek.1704.org\/matlasyntek\/wp-content\/uploads\/2025\/02\/WhatsApp-Image-2025-02-09-at-3.08.10-PM-1-700x700.jpeg 700w, https:\/\/matlasyntek.1704.org\/matlasyntek\/wp-content\/uploads\/2025\/02\/WhatsApp-Image-2025-02-09-at-3.08.10-PM-1.jpeg 1080w\" sizes=\"(max-width: 800px) 100vw, 800px\" \/>\t\t\t\t\t\t\t\t\t\t\t\t\t<\/div>\n\t\t\t\t<\/div>\n\t\t\t\t<div class=\"elementor-element elementor-element-2e623c9 elementor-headline--style-highlight elementor-widget elementor-widget-animated-headline\" data-id=\"2e623c9\" data-element_type=\"widget\" data-settings=\"{&quot;highlighted_text&quot;:&quot;conoce su trabajo &quot;,&quot;headline_style&quot;:&quot;highlight&quot;,&quot;marker&quot;:&quot;circle&quot;,&quot;loop&quot;:&quot;yes&quot;,&quot;highlight_animation_duration&quot;:1200,&quot;highlight_iteration_delay&quot;:8000}\" data-widget_type=\"animated-headline.default\">\n\t\t\t\t<div class=\"elementor-widget-container\">\n\t\t\t\t\t<h6 class=\"elementor-headline\">\n\t\t\t\t<span class=\"elementor-headline-dynamic-wrapper elementor-headline-text-wrapper\">\n\t\t\t\t\t<span class=\"elementor-headline-dynamic-text elementor-headline-text-active\">conoce su trabajo <\/span>\n\t\t\t\t<\/span>\n\t\t\t\t<\/h6>\n\t\t\t\t<\/div>\n\t\t\t\t<\/div>\n\t\t\t\t<div class=\"elementor-element elementor-element-2927845 elementor-shape-rounded elementor-grid-0 e-grid-align-center elementor-widget elementor-widget-social-icons\" data-id=\"2927845\" data-element_type=\"widget\" data-widget_type=\"social-icons.default\">\n\t\t\t\t<div class=\"elementor-widget-container\">\n\t\t\t\t\t<div class=\"elementor-social-icons-wrapper elementor-grid\">\n\t\t\t\t\t\t\t<span class=\"elementor-grid-item\">\n\t\t\t\t\t<a class=\"elementor-icon elementor-social-icon elementor-social-icon-instagram elementor-repeater-item-16de93a\" href=\"https:\/\/www.instagram.com\/mafiosas_braids\/\">\n\t\t\t\t\t\t<span class=\"elementor-screen-only\">Instagram<\/span>\n\t\t\t\t\t\t<i class=\"fab fa-instagram\"><\/i>\t\t\t\t\t<\/a>\n\t\t\t\t<\/span>\n\t\t\t\t\t<\/div>\n\t\t\t\t<\/div>\n\t\t\t\t<\/div>\n\t\t\t\t\t<\/div>\n\t\t<\/div>\n\t\t\t\t<div class=\"elementor-column elementor-col-33 elementor-top-column elementor-element elementor-element-c63bef8\" data-id=\"c63bef8\" data-element_type=\"column\">\n\t\t\t<div class=\"elementor-widget-wrap elementor-element-populated\">\n\t\t\t\t\t\t<div class=\"elementor-element elementor-element-d7f8f87 elementor-drop-cap-yes elementor-drop-cap-view-default elementor-widget elementor-widget-text-editor\" data-id=\"d7f8f87\" data-element_type=\"widget\" data-settings=\"{&quot;drop_cap&quot;:&quot;yes&quot;}\" data-widget_type=\"text-editor.default\">\n\t\t\t\t<div class=\"elementor-widget-container\">\n\t\t\t\t\t\t\t<h4 data-start=\"119\" data-end=\"182\"><strong data-start=\"127\" data-end=\"180\">Mafiosas Braids: Arte Trenzado para un Look \u00danico<\/strong><\/h4><p data-start=\"183\" data-end=\"560\">En Matlasyntek, la expresi\u00f3n personal es clave, y <strong data-start=\"231\" data-end=\"250\">Mafiosas Braids<\/strong>, liderado por <strong data-start=\"265\" data-end=\"273\">Andy<\/strong>, llega para transformar tu estilo con un toque rebelde, vibrante y aut\u00e9ntico. Con una especialidad en <strong data-start=\"376\" data-end=\"437\">trenzas africanas, conrows y personalizaci\u00f3n de ponytails<\/strong>, este emprendimiento lleva el arte capilar a otro nivel, fusionando tradici\u00f3n, creatividad y modernidad en cada peinado.<\/p><p data-start=\"562\" data-end=\"867\">\ud83d\udca5 <strong data-start=\"565\" data-end=\"595\">Trenzas que Hablan por Ti:<\/strong><br data-start=\"595\" data-end=\"598\" \/>Cada trenza cuenta una historia, y en Mafiosas Braids, Andy se encarga de que cada dise\u00f1o refleje la esencia y actitud de quien lo lleva. Desde estilos cl\u00e1sicos hasta creaciones personalizadas, su trabajo es perfecto para quienes buscan destacar en cualquier ocasi\u00f3n.<\/p><p data-start=\"869\" data-end=\"1223\">\ud83d\udd25 <strong data-start=\"872\" data-end=\"911\">Servicios Disponibles:<\/strong><br data-start=\"911\" data-end=\"914\" \/>\u2728 <strong data-start=\"916\" data-end=\"938\">Trenzas Africanas:<\/strong> Inspiradas en las ra\u00edces de la cultura afro, ideales para un look llamativo y duradero.<\/p>\t\t\t\t\t\t<\/div>\n\t\t\t\t<\/div>\n\t\t\t\t\t<\/div>\n\t\t<\/div>\n\t\t\t\t<div class=\"elementor-column elementor-col-33 elementor-top-column elementor-element elementor-element-9483390\" data-id=\"9483390\" data-element_type=\"column\">\n\t\t\t<div class=\"elementor-widget-wrap elementor-element-populated\">\n\t\t\t\t\t\t<div class=\"elementor-element elementor-element-ca87bd1 elementor-widget elementor-widget-text-editor\" data-id=\"ca87bd1\" data-element_type=\"widget\" data-widget_type=\"text-editor.default\">\n\t\t\t\t<div class=\"elementor-widget-container\">\n\t\t\t\t\t\t\t<p data-start=\"869\" data-end=\"1223\"><img decoding=\"async\" class=\"emoji\" role=\"img\" draggable=\"false\" src=\"https:\/\/s.w.org\/images\/core\/emoji\/16.0.1\/svg\/26a1.svg\" alt=\"\u26a1\" \/> <strong data-start=\"1031\" data-end=\"1043\">Conrows:<\/strong> Dise\u00f1os geom\u00e9tricos con un toque urbano y vanguardista.<br data-start=\"1099\" data-end=\"1102\" \/><img decoding=\"async\" class=\"emoji\" role=\"img\" draggable=\"false\" src=\"https:\/\/s.w.org\/images\/core\/emoji\/16.0.1\/svg\/1f496.svg\" alt=\"\ud83d\udc96\" \/> <strong data-start=\"1105\" data-end=\"1134\">Ponytails Personalizadas:<\/strong> Extensiones trenzadas con colores y estilos \u00fanicos para complementar cualquier outfit.<\/p><p data-start=\"1225\" data-end=\"1541\"><img decoding=\"async\" class=\"emoji\" role=\"img\" draggable=\"false\" src=\"https:\/\/s.w.org\/images\/core\/emoji\/16.0.1\/svg\/1f3ad.svg\" alt=\"\ud83c\udfad\" \/> <strong data-start=\"1228\" data-end=\"1261\">Estilo para Cualquier Evento:<\/strong><br data-start=\"1261\" data-end=\"1264\" \/>Mafiosas Braids no solo ofrece peinados, sino una transformaci\u00f3n completa. Ya sea para festivales, conciertos, raves, sesiones de fotos o simplemente para cambiar de look, Andy se asegurar\u00e1 de que cada trenza sea una obra de arte que exprese fuerza, identidad y autenticidad.<\/p>\t\t\t\t\t\t<\/div>\n\t\t\t\t<\/div>\n\t\t\t\t\t<\/div>\n\t\t<\/div>\n\t\t\t\t\t<\/div>\n\t\t<\/section>\n\t\t\t\t<section class=\"elementor-section elementor-top-section elementor-element elementor-element-672f65b elementor-section-boxed elementor-section-height-default elementor-section-height-default\" data-id=\"672f65b\" data-element_type=\"section\">\n\t\t\t\t\t\t<div class=\"elementor-container elementor-column-gap-default\">\n\t\t\t\t\t<div class=\"elementor-column elementor-col-33 elementor-top-column elementor-element elementor-element-bcaaddb\" data-id=\"bcaaddb\" data-element_type=\"column\">\n\t\t\t<div class=\"elementor-widget-wrap elementor-element-populated\">\n\t\t\t\t\t\t<div class=\"elementor-element elementor-element-887463a elementor-widget elementor-widget-text-editor\" data-id=\"887463a\" data-element_type=\"widget\" data-widget_type=\"text-editor.default\">\n\t\t\t\t<div class=\"elementor-widget-container\">\n\t\t\t\t\t\t\t<p data-start=\"1543\" data-end=\"1840\">\ud83d\udc87\u200d\u2640\ufe0f <strong data-start=\"1848\" data-end=\"1939\">D\u00e9jate trenzar por las manos expertas de Mafiosas Braids y luce incre\u00edble.<\/strong> \u00a1Atr\u00e9vete a destacar con un estilo \u00fanico y explosivo! \ud83d\ude80<\/p>\t\t\t\t\t\t<\/div>\n\t\t\t\t<\/div>\n\t\t\t\t\t<\/div>\n\t\t<\/div>\n\t\t\t\t<div class=\"elementor-column elementor-col-66 elementor-top-column elementor-element elementor-element-252603a\" data-id=\"252603a\" data-element_type=\"column\">\n\t\t\t<div class=\"elementor-widget-wrap elementor-element-populated\">\n\t\t\t\t\t\t<div class=\"elementor-element elementor-element-6f3500f elementor-arrows-position-inside elementor-pagination-position-outside elementor-widget elementor-widget-image-carousel\" data-id=\"6f3500f\" data-element_type=\"widget\" data-settings=\"{&quot;navigation&quot;:&quot;both&quot;,&quot;autoplay&quot;:&quot;yes&quot;,&quot;pause_on_hover&quot;:&quot;yes&quot;,&quot;pause_on_interaction&quot;:&quot;yes&quot;,&quot;autoplay_speed&quot;:5000,&quot;infinite&quot;:&quot;yes&quot;,&quot;speed&quot;:500}\" data-widget_type=\"image-carousel.default\">\n\t\t\t\t<div class=\"elementor-widget-container\">\n\t\t\t\t\t<div class=\"elementor-image-carousel-wrapper swiper\" dir=\"ltr\">\n\t\t\t<div class=\"elementor-image-carousel swiper-wrapper\" aria-live=\"off\">\n\t\t\t\t\t\t\t\t<div class=\"swiper-slide\" role=\"group\" aria-roledescription=\"slide\" aria-label=\"1 de 5\"><figure class=\"swiper-slide-inner\"><img decoding=\"async\" class=\"swiper-slide-image\" src=\"https:\/\/matlasyntek.1704.org\/matlasyntek\/wp-content\/uploads\/2025\/02\/WhatsApp-Image-2025-02-09-at-3.08.11-PM-2.jpeg\" alt=\"WhatsApp Image 2025-02-09 at 3.08.11 PM (2)\" \/><\/figure><\/div><div class=\"swiper-slide\" role=\"group\" aria-roledescription=\"slide\" aria-label=\"2 de 5\"><figure class=\"swiper-slide-inner\"><img decoding=\"async\" class=\"swiper-slide-image\" src=\"https:\/\/matlasyntek.1704.org\/matlasyntek\/wp-content\/uploads\/2025\/02\/WhatsApp-Image-2025-02-09-at-3.08.11-PM-1.jpeg\" alt=\"WhatsApp Image 2025-02-09 at 3.08.11 PM (1)\" \/><\/figure><\/div><div class=\"swiper-slide\" role=\"group\" aria-roledescription=\"slide\" aria-label=\"3 de 5\"><figure class=\"swiper-slide-inner\"><img decoding=\"async\" class=\"swiper-slide-image\" src=\"https:\/\/matlasyntek.1704.org\/matlasyntek\/wp-content\/uploads\/2025\/02\/WhatsApp-Image-2025-02-09-at-3.08.11-PM.jpeg\" alt=\"WhatsApp Image 2025-02-09 at 3.08.11 PM\" \/><\/figure><\/div><div class=\"swiper-slide\" role=\"group\" aria-roledescription=\"slide\" aria-label=\"4 de 5\"><figure class=\"swiper-slide-inner\"><img decoding=\"async\" class=\"swiper-slide-image\" src=\"https:\/\/matlasyntek.1704.org\/matlasyntek\/wp-content\/uploads\/2025\/02\/WhatsApp-Image-2025-02-09-at-3.08.10-PM-2.jpeg\" alt=\"WhatsApp Image 2025-02-09 at 3.08.10 PM (2)\" \/><\/figure><\/div><div class=\"swiper-slide\" role=\"group\" aria-roledescription=\"slide\" aria-label=\"5 de 5\"><figure class=\"swiper-slide-inner\"><img decoding=\"async\" class=\"swiper-slide-image\" src=\"https:\/\/matlasyntek.1704.org\/matlasyntek\/wp-content\/uploads\/2025\/02\/WhatsApp-Image-2025-02-09-at-3.08.10-PM-1-1.jpeg\" alt=\"WhatsApp Image 2025-02-09 at 3.08.10 PM (1)\" \/><\/figure><\/div>\t\t\t<\/div>\n\t\t\t\t\t\t\t\t\t\t\t\t<div class=\"elementor-swiper-button elementor-swiper-button-prev\" role=\"button\" tabindex=\"0\">\n\t\t\t\t\t\t<i aria-hidden=\"true\" class=\"eicon-chevron-left\"><\/i>\t\t\t\t\t<\/div>\n\t\t\t\t\t<div class=\"elementor-swiper-button elementor-swiper-button-next\" role=\"button\" tabindex=\"0\">\n\t\t\t\t\t\t<i aria-hidden=\"true\" class=\"eicon-chevron-right\"><\/i>\t\t\t\t\t<\/div>\n\t\t\t\t\n\t\t\t\t\t\t\t\t\t<div class=\"swiper-pagination\"><\/div>\n\t\t\t\t\t\t\t\t\t<\/div>\n\t\t\t\t<\/div>\n\t\t\t\t<\/div>\n\t\t\t\t\t<\/div>\n\t\t<\/div>\n\t\t\t\t\t<\/div>\n\t\t<\/section>\n\t\t\t\t<\/div>\n\t\t","protected":false},"excerpt":{"rendered":"<p>conoce su trabajo Instagram Mafiosas Braids: Arte Trenzado para un Look \u00danico En Matlasyntek, la expresi\u00f3n personal es clave, y Mafiosas Braids, liderado por Andy, llega para transformar tu estilo con un toque rebelde, vibrante y aut\u00e9ntico. Con una especialidad en trenzas africanas, conrows y personalizaci\u00f3n de ponytails, este emprendimiento lleva el arte capilar a [&hellip;]<\/p>\n","protected":false},"author":1,"featured_media":0,"parent":0,"menu_order":0,"comment_status":"closed","ping_status":"closed","template":"","meta":{"footnotes":""},"class_list":["post-1447","page","type-page","status-publish","hentry"],"yoast_head":"<!-- This site is optimized with the Yoast SEO plugin v24.0 - https:\/\/yoast.com\/wordpress\/plugins\/seo\/ -->\n<title>Mafiosas Braids - Matlasyntek<\/title>\n<meta name=\"robots\" content=\"index, follow, max-snippet:-1, max-image-preview:large, max-video-preview:-1\" \/>\n<link rel=\"canonical\" href=\"https:\/\/matlasyntek.1704.org\/matlasyntek\/mafiosas-braids\/\" \/>\n<meta property=\"og:locale\" content=\"es_MX\" \/>\n<meta property=\"og:type\" content=\"article\" \/>\n<meta property=\"og:title\" content=\"Mafiosas Braids - Matlasyntek\" \/>\n<meta property=\"og:description\" content=\"conoce su trabajo Instagram Mafiosas Braids: Arte Trenzado para un Look \u00danico En Matlasyntek, la expresi\u00f3n personal es clave, y Mafiosas Braids, liderado por Andy, llega para transformar tu estilo con un toque rebelde, vibrante y aut\u00e9ntico. Con una especialidad en trenzas africanas, conrows y personalizaci\u00f3n de ponytails, este emprendimiento lleva el arte capilar a [&hellip;]\" \/>\n<meta property=\"og:url\" content=\"https:\/\/matlasyntek.1704.org\/matlasyntek\/mafiosas-braids\/\" \/>\n<meta property=\"og:site_name\" content=\"Matlasyntek\" \/>\n<meta property=\"article:modified_time\" content=\"2025-09-04T06:55:31+00:00\" \/>\n<meta property=\"og:image\" content=\"https:\/\/matlasyntek.1704.org\/matlasyntek\/wp-content\/uploads\/2025\/02\/WhatsApp-Image-2025-02-09-at-3.08.10-PM-1.jpeg\" \/>\n\t<meta property=\"og:image:width\" content=\"1080\" \/>\n\t<meta property=\"og:image:height\" content=\"1080\" \/>\n\t<meta property=\"og:image:type\" content=\"image\/jpeg\" \/>\n<meta name=\"twitter:card\" content=\"summary_large_image\" \/>\n<meta name=\"twitter:label1\" content=\"Tiempo de lectura\" \/>\n\t<meta name=\"twitter:data1\" content=\"6 minutos\" \/>\n<script type=\"application\/ld+json\" class=\"yoast-schema-graph\">{\"@context\":\"https:\/\/schema.org\",\"@graph\":[{\"@type\":\"WebPage\",\"@id\":\"https:\/\/matlasyntek.1704.org\/matlasyntek\/mafiosas-braids\/\",\"url\":\"https:\/\/matlasyntek.1704.org\/matlasyntek\/mafiosas-braids\/\",\"name\":\"Mafiosas Braids - Matlasyntek\",\"isPartOf\":{\"@id\":\"https:\/\/matlasyntek.1704.org\/matlasyntek\/#website\"},\"primaryImageOfPage\":{\"@id\":\"https:\/\/matlasyntek.1704.org\/matlasyntek\/mafiosas-braids\/#primaryimage\"},\"image\":{\"@id\":\"https:\/\/matlasyntek.1704.org\/matlasyntek\/mafiosas-braids\/#primaryimage\"},\"thumbnailUrl\":\"https:\/\/matlasyntek.1704.org\/matlasyntek\/wp-content\/uploads\/2025\/02\/WhatsApp-Image-2025-02-09-at-3.08.10-PM-1-1024x1024.jpeg\",\"datePublished\":\"2025-02-14T04:36:28+00:00\",\"dateModified\":\"2025-09-04T06:55:31+00:00\",\"breadcrumb\":{\"@id\":\"https:\/\/matlasyntek.1704.org\/matlasyntek\/mafiosas-braids\/#breadcrumb\"},\"inLanguage\":\"es\",\"potentialAction\":[{\"@type\":\"ReadAction\",\"target\":[\"https:\/\/matlasyntek.1704.org\/matlasyntek\/mafiosas-braids\/\"]}]},{\"@type\":\"ImageObject\",\"inLanguage\":\"es\",\"@id\":\"https:\/\/matlasyntek.1704.org\/matlasyntek\/mafiosas-braids\/#primaryimage\",\"url\":\"https:\/\/matlasyntek.1704.org\/matlasyntek\/wp-content\/uploads\/2025\/02\/WhatsApp-Image-2025-02-09-at-3.08.10-PM-1.jpeg\",\"contentUrl\":\"https:\/\/matlasyntek.1704.org\/matlasyntek\/wp-content\/uploads\/2025\/02\/WhatsApp-Image-2025-02-09-at-3.08.10-PM-1.jpeg\",\"width\":1080,\"height\":1080},{\"@type\":\"BreadcrumbList\",\"@id\":\"https:\/\/matlasyntek.1704.org\/matlasyntek\/mafiosas-braids\/#breadcrumb\",\"itemListElement\":[{\"@type\":\"ListItem\",\"position\":1,\"name\":\"Home\",\"item\":\"https:\/\/matlasyntek.1704.org\/matlasyntek\/\"},{\"@type\":\"ListItem\",\"position\":2,\"name\":\"Mafiosas Braids\"}]},{\"@type\":\"WebSite\",\"@id\":\"https:\/\/matlasyntek.1704.org\/matlasyntek\/#website\",\"url\":\"https:\/\/matlasyntek.1704.org\/matlasyntek\/\",\"name\":\"Matlasyntek\",\"description\":\"\",\"publisher\":{\"@id\":\"https:\/\/matlasyntek.1704.org\/matlasyntek\/#organization\"},\"potentialAction\":[{\"@type\":\"SearchAction\",\"target\":{\"@type\":\"EntryPoint\",\"urlTemplate\":\"https:\/\/matlasyntek.1704.org\/matlasyntek\/?s={search_term_string}\"},\"query-input\":{\"@type\":\"PropertyValueSpecification\",\"valueRequired\":true,\"valueName\":\"search_term_string\"}}],\"inLanguage\":\"es\"},{\"@type\":\"Organization\",\"@id\":\"https:\/\/matlasyntek.1704.org\/matlasyntek\/#organization\",\"name\":\"Matlasyntek\",\"url\":\"https:\/\/matlasyntek.1704.org\/matlasyntek\/\",\"logo\":{\"@type\":\"ImageObject\",\"inLanguage\":\"es\",\"@id\":\"https:\/\/matlasyntek.1704.org\/matlasyntek\/#\/schema\/logo\/image\/\",\"url\":\"https:\/\/matlasyntek.1704.org\/matlasyntek\/wp-content\/uploads\/2024\/12\/2Recurso-5.png\",\"contentUrl\":\"https:\/\/matlasyntek.1704.org\/matlasyntek\/wp-content\/uploads\/2024\/12\/2Recurso-5.png\",\"width\":719,\"height\":86,\"caption\":\"Matlasyntek\"},\"image\":{\"@id\":\"https:\/\/matlasyntek.1704.org\/matlasyntek\/#\/schema\/logo\/image\/\"}}]}<\/script>\n<!-- \/ Yoast SEO plugin. -->","yoast_head_json":{"title":"Mafiosas Braids - Matlasyntek","robots":{"index":"index","follow":"follow","max-snippet":"max-snippet:-1","max-image-preview":"max-image-preview:large","max-video-preview":"max-video-preview:-1"},"canonical":"https:\/\/matlasyntek.1704.org\/matlasyntek\/mafiosas-braids\/","og_locale":"es_MX","og_type":"article","og_title":"Mafiosas Braids - Matlasyntek","og_description":"conoce su trabajo Instagram Mafiosas Braids: Arte Trenzado para un Look \u00danico En Matlasyntek, la expresi\u00f3n personal es clave, y Mafiosas Braids, liderado por Andy, llega para transformar tu estilo con un toque rebelde, vibrante y aut\u00e9ntico. Con una especialidad en trenzas africanas, conrows y personalizaci\u00f3n de ponytails, este emprendimiento lleva el arte capilar a [&hellip;]","og_url":"https:\/\/matlasyntek.1704.org\/matlasyntek\/mafiosas-braids\/","og_site_name":"Matlasyntek","article_modified_time":"2025-09-04T06:55:31+00:00","og_image":[{"width":1080,"height":1080,"url":"https:\/\/matlasyntek.1704.org\/matlasyntek\/wp-content\/uploads\/2025\/02\/WhatsApp-Image-2025-02-09-at-3.08.10-PM-1.jpeg","type":"image\/jpeg"}],"twitter_card":"summary_large_image","twitter_misc":{"Tiempo de lectura":"6 minutos"},"schema":{"@context":"https:\/\/schema.org","@graph":[{"@type":"WebPage","@id":"https:\/\/matlasyntek.1704.org\/matlasyntek\/mafiosas-braids\/","url":"https:\/\/matlasyntek.1704.org\/matlasyntek\/mafiosas-braids\/","name":"Mafiosas Braids - Matlasyntek","isPartOf":{"@id":"https:\/\/matlasyntek.1704.org\/matlasyntek\/#website"},"primaryImageOfPage":{"@id":"https:\/\/matlasyntek.1704.org\/matlasyntek\/mafiosas-braids\/#primaryimage"},"image":{"@id":"https:\/\/matlasyntek.1704.org\/matlasyntek\/mafiosas-braids\/#primaryimage"},"thumbnailUrl":"https:\/\/matlasyntek.1704.org\/matlasyntek\/wp-content\/uploads\/2025\/02\/WhatsApp-Image-2025-02-09-at-3.08.10-PM-1-1024x1024.jpeg","datePublished":"2025-02-14T04:36:28+00:00","dateModified":"2025-09-04T06:55:31+00:00","breadcrumb":{"@id":"https:\/\/matlasyntek.1704.org\/matlasyntek\/mafiosas-braids\/#breadcrumb"},"inLanguage":"es","potentialAction":[{"@type":"ReadAction","target":["https:\/\/matlasyntek.1704.org\/matlasyntek\/mafiosas-braids\/"]}]},{"@type":"ImageObject","inLanguage":"es","@id":"https:\/\/matlasyntek.1704.org\/matlasyntek\/mafiosas-braids\/#primaryimage","url":"https:\/\/matlasyntek.1704.org\/matlasyntek\/wp-content\/uploads\/2025\/02\/WhatsApp-Image-2025-02-09-at-3.08.10-PM-1.jpeg","contentUrl":"https:\/\/matlasyntek.1704.org\/matlasyntek\/wp-content\/uploads\/2025\/02\/WhatsApp-Image-2025-02-09-at-3.08.10-PM-1.jpeg","width":1080,"height":1080},{"@type":"BreadcrumbList","@id":"https:\/\/matlasyntek.1704.org\/matlasyntek\/mafiosas-braids\/#breadcrumb","itemListElement":[{"@type":"ListItem","position":1,"name":"Home","item":"https:\/\/matlasyntek.1704.org\/matlasyntek\/"},{"@type":"ListItem","position":2,"name":"Mafiosas Braids"}]},{"@type":"WebSite","@id":"https:\/\/matlasyntek.1704.org\/matlasyntek\/#website","url":"https:\/\/matlasyntek.1704.org\/matlasyntek\/","name":"Matlasyntek","description":"","publisher":{"@id":"https:\/\/matlasyntek.1704.org\/matlasyntek\/#organization"},"potentialAction":[{"@type":"SearchAction","target":{"@type":"EntryPoint","urlTemplate":"https:\/\/matlasyntek.1704.org\/matlasyntek\/?s={search_term_string}"},"query-input":{"@type":"PropertyValueSpecification","valueRequired":true,"valueName":"search_term_string"}}],"inLanguage":"es"},{"@type":"Organization","@id":"https:\/\/matlasyntek.1704.org\/matlasyntek\/#organization","name":"Matlasyntek","url":"https:\/\/matlasyntek.1704.org\/matlasyntek\/","logo":{"@type":"ImageObject","inLanguage":"es","@id":"https:\/\/matlasyntek.1704.org\/matlasyntek\/#\/schema\/logo\/image\/","url":"https:\/\/matlasyntek.1704.org\/matlasyntek\/wp-content\/uploads\/2024\/12\/2Recurso-5.png","contentUrl":"https:\/\/matlasyntek.1704.org\/matlasyntek\/wp-content\/uploads\/2024\/12\/2Recurso-5.png","width":719,"height":86,"caption":"Matlasyntek"},"image":{"@id":"https:\/\/matlasyntek.1704.org\/matlasyntek\/#\/schema\/logo\/image\/"}}]}},"_links":{"self":[{"href":"https:\/\/matlasyntek.1704.org\/matlasyntek\/wp-json\/wp\/v2\/pages\/1447","targetHints":{"allow":["GET"]}}],"collection":[{"href":"https:\/\/matlasyntek.1704.org\/matlasyntek\/wp-json\/wp\/v2\/pages"}],"about":[{"href":"https:\/\/matlasyntek.1704.org\/matlasyntek\/wp-json\/wp\/v2\/types\/page"}],"author":[{"embeddable":true,"href":"https:\/\/matlasyntek.1704.org\/matlasyntek\/wp-json\/wp\/v2\/users\/1"}],"replies":[{"embeddable":true,"href":"https:\/\/matlasyntek.1704.org\/matlasyntek\/wp-json\/wp\/v2\/comments?post=1447"}],"version-history":[{"count":13,"href":"https:\/\/matlasyntek.1704.org\/matlasyntek\/wp-json\/wp\/v2\/pages\/1447\/revisions"}],"predecessor-version":[{"id":2910,"href":"https:\/\/matlasyntek.1704.org\/matlasyntek\/wp-json\/wp\/v2\/pages\/1447\/revisions\/2910"}],"wp:attachment":[{"href":"https:\/\/matlasyntek.1704.org\/matlasyntek\/wp-json\/wp\/v2\/media?parent=1447"}],"curies":[{"name":"wp","href":"https:\/\/api.w.org\/{rel}","templated":true}]}}