{"id":1484,"date":"2025-02-14T07:13:50","date_gmt":"2025-02-14T07:13:50","guid":{"rendered":"https:\/\/matlasyntek.1704.org\/matlasyntek\/?page_id=1484"},"modified":"2025-02-14T07:19:26","modified_gmt":"2025-02-14T07:19:26","slug":"rehal","status":"publish","type":"page","link":"https:\/\/matlasyntek.1704.org\/matlasyntek\/rehal\/","title":{"rendered":"Rehal"},"content":{"rendered":"\t\t<div data-elementor-type=\"wp-page\" data-elementor-id=\"1484\" class=\"elementor elementor-1484\" data-elementor-post-type=\"page\">\n\t\t\t\t\t\t<section class=\"elementor-section elementor-top-section elementor-element elementor-element-f1024ed elementor-section-boxed elementor-section-height-default elementor-section-height-default\" data-id=\"f1024ed\" data-element_type=\"section\">\n\t\t\t\t\t\t<div class=\"elementor-container elementor-column-gap-default\">\n\t\t\t\t\t<div class=\"elementor-column elementor-col-33 elementor-top-column elementor-element elementor-element-cc630ec\" data-id=\"cc630ec\" data-element_type=\"column\">\n\t\t\t<div class=\"elementor-widget-wrap elementor-element-populated\">\n\t\t\t\t\t\t<div class=\"elementor-element elementor-element-7265ac9 elementor-widget elementor-widget-image\" data-id=\"7265ac9\" data-element_type=\"widget\" data-widget_type=\"image.default\">\n\t\t\t\t<div class=\"elementor-widget-container\">\n\t\t\t\t\t\t\t\t\t\t\t\t\t<img fetchpriority=\"high\" decoding=\"async\" width=\"800\" height=\"793\" src=\"https:\/\/matlasyntek.1704.org\/matlasyntek\/wp-content\/uploads\/2025\/02\/Captura-de-pantalla-2025-02-14-010653.jpg\" class=\"attachment-large size-large wp-image-1480\" alt=\"\" srcset=\"https:\/\/matlasyntek.1704.org\/matlasyntek\/wp-content\/uploads\/2025\/02\/Captura-de-pantalla-2025-02-14-010653.jpg 911w, https:\/\/matlasyntek.1704.org\/matlasyntek\/wp-content\/uploads\/2025\/02\/Captura-de-pantalla-2025-02-14-010653-300x297.jpg 300w, https:\/\/matlasyntek.1704.org\/matlasyntek\/wp-content\/uploads\/2025\/02\/Captura-de-pantalla-2025-02-14-010653-150x150.jpg 150w, https:\/\/matlasyntek.1704.org\/matlasyntek\/wp-content\/uploads\/2025\/02\/Captura-de-pantalla-2025-02-14-010653-768x761.jpg 768w\" sizes=\"(max-width: 800px) 100vw, 800px\" \/>\t\t\t\t\t\t\t\t\t\t\t\t\t<\/div>\n\t\t\t\t<\/div>\n\t\t\t\t<div class=\"elementor-element elementor-element-f62fd89 elementor-headline--style-highlight elementor-widget elementor-widget-animated-headline\" data-id=\"f62fd89\" data-element_type=\"widget\" data-settings=\"{&quot;highlighted_text&quot;:&quot;conoce su trabajo &quot;,&quot;headline_style&quot;:&quot;highlight&quot;,&quot;marker&quot;:&quot;circle&quot;,&quot;loop&quot;:&quot;yes&quot;,&quot;highlight_animation_duration&quot;:1200,&quot;highlight_iteration_delay&quot;:8000}\" data-widget_type=\"animated-headline.default\">\n\t\t\t\t<div class=\"elementor-widget-container\">\n\t\t\t\t\t<h6 class=\"elementor-headline\">\n\t\t\t\t<span class=\"elementor-headline-dynamic-wrapper elementor-headline-text-wrapper\">\n\t\t\t\t\t<span class=\"elementor-headline-dynamic-text elementor-headline-text-active\">conoce su trabajo <\/span>\n\t\t\t\t<\/span>\n\t\t\t\t<\/h6>\n\t\t\t\t<\/div>\n\t\t\t\t<\/div>\n\t\t\t\t<div class=\"elementor-element elementor-element-37741f6 elementor-shape-rounded elementor-grid-0 e-grid-align-center elementor-widget elementor-widget-social-icons\" data-id=\"37741f6\" data-element_type=\"widget\" data-widget_type=\"social-icons.default\">\n\t\t\t\t<div class=\"elementor-widget-container\">\n\t\t\t\t\t<div class=\"elementor-social-icons-wrapper elementor-grid\">\n\t\t\t\t\t\t\t<span class=\"elementor-grid-item\">\n\t\t\t\t\t<a class=\"elementor-icon elementor-social-icon elementor-social-icon-instagram elementor-repeater-item-16de93a\" href=\"https:\/\/www.instagram.com\/rehal._____\/\">\n\t\t\t\t\t\t<span class=\"elementor-screen-only\">Instagram<\/span>\n\t\t\t\t\t\t<i class=\"fab fa-instagram\"><\/i>\t\t\t\t\t<\/a>\n\t\t\t\t<\/span>\n\t\t\t\t\t\t\t<span class=\"elementor-grid-item\">\n\t\t\t\t\t<a class=\"elementor-icon elementor-social-icon elementor-social-icon-link elementor-repeater-item-a8aa93f\" href=\"https:\/\/www.tiktok.com\/@rehaloficial\" target=\"_blank\">\n\t\t\t\t\t\t<span class=\"elementor-screen-only\">Link<\/span>\n\t\t\t\t\t\t<i class=\"fas fa-link\"><\/i>\t\t\t\t\t<\/a>\n\t\t\t\t<\/span>\n\t\t\t\t\t<\/div>\n\t\t\t\t<\/div>\n\t\t\t\t<\/div>\n\t\t\t\t\t<\/div>\n\t\t<\/div>\n\t\t\t\t<div class=\"elementor-column elementor-col-33 elementor-top-column elementor-element elementor-element-0e6b3d9\" data-id=\"0e6b3d9\" data-element_type=\"column\">\n\t\t\t<div class=\"elementor-widget-wrap elementor-element-populated\">\n\t\t\t\t\t\t<div class=\"elementor-element elementor-element-859c777 elementor-widget elementor-widget-text-editor\" data-id=\"859c777\" data-element_type=\"widget\" data-widget_type=\"text-editor.default\">\n\t\t\t\t<div class=\"elementor-widget-container\">\n\t\t\t\t\t\t\t<h3 data-start=\"115\" data-end=\"171\"><strong data-start=\"122\" data-end=\"169\">RE HAL\u00ae: La Moda Urbana que Expresa lo Real<\/strong><\/h3><p data-start=\"172\" data-end=\"399\">En un mundo donde las tendencias cambian a cada segundo, <strong data-start=\"229\" data-end=\"239\">RE HAL<\/strong> se mantiene firme en su prop\u00f3sito: <strong data-start=\"275\" data-end=\"396\">crear moda urbana aut\u00e9ntica, con identidad y una conexi\u00f3n real con la cultura y los fen\u00f3menos sociales que nos rodean<\/strong>.<\/p><p data-start=\"401\" data-end=\"690\">Este proyecto, fundado en <strong data-start=\"427\" data-end=\"435\">2024<\/strong>, nace con la misi\u00f3n de representar lo que realmente somos y sentimos, sin filtros ni artificios. Cada prenda de <strong data-start=\"548\" data-end=\"558\">RE HAL<\/strong> es un manifiesto, un s\u00edmbolo de la escena urbana que busca <strong data-start=\"618\" data-end=\"687\">expresi\u00f3n sin l\u00edmites, actitud sin miedo y estilo sin compromisos<\/strong>.<\/p><p data-start=\"692\" data-end=\"977\">\u26a1 <strong data-start=\"694\" data-end=\"731\">Una Marca que Espejea la Realidad<\/strong><br data-start=\"731\" data-end=\"734\" \/>La ropa no es solo tela y dise\u00f1o, es una declaraci\u00f3n de principios. En <strong data-start=\"805\" data-end=\"815\">RE HAL<\/strong>, cada pieza est\u00e1 dise\u00f1ada para reflejar la esencia de la calle, la m\u00fasica, la cultura underground y las emociones que a veces no podemos expresar con palabras.<\/p>\t\t\t\t\t\t<\/div>\n\t\t\t\t<\/div>\n\t\t\t\t\t<\/div>\n\t\t<\/div>\n\t\t\t\t<div class=\"elementor-column elementor-col-33 elementor-top-column elementor-element elementor-element-30ef9d7\" data-id=\"30ef9d7\" data-element_type=\"column\">\n\t\t\t<div class=\"elementor-widget-wrap elementor-element-populated\">\n\t\t\t\t\t\t<div class=\"elementor-element elementor-element-c6af36e elementor-widget elementor-widget-text-editor\" data-id=\"c6af36e\" data-element_type=\"widget\" data-widget_type=\"text-editor.default\">\n\t\t\t\t<div class=\"elementor-widget-container\">\n\t\t\t\t\t\t\t<p data-start=\"1173\" data-end=\"1514\">\ud83c\udfad <strong data-start=\"982\" data-end=\"1013\">Moda Urbana con Significado<\/strong><br data-start=\"1013\" data-end=\"1016\" \/>RE HAL no sigue tendencias, las crea. A trav\u00e9s de sus dise\u00f1os, busca que cada persona encuentre su voz y se atreva a mostrar su verdad sin restricciones.<\/p><p data-start=\"1173\" data-end=\"1514\">\ud83d\udd17 <strong data-start=\"1176\" data-end=\"1210\">Conectando con la Escena Local<\/strong><br data-start=\"1210\" data-end=\"1213\" \/>La visi\u00f3n de <strong data-start=\"1226\" data-end=\"1236\">RE HAL<\/strong> no es solo vender ropa, sino impulsar la escena, crear comunidad y <strong data-start=\"1304\" data-end=\"1384\">motivar a quienes forman parte del movimiento a expresarse de manera genuina<\/strong>. Esta es una marca para quienes ven en la moda un lienzo de su identidad, para quienes se niegan a encajar en moldes impuestos.<\/p><p data-start=\"1516\" data-end=\"1816\">\ud83d\ude80 <strong data-start=\"1519\" data-end=\"1545\">Presencia en Andr\u00f3meda<\/strong><br data-start=\"1545\" data-end=\"1548\" \/>En <strong data-start=\"1551\" data-end=\"1564\">Andr\u00f3meda<\/strong>, <strong data-start=\"1566\" data-end=\"1576\">RE HAL<\/strong> traer\u00e1 su esencia rebelde y aut\u00e9ntica para que encuentres la prenda que m\u00e1s vibra contigo. Ya seas amante del streetwear, la cultura urbana o simplemente busques ropa con actitud y significado, este es el lugar perfecto para encontrarla.<\/p>\t\t\t\t\t\t<\/div>\n\t\t\t\t<\/div>\n\t\t\t\t\t<\/div>\n\t\t<\/div>\n\t\t\t\t\t<\/div>\n\t\t<\/section>\n\t\t\t\t<section class=\"elementor-section elementor-top-section elementor-element elementor-element-18bd110 elementor-section-boxed elementor-section-height-default elementor-section-height-default\" data-id=\"18bd110\" data-element_type=\"section\">\n\t\t\t\t\t\t<div class=\"elementor-container elementor-column-gap-default\">\n\t\t\t\t\t<div class=\"elementor-column elementor-col-33 elementor-top-column elementor-element elementor-element-3ce92d4\" data-id=\"3ce92d4\" data-element_type=\"column\">\n\t\t\t<div class=\"elementor-widget-wrap elementor-element-populated\">\n\t\t\t\t\t\t<div class=\"elementor-element elementor-element-df6379e elementor-widget elementor-widget-text-editor\" data-id=\"df6379e\" data-element_type=\"widget\" data-widget_type=\"text-editor.default\">\n\t\t\t\t<div class=\"elementor-widget-container\">\n\t\t\t\t\t\t\t<p><strong data-start=\"1821\" data-end=\"1989\">Expresa lo que eres, lo que sientes y lo que crees. RE HAL es m\u00e1s que ropa, es la esencia de la calle, la m\u00fasica y la escena en una prenda. \u00a1Nos vemos en Andr\u00f3meda!<\/strong> \ud83c\udff4<\/p>\t\t\t\t\t\t<\/div>\n\t\t\t\t<\/div>\n\t\t\t\t\t<\/div>\n\t\t<\/div>\n\t\t\t\t<div class=\"elementor-column elementor-col-66 elementor-top-column elementor-element elementor-element-61d8aac\" data-id=\"61d8aac\" data-element_type=\"column\">\n\t\t\t<div class=\"elementor-widget-wrap elementor-element-populated\">\n\t\t\t\t\t\t<div class=\"elementor-element elementor-element-e99a5d8 elementor-arrows-position-inside elementor-pagination-position-outside elementor-widget elementor-widget-image-carousel\" data-id=\"e99a5d8\" data-element_type=\"widget\" data-settings=\"{&quot;navigation&quot;:&quot;both&quot;,&quot;autoplay&quot;:&quot;yes&quot;,&quot;pause_on_hover&quot;:&quot;yes&quot;,&quot;pause_on_interaction&quot;:&quot;yes&quot;,&quot;autoplay_speed&quot;:5000,&quot;infinite&quot;:&quot;yes&quot;,&quot;speed&quot;:500}\" data-widget_type=\"image-carousel.default\">\n\t\t\t\t<div class=\"elementor-widget-container\">\n\t\t\t\t\t<div class=\"elementor-image-carousel-wrapper swiper\" dir=\"ltr\">\n\t\t\t<div class=\"elementor-image-carousel swiper-wrapper\" aria-live=\"off\">\n\t\t\t\t\t\t\t\t<div class=\"swiper-slide\" role=\"group\" aria-roledescription=\"slide\" aria-label=\"1 de 2\"><figure class=\"swiper-slide-inner\"><img decoding=\"async\" class=\"swiper-slide-image\" src=\"https:\/\/matlasyntek.1704.org\/matlasyntek\/wp-content\/uploads\/2025\/02\/segunda-imagen-.png\" alt=\"segunda imagen\" \/><\/figure><\/div><div class=\"swiper-slide\" role=\"group\" aria-roledescription=\"slide\" aria-label=\"2 de 2\"><figure class=\"swiper-slide-inner\"><img decoding=\"async\" class=\"swiper-slide-image\" src=\"https:\/\/matlasyntek.1704.org\/matlasyntek\/wp-content\/uploads\/2025\/02\/tercer-imagen.png\" alt=\"tercer imagen\" \/><\/figure><\/div>\t\t\t<\/div>\n\t\t\t\t\t\t\t\t\t\t\t\t<div class=\"elementor-swiper-button elementor-swiper-button-prev\" role=\"button\" tabindex=\"0\">\n\t\t\t\t\t\t<i aria-hidden=\"true\" class=\"eicon-chevron-left\"><\/i>\t\t\t\t\t<\/div>\n\t\t\t\t\t<div class=\"elementor-swiper-button elementor-swiper-button-next\" role=\"button\" tabindex=\"0\">\n\t\t\t\t\t\t<i aria-hidden=\"true\" class=\"eicon-chevron-right\"><\/i>\t\t\t\t\t<\/div>\n\t\t\t\t\n\t\t\t\t\t\t\t\t\t<div class=\"swiper-pagination\"><\/div>\n\t\t\t\t\t\t\t\t\t<\/div>\n\t\t\t\t<\/div>\n\t\t\t\t<\/div>\n\t\t\t\t\t<\/div>\n\t\t<\/div>\n\t\t\t\t\t<\/div>\n\t\t<\/section>\n\t\t\t\t<\/div>\n\t\t","protected":false},"excerpt":{"rendered":"<p>conoce su trabajo Instagram Link RE HAL\u00ae: La Moda Urbana que Expresa lo Real En un mundo donde las tendencias cambian a cada segundo, RE HAL se mantiene firme en su prop\u00f3sito: crear moda urbana aut\u00e9ntica, con identidad y una conexi\u00f3n real con la cultura y los fen\u00f3menos sociales que nos rodean. Este proyecto, fundado [&hellip;]<\/p>\n","protected":false},"author":1,"featured_media":0,"parent":0,"menu_order":0,"comment_status":"closed","ping_status":"closed","template":"","meta":{"footnotes":""},"class_list":["post-1484","page","type-page","status-publish","hentry"],"yoast_head":"<!-- This site is optimized with the Yoast SEO plugin v24.0 - https:\/\/yoast.com\/wordpress\/plugins\/seo\/ -->\n<title>Rehal - Matlasyntek<\/title>\n<meta name=\"robots\" content=\"index, follow, max-snippet:-1, max-image-preview:large, max-video-preview:-1\" \/>\n<link rel=\"canonical\" href=\"https:\/\/matlasyntek.1704.org\/matlasyntek\/rehal\/\" \/>\n<meta property=\"og:locale\" content=\"es_MX\" \/>\n<meta property=\"og:type\" content=\"article\" \/>\n<meta property=\"og:title\" content=\"Rehal - Matlasyntek\" \/>\n<meta property=\"og:description\" content=\"conoce su trabajo Instagram Link RE HAL\u00ae: La Moda Urbana que Expresa lo Real En un mundo donde las tendencias cambian a cada segundo, RE HAL se mantiene firme en su prop\u00f3sito: crear moda urbana aut\u00e9ntica, con identidad y una conexi\u00f3n real con la cultura y los fen\u00f3menos sociales que nos rodean. Este proyecto, fundado [&hellip;]\" \/>\n<meta property=\"og:url\" content=\"https:\/\/matlasyntek.1704.org\/matlasyntek\/rehal\/\" \/>\n<meta property=\"og:site_name\" content=\"Matlasyntek\" \/>\n<meta property=\"article:modified_time\" content=\"2025-02-14T07:19:26+00:00\" \/>\n<meta property=\"og:image\" content=\"https:\/\/matlasyntek.1704.org\/matlasyntek\/wp-content\/uploads\/2025\/02\/Captura-de-pantalla-2025-02-14-010653.jpg\" \/>\n\t<meta property=\"og:image:width\" content=\"911\" \/>\n\t<meta property=\"og:image:height\" content=\"903\" \/>\n\t<meta property=\"og:image:type\" content=\"image\/jpeg\" \/>\n<meta name=\"twitter:card\" content=\"summary_large_image\" \/>\n<meta name=\"twitter:label1\" content=\"Tiempo de lectura\" \/>\n\t<meta name=\"twitter:data1\" content=\"2 minutos\" \/>\n<script type=\"application\/ld+json\" class=\"yoast-schema-graph\">{\"@context\":\"https:\/\/schema.org\",\"@graph\":[{\"@type\":\"WebPage\",\"@id\":\"https:\/\/matlasyntek.1704.org\/matlasyntek\/rehal\/\",\"url\":\"https:\/\/matlasyntek.1704.org\/matlasyntek\/rehal\/\",\"name\":\"Rehal - Matlasyntek\",\"isPartOf\":{\"@id\":\"https:\/\/matlasyntek.1704.org\/matlasyntek\/#website\"},\"primaryImageOfPage\":{\"@id\":\"https:\/\/matlasyntek.1704.org\/matlasyntek\/rehal\/#primaryimage\"},\"image\":{\"@id\":\"https:\/\/matlasyntek.1704.org\/matlasyntek\/rehal\/#primaryimage\"},\"thumbnailUrl\":\"https:\/\/matlasyntek.1704.org\/matlasyntek\/wp-content\/uploads\/2025\/02\/Captura-de-pantalla-2025-02-14-010653.jpg\",\"datePublished\":\"2025-02-14T07:13:50+00:00\",\"dateModified\":\"2025-02-14T07:19:26+00:00\",\"breadcrumb\":{\"@id\":\"https:\/\/matlasyntek.1704.org\/matlasyntek\/rehal\/#breadcrumb\"},\"inLanguage\":\"es\",\"potentialAction\":[{\"@type\":\"ReadAction\",\"target\":[\"https:\/\/matlasyntek.1704.org\/matlasyntek\/rehal\/\"]}]},{\"@type\":\"ImageObject\",\"inLanguage\":\"es\",\"@id\":\"https:\/\/matlasyntek.1704.org\/matlasyntek\/rehal\/#primaryimage\",\"url\":\"https:\/\/matlasyntek.1704.org\/matlasyntek\/wp-content\/uploads\/2025\/02\/Captura-de-pantalla-2025-02-14-010653.jpg\",\"contentUrl\":\"https:\/\/matlasyntek.1704.org\/matlasyntek\/wp-content\/uploads\/2025\/02\/Captura-de-pantalla-2025-02-14-010653.jpg\",\"width\":911,\"height\":903},{\"@type\":\"BreadcrumbList\",\"@id\":\"https:\/\/matlasyntek.1704.org\/matlasyntek\/rehal\/#breadcrumb\",\"itemListElement\":[{\"@type\":\"ListItem\",\"position\":1,\"name\":\"Home\",\"item\":\"https:\/\/matlasyntek.1704.org\/matlasyntek\/\"},{\"@type\":\"ListItem\",\"position\":2,\"name\":\"Rehal\"}]},{\"@type\":\"WebSite\",\"@id\":\"https:\/\/matlasyntek.1704.org\/matlasyntek\/#website\",\"url\":\"https:\/\/matlasyntek.1704.org\/matlasyntek\/\",\"name\":\"Matlasyntek\",\"description\":\"\",\"publisher\":{\"@id\":\"https:\/\/matlasyntek.1704.org\/matlasyntek\/#organization\"},\"potentialAction\":[{\"@type\":\"SearchAction\",\"target\":{\"@type\":\"EntryPoint\",\"urlTemplate\":\"https:\/\/matlasyntek.1704.org\/matlasyntek\/?s={search_term_string}\"},\"query-input\":{\"@type\":\"PropertyValueSpecification\",\"valueRequired\":true,\"valueName\":\"search_term_string\"}}],\"inLanguage\":\"es\"},{\"@type\":\"Organization\",\"@id\":\"https:\/\/matlasyntek.1704.org\/matlasyntek\/#organization\",\"name\":\"Matlasyntek\",\"url\":\"https:\/\/matlasyntek.1704.org\/matlasyntek\/\",\"logo\":{\"@type\":\"ImageObject\",\"inLanguage\":\"es\",\"@id\":\"https:\/\/matlasyntek.1704.org\/matlasyntek\/#\/schema\/logo\/image\/\",\"url\":\"https:\/\/matlasyntek.1704.org\/matlasyntek\/wp-content\/uploads\/2024\/12\/2Recurso-5.png\",\"contentUrl\":\"https:\/\/matlasyntek.1704.org\/matlasyntek\/wp-content\/uploads\/2024\/12\/2Recurso-5.png\",\"width\":719,\"height\":86,\"caption\":\"Matlasyntek\"},\"image\":{\"@id\":\"https:\/\/matlasyntek.1704.org\/matlasyntek\/#\/schema\/logo\/image\/\"}}]}<\/script>\n<!-- \/ Yoast SEO plugin. -->","yoast_head_json":{"title":"Rehal - Matlasyntek","robots":{"index":"index","follow":"follow","max-snippet":"max-snippet:-1","max-image-preview":"max-image-preview:large","max-video-preview":"max-video-preview:-1"},"canonical":"https:\/\/matlasyntek.1704.org\/matlasyntek\/rehal\/","og_locale":"es_MX","og_type":"article","og_title":"Rehal - Matlasyntek","og_description":"conoce su trabajo Instagram Link RE HAL\u00ae: La Moda Urbana que Expresa lo Real En un mundo donde las tendencias cambian a cada segundo, RE HAL se mantiene firme en su prop\u00f3sito: crear moda urbana aut\u00e9ntica, con identidad y una conexi\u00f3n real con la cultura y los fen\u00f3menos sociales que nos rodean. Este proyecto, fundado [&hellip;]","og_url":"https:\/\/matlasyntek.1704.org\/matlasyntek\/rehal\/","og_site_name":"Matlasyntek","article_modified_time":"2025-02-14T07:19:26+00:00","og_image":[{"width":911,"height":903,"url":"https:\/\/matlasyntek.1704.org\/matlasyntek\/wp-content\/uploads\/2025\/02\/Captura-de-pantalla-2025-02-14-010653.jpg","type":"image\/jpeg"}],"twitter_card":"summary_large_image","twitter_misc":{"Tiempo de lectura":"2 minutos"},"schema":{"@context":"https:\/\/schema.org","@graph":[{"@type":"WebPage","@id":"https:\/\/matlasyntek.1704.org\/matlasyntek\/rehal\/","url":"https:\/\/matlasyntek.1704.org\/matlasyntek\/rehal\/","name":"Rehal - Matlasyntek","isPartOf":{"@id":"https:\/\/matlasyntek.1704.org\/matlasyntek\/#website"},"primaryImageOfPage":{"@id":"https:\/\/matlasyntek.1704.org\/matlasyntek\/rehal\/#primaryimage"},"image":{"@id":"https:\/\/matlasyntek.1704.org\/matlasyntek\/rehal\/#primaryimage"},"thumbnailUrl":"https:\/\/matlasyntek.1704.org\/matlasyntek\/wp-content\/uploads\/2025\/02\/Captura-de-pantalla-2025-02-14-010653.jpg","datePublished":"2025-02-14T07:13:50+00:00","dateModified":"2025-02-14T07:19:26+00:00","breadcrumb":{"@id":"https:\/\/matlasyntek.1704.org\/matlasyntek\/rehal\/#breadcrumb"},"inLanguage":"es","potentialAction":[{"@type":"ReadAction","target":["https:\/\/matlasyntek.1704.org\/matlasyntek\/rehal\/"]}]},{"@type":"ImageObject","inLanguage":"es","@id":"https:\/\/matlasyntek.1704.org\/matlasyntek\/rehal\/#primaryimage","url":"https:\/\/matlasyntek.1704.org\/matlasyntek\/wp-content\/uploads\/2025\/02\/Captura-de-pantalla-2025-02-14-010653.jpg","contentUrl":"https:\/\/matlasyntek.1704.org\/matlasyntek\/wp-content\/uploads\/2025\/02\/Captura-de-pantalla-2025-02-14-010653.jpg","width":911,"height":903},{"@type":"BreadcrumbList","@id":"https:\/\/matlasyntek.1704.org\/matlasyntek\/rehal\/#breadcrumb","itemListElement":[{"@type":"ListItem","position":1,"name":"Home","item":"https:\/\/matlasyntek.1704.org\/matlasyntek\/"},{"@type":"ListItem","position":2,"name":"Rehal"}]},{"@type":"WebSite","@id":"https:\/\/matlasyntek.1704.org\/matlasyntek\/#website","url":"https:\/\/matlasyntek.1704.org\/matlasyntek\/","name":"Matlasyntek","description":"","publisher":{"@id":"https:\/\/matlasyntek.1704.org\/matlasyntek\/#organization"},"potentialAction":[{"@type":"SearchAction","target":{"@type":"EntryPoint","urlTemplate":"https:\/\/matlasyntek.1704.org\/matlasyntek\/?s={search_term_string}"},"query-input":{"@type":"PropertyValueSpecification","valueRequired":true,"valueName":"search_term_string"}}],"inLanguage":"es"},{"@type":"Organization","@id":"https:\/\/matlasyntek.1704.org\/matlasyntek\/#organization","name":"Matlasyntek","url":"https:\/\/matlasyntek.1704.org\/matlasyntek\/","logo":{"@type":"ImageObject","inLanguage":"es","@id":"https:\/\/matlasyntek.1704.org\/matlasyntek\/#\/schema\/logo\/image\/","url":"https:\/\/matlasyntek.1704.org\/matlasyntek\/wp-content\/uploads\/2024\/12\/2Recurso-5.png","contentUrl":"https:\/\/matlasyntek.1704.org\/matlasyntek\/wp-content\/uploads\/2024\/12\/2Recurso-5.png","width":719,"height":86,"caption":"Matlasyntek"},"image":{"@id":"https:\/\/matlasyntek.1704.org\/matlasyntek\/#\/schema\/logo\/image\/"}}]}},"_links":{"self":[{"href":"https:\/\/matlasyntek.1704.org\/matlasyntek\/wp-json\/wp\/v2\/pages\/1484","targetHints":{"allow":["GET"]}}],"collection":[{"href":"https:\/\/matlasyntek.1704.org\/matlasyntek\/wp-json\/wp\/v2\/pages"}],"about":[{"href":"https:\/\/matlasyntek.1704.org\/matlasyntek\/wp-json\/wp\/v2\/types\/page"}],"author":[{"embeddable":true,"href":"https:\/\/matlasyntek.1704.org\/matlasyntek\/wp-json\/wp\/v2\/users\/1"}],"replies":[{"embeddable":true,"href":"https:\/\/matlasyntek.1704.org\/matlasyntek\/wp-json\/wp\/v2\/comments?post=1484"}],"version-history":[{"count":7,"href":"https:\/\/matlasyntek.1704.org\/matlasyntek\/wp-json\/wp\/v2\/pages\/1484\/revisions"}],"predecessor-version":[{"id":1494,"href":"https:\/\/matlasyntek.1704.org\/matlasyntek\/wp-json\/wp\/v2\/pages\/1484\/revisions\/1494"}],"wp:attachment":[{"href":"https:\/\/matlasyntek.1704.org\/matlasyntek\/wp-json\/wp\/v2\/media?parent=1484"}],"curies":[{"name":"wp","href":"https:\/\/api.w.org\/{rel}","templated":true}]}}