{"id":2193,"date":"2025-05-27T01:55:01","date_gmt":"2025-05-27T01:55:01","guid":{"rendered":"https:\/\/matlasyntek.1704.org\/matlasyntek\/?page_id=2193"},"modified":"2025-05-27T02:04:26","modified_gmt":"2025-05-27T02:04:26","slug":"azulitos-minibar","status":"publish","type":"page","link":"https:\/\/matlasyntek.1704.org\/matlasyntek\/azulitos-minibar\/","title":{"rendered":"Azulitos minibar"},"content":{"rendered":"\t\t<div data-elementor-type=\"wp-page\" data-elementor-id=\"2193\" class=\"elementor elementor-2193\" data-elementor-post-type=\"page\">\n\t\t\t\t\t\t<section class=\"elementor-section elementor-top-section elementor-element elementor-element-750eaaf elementor-section-boxed elementor-section-height-default elementor-section-height-default elementor-invisible\" data-id=\"750eaaf\" data-element_type=\"section\" data-settings=\"{&quot;animation&quot;:&quot;fadeInDown&quot;}\">\n\t\t\t\t\t\t<div class=\"elementor-container elementor-column-gap-default\">\n\t\t\t\t\t<div class=\"elementor-column elementor-col-33 elementor-top-column elementor-element elementor-element-1a3732a\" data-id=\"1a3732a\" data-element_type=\"column\">\n\t\t\t<div class=\"elementor-widget-wrap elementor-element-populated\">\n\t\t\t\t\t\t<div class=\"elementor-element elementor-element-ecd31a1 elementor-widget elementor-widget-image\" data-id=\"ecd31a1\" data-element_type=\"widget\" data-widget_type=\"image.default\">\n\t\t\t\t<div class=\"elementor-widget-container\">\n\t\t\t\t\t\t\t\t\t\t\t\t\t<img fetchpriority=\"high\" decoding=\"async\" width=\"467\" height=\"457\" src=\"https:\/\/matlasyntek.1704.org\/matlasyntek\/wp-content\/uploads\/2025\/05\/WhatsApp-Image-2025-05-25-at-10.23.38-AM.jpeg\" class=\"attachment-large size-large wp-image-2192\" alt=\"\" srcset=\"https:\/\/matlasyntek.1704.org\/matlasyntek\/wp-content\/uploads\/2025\/05\/WhatsApp-Image-2025-05-25-at-10.23.38-AM.jpeg 467w, https:\/\/matlasyntek.1704.org\/matlasyntek\/wp-content\/uploads\/2025\/05\/WhatsApp-Image-2025-05-25-at-10.23.38-AM-300x294.jpeg 300w\" sizes=\"(max-width: 467px) 100vw, 467px\" \/>\t\t\t\t\t\t\t\t\t\t\t\t\t<\/div>\n\t\t\t\t<\/div>\n\t\t\t\t<div class=\"elementor-element elementor-element-389ce16 elementor-shape-rounded elementor-grid-0 e-grid-align-center elementor-widget elementor-widget-social-icons\" data-id=\"389ce16\" data-element_type=\"widget\" data-widget_type=\"social-icons.default\">\n\t\t\t\t<div class=\"elementor-widget-container\">\n\t\t\t\t\t<div class=\"elementor-social-icons-wrapper elementor-grid\">\n\t\t\t\t\t\t\t<span class=\"elementor-grid-item\">\n\t\t\t\t\t<a class=\"elementor-icon elementor-social-icon elementor-social-icon-facebook elementor-repeater-item-478a471\" href=\"https:\/\/www.facebook.com\/share\/16QqMPW4xG\/?mibextid=wwXIfr\" target=\"_blank\">\n\t\t\t\t\t\t<span class=\"elementor-screen-only\">Facebook<\/span>\n\t\t\t\t\t\t<i class=\"fab fa-facebook\"><\/i>\t\t\t\t\t<\/a>\n\t\t\t\t<\/span>\n\t\t\t\t\t\t\t<span class=\"elementor-grid-item\">\n\t\t\t\t\t<a class=\"elementor-icon elementor-social-icon elementor-social-icon-instagram elementor-repeater-item-3ee7bc8\" href=\"https:\/\/www.instagram.com\/azulitos_minibar?igsh=MXJ4NG40anBtNHM4eg%3D%3D&#038;utm_source=qr\" target=\"_blank\">\n\t\t\t\t\t\t<span class=\"elementor-screen-only\">Instagram<\/span>\n\t\t\t\t\t\t<i class=\"fab fa-instagram\"><\/i>\t\t\t\t\t<\/a>\n\t\t\t\t<\/span>\n\t\t\t\t\t<\/div>\n\t\t\t\t<\/div>\n\t\t\t\t<\/div>\n\t\t\t\t\t<\/div>\n\t\t<\/div>\n\t\t\t\t<div class=\"elementor-column elementor-col-33 elementor-top-column elementor-element elementor-element-9d09c56\" data-id=\"9d09c56\" data-element_type=\"column\">\n\t\t\t<div class=\"elementor-widget-wrap elementor-element-populated\">\n\t\t\t\t\t\t<div class=\"elementor-element elementor-element-c5f91c7 elementor-widget elementor-widget-heading\" data-id=\"c5f91c7\" data-element_type=\"widget\" data-widget_type=\"heading.default\">\n\t\t\t\t<div class=\"elementor-widget-container\">\n\t\t\t<h2 class=\"elementor-heading-title elementor-size-default\">Azulitos Minibar<\/h2>\t\t<\/div>\n\t\t\t\t<\/div>\n\t\t\t\t<div class=\"elementor-element elementor-element-2b33382 elementor-widget elementor-widget-text-editor\" data-id=\"2b33382\" data-element_type=\"widget\" data-widget_type=\"text-editor.default\">\n\t\t\t\t<div class=\"elementor-widget-container\">\n\t\t\t\t\t\t\t<p data-start=\"357\" data-end=\"542\">En el coraz\u00f3n de Ravexico, donde la m\u00fasica no da tregua y el cuerpo vibra sin descanso, <strong data-start=\"445\" data-end=\"465\">Azulitos Minibar<\/strong> llega con una propuesta clara, directa y explosiva: <strong data-start=\"518\" data-end=\"541\">azulitos y nada m\u00e1s<\/strong>.<\/p><p data-start=\"544\" data-end=\"875\">Este minibarra se especializa exclusivamente en preparar <strong data-start=\"601\" data-end=\"621\">bebidas azulitas<\/strong> con todo el estilo que define a la noche rave. Colores el\u00e9ctricos, sabores intensos y esa sensaci\u00f3n chispeante que enciende el cuerpo y suelta la mente. Cada vaso es una invitaci\u00f3n a soltar el control y dejarse llevar por el caos controlado del momento.<\/p>\t\t\t\t\t\t<\/div>\n\t\t\t\t<\/div>\n\t\t\t\t\t<\/div>\n\t\t<\/div>\n\t\t\t\t<div class=\"elementor-column elementor-col-33 elementor-top-column elementor-element elementor-element-66ba41a\" data-id=\"66ba41a\" data-element_type=\"column\">\n\t\t\t<div class=\"elementor-widget-wrap elementor-element-populated\">\n\t\t\t\t\t\t<div class=\"elementor-element elementor-element-1489492 elementor-widget elementor-widget-text-editor\" data-id=\"1489492\" data-element_type=\"widget\" data-widget_type=\"text-editor.default\">\n\t\t\t\t<div class=\"elementor-widget-container\">\n\t\t\t\t\t\t\t<p data-start=\"877\" data-end=\"1155\">No hay men\u00fa complicado. Aqu\u00ed se viene por el trago que ya es leyenda. Refrescante, potente y con el sello inconfundible de la fiesta sin pausa, <strong data-start=\"1021\" data-end=\"1041\">Azulitos Minibar<\/strong> es la parada ideal para recargar energ\u00eda, brindar con tu crew y seguir la revoluci\u00f3n sonora con el sabor en alto.<\/p><p data-start=\"1157\" data-end=\"1191\">Si vas a brindar, que sea en azul.<\/p>\t\t\t\t\t\t<\/div>\n\t\t\t\t<\/div>\n\t\t\t\t<div class=\"elementor-element elementor-element-54a857c elementor-arrows-position-inside elementor-pagination-position-outside elementor-widget elementor-widget-image-carousel\" data-id=\"54a857c\" data-element_type=\"widget\" data-settings=\"{&quot;slides_to_show&quot;:&quot;1&quot;,&quot;navigation&quot;:&quot;both&quot;,&quot;autoplay&quot;:&quot;yes&quot;,&quot;pause_on_hover&quot;:&quot;yes&quot;,&quot;pause_on_interaction&quot;:&quot;yes&quot;,&quot;autoplay_speed&quot;:5000,&quot;infinite&quot;:&quot;yes&quot;,&quot;effect&quot;:&quot;slide&quot;,&quot;speed&quot;:500}\" data-widget_type=\"image-carousel.default\">\n\t\t\t\t<div class=\"elementor-widget-container\">\n\t\t\t\t\t<div class=\"elementor-image-carousel-wrapper swiper\" dir=\"ltr\">\n\t\t\t<div class=\"elementor-image-carousel swiper-wrapper\" aria-live=\"off\">\n\t\t\t\t\t\t\t\t<div class=\"swiper-slide\" role=\"group\" aria-roledescription=\"slide\" aria-label=\"1 de 5\"><figure class=\"swiper-slide-inner\"><img decoding=\"async\" class=\"swiper-slide-image\" src=\"https:\/\/matlasyntek.1704.org\/matlasyntek\/wp-content\/uploads\/2025\/05\/SaveClip.App_465975827_1873562483128624_4376979473605952948_n.jpg\" alt=\"SaveClip.App_465975827_1873562483128624_4376979473605952948_n\" \/><\/figure><\/div><div class=\"swiper-slide\" role=\"group\" aria-roledescription=\"slide\" aria-label=\"2 de 5\"><figure class=\"swiper-slide-inner\"><img decoding=\"async\" class=\"swiper-slide-image\" src=\"https:\/\/matlasyntek.1704.org\/matlasyntek\/wp-content\/uploads\/2025\/05\/SaveClip.App_487552600_18388414819112025_8763425321600359333_n.jpg\" alt=\"SaveClip.App_487552600_18388414819112025_8763425321600359333_n\" \/><\/figure><\/div><div class=\"swiper-slide\" role=\"group\" aria-roledescription=\"slide\" aria-label=\"3 de 5\"><figure class=\"swiper-slide-inner\"><img decoding=\"async\" class=\"swiper-slide-image\" src=\"https:\/\/matlasyntek.1704.org\/matlasyntek\/wp-content\/uploads\/2025\/05\/SaveClip.App_487682548_18388414801112025_1382059321421991277_n.jpg\" alt=\"SaveClip.App_487682548_18388414801112025_1382059321421991277_n\" \/><\/figure><\/div><div class=\"swiper-slide\" role=\"group\" aria-roledescription=\"slide\" aria-label=\"4 de 5\"><figure class=\"swiper-slide-inner\"><img decoding=\"async\" class=\"swiper-slide-image\" src=\"https:\/\/matlasyntek.1704.org\/matlasyntek\/wp-content\/uploads\/2025\/05\/SaveClip.App_488310269_18388414768112025_3963274820747638214_n.jpg\" alt=\"SaveClip.App_488310269_18388414768112025_3963274820747638214_n\" \/><\/figure><\/div><div class=\"swiper-slide\" role=\"group\" aria-roledescription=\"slide\" aria-label=\"5 de 5\"><figure class=\"swiper-slide-inner\"><img decoding=\"async\" class=\"swiper-slide-image\" src=\"https:\/\/matlasyntek.1704.org\/matlasyntek\/wp-content\/uploads\/2025\/05\/SaveClip.App_491447491_18390902158112025_3342952320099580143_n.jpg\" alt=\"SaveClip.App_491447491_18390902158112025_3342952320099580143_n\" \/><\/figure><\/div>\t\t\t<\/div>\n\t\t\t\t\t\t\t\t\t\t\t\t<div class=\"elementor-swiper-button elementor-swiper-button-prev\" role=\"button\" tabindex=\"0\">\n\t\t\t\t\t\t<i aria-hidden=\"true\" class=\"eicon-chevron-left\"><\/i>\t\t\t\t\t<\/div>\n\t\t\t\t\t<div class=\"elementor-swiper-button elementor-swiper-button-next\" role=\"button\" tabindex=\"0\">\n\t\t\t\t\t\t<i aria-hidden=\"true\" class=\"eicon-chevron-right\"><\/i>\t\t\t\t\t<\/div>\n\t\t\t\t\n\t\t\t\t\t\t\t\t\t<div class=\"swiper-pagination\"><\/div>\n\t\t\t\t\t\t\t\t\t<\/div>\n\t\t\t\t<\/div>\n\t\t\t\t<\/div>\n\t\t\t\t\t<\/div>\n\t\t<\/div>\n\t\t\t\t\t<\/div>\n\t\t<\/section>\n\t\t\t\t<\/div>\n\t\t","protected":false},"excerpt":{"rendered":"<p>Facebook Instagram Azulitos Minibar En el coraz\u00f3n de Ravexico, donde la m\u00fasica no da tregua y el cuerpo vibra sin descanso, Azulitos Minibar llega con una propuesta clara, directa y explosiva: azulitos y nada m\u00e1s. Este minibarra se especializa exclusivamente en preparar bebidas azulitas con todo el estilo que define a la noche rave. Colores [&hellip;]<\/p>\n","protected":false},"author":1,"featured_media":0,"parent":0,"menu_order":0,"comment_status":"closed","ping_status":"closed","template":"","meta":{"footnotes":""},"class_list":["post-2193","page","type-page","status-publish","hentry"],"yoast_head":"<!-- This site is optimized with the Yoast SEO plugin v24.0 - https:\/\/yoast.com\/wordpress\/plugins\/seo\/ -->\n<title>Azulitos minibar - Matlasyntek<\/title>\n<meta name=\"robots\" content=\"index, follow, max-snippet:-1, max-image-preview:large, max-video-preview:-1\" \/>\n<link rel=\"canonical\" href=\"https:\/\/matlasyntek.1704.org\/matlasyntek\/azulitos-minibar\/\" \/>\n<meta property=\"og:locale\" content=\"es_MX\" \/>\n<meta property=\"og:type\" content=\"article\" \/>\n<meta property=\"og:title\" content=\"Azulitos minibar - Matlasyntek\" \/>\n<meta property=\"og:description\" content=\"Facebook Instagram Azulitos Minibar En el coraz\u00f3n de Ravexico, donde la m\u00fasica no da tregua y el cuerpo vibra sin descanso, Azulitos Minibar llega con una propuesta clara, directa y explosiva: azulitos y nada m\u00e1s. Este minibarra se especializa exclusivamente en preparar bebidas azulitas con todo el estilo que define a la noche rave. Colores [&hellip;]\" \/>\n<meta property=\"og:url\" content=\"https:\/\/matlasyntek.1704.org\/matlasyntek\/azulitos-minibar\/\" \/>\n<meta property=\"og:site_name\" content=\"Matlasyntek\" \/>\n<meta property=\"article:modified_time\" content=\"2025-05-27T02:04:26+00:00\" \/>\n<meta property=\"og:image\" content=\"https:\/\/matlasyntek.1704.org\/matlasyntek\/wp-content\/uploads\/2025\/05\/WhatsApp-Image-2025-05-25-at-10.23.38-AM.jpeg\" \/>\n\t<meta property=\"og:image:width\" content=\"467\" \/>\n\t<meta property=\"og:image:height\" content=\"457\" \/>\n\t<meta property=\"og:image:type\" content=\"image\/jpeg\" \/>\n<meta name=\"twitter:card\" content=\"summary_large_image\" \/>\n<meta name=\"twitter:label1\" content=\"Tiempo de lectura\" \/>\n\t<meta name=\"twitter:data1\" content=\"1 minuto\" \/>\n<script type=\"application\/ld+json\" class=\"yoast-schema-graph\">{\"@context\":\"https:\/\/schema.org\",\"@graph\":[{\"@type\":\"WebPage\",\"@id\":\"https:\/\/matlasyntek.1704.org\/matlasyntek\/azulitos-minibar\/\",\"url\":\"https:\/\/matlasyntek.1704.org\/matlasyntek\/azulitos-minibar\/\",\"name\":\"Azulitos minibar - Matlasyntek\",\"isPartOf\":{\"@id\":\"https:\/\/matlasyntek.1704.org\/matlasyntek\/#website\"},\"primaryImageOfPage\":{\"@id\":\"https:\/\/matlasyntek.1704.org\/matlasyntek\/azulitos-minibar\/#primaryimage\"},\"image\":{\"@id\":\"https:\/\/matlasyntek.1704.org\/matlasyntek\/azulitos-minibar\/#primaryimage\"},\"thumbnailUrl\":\"https:\/\/matlasyntek.1704.org\/matlasyntek\/wp-content\/uploads\/2025\/05\/WhatsApp-Image-2025-05-25-at-10.23.38-AM.jpeg\",\"datePublished\":\"2025-05-27T01:55:01+00:00\",\"dateModified\":\"2025-05-27T02:04:26+00:00\",\"breadcrumb\":{\"@id\":\"https:\/\/matlasyntek.1704.org\/matlasyntek\/azulitos-minibar\/#breadcrumb\"},\"inLanguage\":\"es\",\"potentialAction\":[{\"@type\":\"ReadAction\",\"target\":[\"https:\/\/matlasyntek.1704.org\/matlasyntek\/azulitos-minibar\/\"]}]},{\"@type\":\"ImageObject\",\"inLanguage\":\"es\",\"@id\":\"https:\/\/matlasyntek.1704.org\/matlasyntek\/azulitos-minibar\/#primaryimage\",\"url\":\"https:\/\/matlasyntek.1704.org\/matlasyntek\/wp-content\/uploads\/2025\/05\/WhatsApp-Image-2025-05-25-at-10.23.38-AM.jpeg\",\"contentUrl\":\"https:\/\/matlasyntek.1704.org\/matlasyntek\/wp-content\/uploads\/2025\/05\/WhatsApp-Image-2025-05-25-at-10.23.38-AM.jpeg\",\"width\":467,\"height\":457},{\"@type\":\"BreadcrumbList\",\"@id\":\"https:\/\/matlasyntek.1704.org\/matlasyntek\/azulitos-minibar\/#breadcrumb\",\"itemListElement\":[{\"@type\":\"ListItem\",\"position\":1,\"name\":\"Home\",\"item\":\"https:\/\/matlasyntek.1704.org\/matlasyntek\/\"},{\"@type\":\"ListItem\",\"position\":2,\"name\":\"Azulitos minibar\"}]},{\"@type\":\"WebSite\",\"@id\":\"https:\/\/matlasyntek.1704.org\/matlasyntek\/#website\",\"url\":\"https:\/\/matlasyntek.1704.org\/matlasyntek\/\",\"name\":\"Matlasyntek\",\"description\":\"\",\"publisher\":{\"@id\":\"https:\/\/matlasyntek.1704.org\/matlasyntek\/#organization\"},\"potentialAction\":[{\"@type\":\"SearchAction\",\"target\":{\"@type\":\"EntryPoint\",\"urlTemplate\":\"https:\/\/matlasyntek.1704.org\/matlasyntek\/?s={search_term_string}\"},\"query-input\":{\"@type\":\"PropertyValueSpecification\",\"valueRequired\":true,\"valueName\":\"search_term_string\"}}],\"inLanguage\":\"es\"},{\"@type\":\"Organization\",\"@id\":\"https:\/\/matlasyntek.1704.org\/matlasyntek\/#organization\",\"name\":\"Matlasyntek\",\"url\":\"https:\/\/matlasyntek.1704.org\/matlasyntek\/\",\"logo\":{\"@type\":\"ImageObject\",\"inLanguage\":\"es\",\"@id\":\"https:\/\/matlasyntek.1704.org\/matlasyntek\/#\/schema\/logo\/image\/\",\"url\":\"https:\/\/matlasyntek.1704.org\/matlasyntek\/wp-content\/uploads\/2024\/12\/2Recurso-5.png\",\"contentUrl\":\"https:\/\/matlasyntek.1704.org\/matlasyntek\/wp-content\/uploads\/2024\/12\/2Recurso-5.png\",\"width\":719,\"height\":86,\"caption\":\"Matlasyntek\"},\"image\":{\"@id\":\"https:\/\/matlasyntek.1704.org\/matlasyntek\/#\/schema\/logo\/image\/\"}}]}<\/script>\n<!-- \/ Yoast SEO plugin. -->","yoast_head_json":{"title":"Azulitos minibar - Matlasyntek","robots":{"index":"index","follow":"follow","max-snippet":"max-snippet:-1","max-image-preview":"max-image-preview:large","max-video-preview":"max-video-preview:-1"},"canonical":"https:\/\/matlasyntek.1704.org\/matlasyntek\/azulitos-minibar\/","og_locale":"es_MX","og_type":"article","og_title":"Azulitos minibar - Matlasyntek","og_description":"Facebook Instagram Azulitos Minibar En el coraz\u00f3n de Ravexico, donde la m\u00fasica no da tregua y el cuerpo vibra sin descanso, Azulitos Minibar llega con una propuesta clara, directa y explosiva: azulitos y nada m\u00e1s. Este minibarra se especializa exclusivamente en preparar bebidas azulitas con todo el estilo que define a la noche rave. Colores [&hellip;]","og_url":"https:\/\/matlasyntek.1704.org\/matlasyntek\/azulitos-minibar\/","og_site_name":"Matlasyntek","article_modified_time":"2025-05-27T02:04:26+00:00","og_image":[{"width":467,"height":457,"url":"https:\/\/matlasyntek.1704.org\/matlasyntek\/wp-content\/uploads\/2025\/05\/WhatsApp-Image-2025-05-25-at-10.23.38-AM.jpeg","type":"image\/jpeg"}],"twitter_card":"summary_large_image","twitter_misc":{"Tiempo de lectura":"1 minuto"},"schema":{"@context":"https:\/\/schema.org","@graph":[{"@type":"WebPage","@id":"https:\/\/matlasyntek.1704.org\/matlasyntek\/azulitos-minibar\/","url":"https:\/\/matlasyntek.1704.org\/matlasyntek\/azulitos-minibar\/","name":"Azulitos minibar - Matlasyntek","isPartOf":{"@id":"https:\/\/matlasyntek.1704.org\/matlasyntek\/#website"},"primaryImageOfPage":{"@id":"https:\/\/matlasyntek.1704.org\/matlasyntek\/azulitos-minibar\/#primaryimage"},"image":{"@id":"https:\/\/matlasyntek.1704.org\/matlasyntek\/azulitos-minibar\/#primaryimage"},"thumbnailUrl":"https:\/\/matlasyntek.1704.org\/matlasyntek\/wp-content\/uploads\/2025\/05\/WhatsApp-Image-2025-05-25-at-10.23.38-AM.jpeg","datePublished":"2025-05-27T01:55:01+00:00","dateModified":"2025-05-27T02:04:26+00:00","breadcrumb":{"@id":"https:\/\/matlasyntek.1704.org\/matlasyntek\/azulitos-minibar\/#breadcrumb"},"inLanguage":"es","potentialAction":[{"@type":"ReadAction","target":["https:\/\/matlasyntek.1704.org\/matlasyntek\/azulitos-minibar\/"]}]},{"@type":"ImageObject","inLanguage":"es","@id":"https:\/\/matlasyntek.1704.org\/matlasyntek\/azulitos-minibar\/#primaryimage","url":"https:\/\/matlasyntek.1704.org\/matlasyntek\/wp-content\/uploads\/2025\/05\/WhatsApp-Image-2025-05-25-at-10.23.38-AM.jpeg","contentUrl":"https:\/\/matlasyntek.1704.org\/matlasyntek\/wp-content\/uploads\/2025\/05\/WhatsApp-Image-2025-05-25-at-10.23.38-AM.jpeg","width":467,"height":457},{"@type":"BreadcrumbList","@id":"https:\/\/matlasyntek.1704.org\/matlasyntek\/azulitos-minibar\/#breadcrumb","itemListElement":[{"@type":"ListItem","position":1,"name":"Home","item":"https:\/\/matlasyntek.1704.org\/matlasyntek\/"},{"@type":"ListItem","position":2,"name":"Azulitos minibar"}]},{"@type":"WebSite","@id":"https:\/\/matlasyntek.1704.org\/matlasyntek\/#website","url":"https:\/\/matlasyntek.1704.org\/matlasyntek\/","name":"Matlasyntek","description":"","publisher":{"@id":"https:\/\/matlasyntek.1704.org\/matlasyntek\/#organization"},"potentialAction":[{"@type":"SearchAction","target":{"@type":"EntryPoint","urlTemplate":"https:\/\/matlasyntek.1704.org\/matlasyntek\/?s={search_term_string}"},"query-input":{"@type":"PropertyValueSpecification","valueRequired":true,"valueName":"search_term_string"}}],"inLanguage":"es"},{"@type":"Organization","@id":"https:\/\/matlasyntek.1704.org\/matlasyntek\/#organization","name":"Matlasyntek","url":"https:\/\/matlasyntek.1704.org\/matlasyntek\/","logo":{"@type":"ImageObject","inLanguage":"es","@id":"https:\/\/matlasyntek.1704.org\/matlasyntek\/#\/schema\/logo\/image\/","url":"https:\/\/matlasyntek.1704.org\/matlasyntek\/wp-content\/uploads\/2024\/12\/2Recurso-5.png","contentUrl":"https:\/\/matlasyntek.1704.org\/matlasyntek\/wp-content\/uploads\/2024\/12\/2Recurso-5.png","width":719,"height":86,"caption":"Matlasyntek"},"image":{"@id":"https:\/\/matlasyntek.1704.org\/matlasyntek\/#\/schema\/logo\/image\/"}}]}},"_links":{"self":[{"href":"https:\/\/matlasyntek.1704.org\/matlasyntek\/wp-json\/wp\/v2\/pages\/2193","targetHints":{"allow":["GET"]}}],"collection":[{"href":"https:\/\/matlasyntek.1704.org\/matlasyntek\/wp-json\/wp\/v2\/pages"}],"about":[{"href":"https:\/\/matlasyntek.1704.org\/matlasyntek\/wp-json\/wp\/v2\/types\/page"}],"author":[{"embeddable":true,"href":"https:\/\/matlasyntek.1704.org\/matlasyntek\/wp-json\/wp\/v2\/users\/1"}],"replies":[{"embeddable":true,"href":"https:\/\/matlasyntek.1704.org\/matlasyntek\/wp-json\/wp\/v2\/comments?post=2193"}],"version-history":[{"count":10,"href":"https:\/\/matlasyntek.1704.org\/matlasyntek\/wp-json\/wp\/v2\/pages\/2193\/revisions"}],"predecessor-version":[{"id":2212,"href":"https:\/\/matlasyntek.1704.org\/matlasyntek\/wp-json\/wp\/v2\/pages\/2193\/revisions\/2212"}],"wp:attachment":[{"href":"https:\/\/matlasyntek.1704.org\/matlasyntek\/wp-json\/wp\/v2\/media?parent=2193"}],"curies":[{"name":"wp","href":"https:\/\/api.w.org\/{rel}","templated":true}]}}