{"id":2250,"date":"2025-05-27T03:32:14","date_gmt":"2025-05-27T03:32:14","guid":{"rendered":"https:\/\/matlasyntek.1704.org\/matlasyntek\/?page_id=2250"},"modified":"2025-05-27T03:35:48","modified_gmt":"2025-05-27T03:35:48","slug":"banderillarte","status":"publish","type":"page","link":"https:\/\/matlasyntek.1704.org\/matlasyntek\/banderillarte\/","title":{"rendered":"Banderillarte"},"content":{"rendered":"\t\t<div data-elementor-type=\"wp-page\" data-elementor-id=\"2250\" class=\"elementor elementor-2250\" data-elementor-post-type=\"page\">\n\t\t\t\t\t\t<section class=\"elementor-section elementor-top-section elementor-element elementor-element-d45bf91 elementor-section-boxed elementor-section-height-default elementor-section-height-default\" data-id=\"d45bf91\" data-element_type=\"section\">\n\t\t\t\t\t\t<div class=\"elementor-container elementor-column-gap-default\">\n\t\t\t\t\t<div class=\"elementor-column elementor-col-33 elementor-top-column elementor-element elementor-element-32ea467\" data-id=\"32ea467\" data-element_type=\"column\">\n\t\t\t<div class=\"elementor-widget-wrap elementor-element-populated\">\n\t\t\t\t\t\t<div class=\"elementor-element elementor-element-0ff6cc7 elementor-widget elementor-widget-image\" data-id=\"0ff6cc7\" data-element_type=\"widget\" data-widget_type=\"image.default\">\n\t\t\t\t<div class=\"elementor-widget-container\">\n\t\t\t\t\t\t\t\t\t\t\t\t\t<img fetchpriority=\"high\" decoding=\"async\" width=\"800\" height=\"641\" src=\"https:\/\/matlasyntek.1704.org\/matlasyntek\/wp-content\/uploads\/2025\/05\/WhatsApp-Image-2025-05-26-at-10.55.31-AM-1024x821.jpeg\" class=\"attachment-large size-large wp-image-2249\" alt=\"\" srcset=\"https:\/\/matlasyntek.1704.org\/matlasyntek\/wp-content\/uploads\/2025\/05\/WhatsApp-Image-2025-05-26-at-10.55.31-AM-1024x821.jpeg 1024w, https:\/\/matlasyntek.1704.org\/matlasyntek\/wp-content\/uploads\/2025\/05\/WhatsApp-Image-2025-05-26-at-10.55.31-AM-300x241.jpeg 300w, https:\/\/matlasyntek.1704.org\/matlasyntek\/wp-content\/uploads\/2025\/05\/WhatsApp-Image-2025-05-26-at-10.55.31-AM-768x616.jpeg 768w, https:\/\/matlasyntek.1704.org\/matlasyntek\/wp-content\/uploads\/2025\/05\/WhatsApp-Image-2025-05-26-at-10.55.31-AM.jpeg 1031w\" sizes=\"(max-width: 800px) 100vw, 800px\" \/>\t\t\t\t\t\t\t\t\t\t\t\t\t<\/div>\n\t\t\t\t<\/div>\n\t\t\t\t<div class=\"elementor-element elementor-element-2b846d5 elementor-shape-rounded elementor-grid-0 e-grid-align-center elementor-widget elementor-widget-social-icons\" data-id=\"2b846d5\" data-element_type=\"widget\" data-widget_type=\"social-icons.default\">\n\t\t\t\t<div class=\"elementor-widget-container\">\n\t\t\t\t\t<div class=\"elementor-social-icons-wrapper elementor-grid\">\n\t\t\t\t\t\t\t<span class=\"elementor-grid-item\">\n\t\t\t\t\t<a class=\"elementor-icon elementor-social-icon elementor-social-icon-instagram elementor-repeater-item-cde4692\" href=\"\" target=\"_blank\">\n\t\t\t\t\t\t<span class=\"elementor-screen-only\">Instagram<\/span>\n\t\t\t\t\t\t<i class=\"fab fa-instagram\"><\/i>\t\t\t\t\t<\/a>\n\t\t\t\t<\/span>\n\t\t\t\t\t\t\t<span class=\"elementor-grid-item\">\n\t\t\t\t\t<a class=\"elementor-icon elementor-social-icon elementor-social-icon-whatsapp elementor-repeater-item-cd5c72e\" href=\"\" target=\"_blank\">\n\t\t\t\t\t\t<span class=\"elementor-screen-only\">Whatsapp<\/span>\n\t\t\t\t\t\t<i class=\"fab fa-whatsapp\"><\/i>\t\t\t\t\t<\/a>\n\t\t\t\t<\/span>\n\t\t\t\t\t\t\t<span class=\"elementor-grid-item\">\n\t\t\t\t\t<a class=\"elementor-icon elementor-social-icon elementor-social-icon-facebook elementor-repeater-item-42cb3bb\" href=\"\" target=\"_blank\">\n\t\t\t\t\t\t<span class=\"elementor-screen-only\">Facebook<\/span>\n\t\t\t\t\t\t<i class=\"fab fa-facebook\"><\/i>\t\t\t\t\t<\/a>\n\t\t\t\t<\/span>\n\t\t\t\t\t<\/div>\n\t\t\t\t<\/div>\n\t\t\t\t<\/div>\n\t\t\t\t\t<\/div>\n\t\t<\/div>\n\t\t\t\t<div class=\"elementor-column elementor-col-33 elementor-top-column elementor-element elementor-element-9f44d2c\" data-id=\"9f44d2c\" data-element_type=\"column\">\n\t\t\t<div class=\"elementor-widget-wrap elementor-element-populated\">\n\t\t\t\t\t\t<div class=\"elementor-element elementor-element-f7bdda9 elementor-widget elementor-widget-heading\" data-id=\"f7bdda9\" data-element_type=\"widget\" data-widget_type=\"heading.default\">\n\t\t\t\t<div class=\"elementor-widget-container\">\n\t\t\t<h2 class=\"elementor-heading-title elementor-size-default\">BANDERILL\nARTE<\/h2>\t\t<\/div>\n\t\t\t\t<\/div>\n\t\t\t\t<div class=\"elementor-element elementor-element-60e8833 elementor-widget elementor-widget-text-editor\" data-id=\"60e8833\" data-element_type=\"widget\" data-widget_type=\"text-editor.default\">\n\t\t\t\t<div class=\"elementor-widget-container\">\n\t\t\t\t\t\t\t<p data-start=\"325\" data-end=\"374\"><strong data-start=\"325\" data-end=\"374\">Sabor callejero con alma rave<\/strong><\/p><p data-start=\"376\" data-end=\"701\">En medio del sudor, la m\u00fasica y el desenfreno visual de <a href=\"https:\/\/matlasyntek.1704.org\/matlasyntek\/ravexico\/\"><strong data-start=\"432\" data-end=\"444\">Rav\u00e9xico<\/strong><\/a>, llega un rinc\u00f3n donde el arte tambi\u00e9n se come. <strong data-start=\"493\" data-end=\"511\">Banderill-Arte<\/strong> mezcla el antojo urbano con el toque rebelde del rave, trayendo <strong data-start=\"576\" data-end=\"600\">banderillas coreanas<\/strong> y <strong data-start=\"603\" data-end=\"626\">papas a la francesa<\/strong> que no solo llenan el est\u00f3mago: alimentan la energ\u00eda para seguir bailando.<\/p><p data-start=\"703\" data-end=\"927\">Crujientes por fuera, suaves por dentro y con combinaciones que despiertan los sentidos, sus banderillas son un ritual de sabor. Acompa\u00f1adas de papas sazonadas como debe ser, son el combo perfecto para ese break entre beats.<\/p><p data-start=\"929\" data-end=\"1093\">Este no es cualquier snack: es una experiencia street food pensada para quienes viven la noche al m\u00e1ximo y necesitan recargar con estilo, sin salir del trance rave.<\/p><p data-start=\"1095\" data-end=\"1133\"><strong data-start=\"1095\" data-end=\"1133\">Haz pausa. Devora. Vuelve al beat.<\/strong><\/p>\t\t\t\t\t\t<\/div>\n\t\t\t\t<\/div>\n\t\t\t\t\t<\/div>\n\t\t<\/div>\n\t\t\t\t<div class=\"elementor-column elementor-col-33 elementor-top-column elementor-element elementor-element-2e06362\" data-id=\"2e06362\" data-element_type=\"column\">\n\t\t\t<div class=\"elementor-widget-wrap elementor-element-populated\">\n\t\t\t\t\t\t<div class=\"elementor-element elementor-element-0ab0aad elementor-arrows-position-inside elementor-pagination-position-outside elementor-widget elementor-widget-image-carousel\" data-id=\"0ab0aad\" data-element_type=\"widget\" data-settings=\"{&quot;slides_to_show&quot;:&quot;1&quot;,&quot;navigation&quot;:&quot;both&quot;,&quot;autoplay&quot;:&quot;yes&quot;,&quot;pause_on_hover&quot;:&quot;yes&quot;,&quot;pause_on_interaction&quot;:&quot;yes&quot;,&quot;autoplay_speed&quot;:5000,&quot;infinite&quot;:&quot;yes&quot;,&quot;effect&quot;:&quot;slide&quot;,&quot;speed&quot;:500}\" data-widget_type=\"image-carousel.default\">\n\t\t\t\t<div class=\"elementor-widget-container\">\n\t\t\t\t\t<div class=\"elementor-image-carousel-wrapper swiper\" dir=\"ltr\">\n\t\t\t<div class=\"elementor-image-carousel swiper-wrapper\" aria-live=\"off\">\n\t\t\t\t\t\t\t\t<div class=\"swiper-slide\" role=\"group\" aria-roledescription=\"slide\" aria-label=\"1 de 4\"><figure class=\"swiper-slide-inner\"><img decoding=\"async\" class=\"swiper-slide-image\" src=\"https:\/\/matlasyntek.1704.org\/matlasyntek\/wp-content\/uploads\/2025\/05\/WhatsApp-Image-2025-05-26-at-10.55.32-AM-3.jpeg\" alt=\"WhatsApp Image 2025-05-26 at 10.55.32 AM (3)\" \/><\/figure><\/div><div class=\"swiper-slide\" role=\"group\" aria-roledescription=\"slide\" aria-label=\"2 de 4\"><figure class=\"swiper-slide-inner\"><img decoding=\"async\" class=\"swiper-slide-image\" src=\"https:\/\/matlasyntek.1704.org\/matlasyntek\/wp-content\/uploads\/2025\/05\/WhatsApp-Image-2025-05-26-at-10.55.32-AM-2.jpeg\" alt=\"WhatsApp Image 2025-05-26 at 10.55.32 AM (2)\" \/><\/figure><\/div><div class=\"swiper-slide\" role=\"group\" aria-roledescription=\"slide\" aria-label=\"3 de 4\"><figure class=\"swiper-slide-inner\"><img decoding=\"async\" class=\"swiper-slide-image\" src=\"https:\/\/matlasyntek.1704.org\/matlasyntek\/wp-content\/uploads\/2025\/05\/WhatsApp-Image-2025-05-26-at-10.55.32-AM-1.jpeg\" alt=\"WhatsApp Image 2025-05-26 at 10.55.32 AM (1)\" \/><\/figure><\/div><div class=\"swiper-slide\" role=\"group\" aria-roledescription=\"slide\" aria-label=\"4 de 4\"><figure class=\"swiper-slide-inner\"><img decoding=\"async\" class=\"swiper-slide-image\" src=\"https:\/\/matlasyntek.1704.org\/matlasyntek\/wp-content\/uploads\/2025\/05\/WhatsApp-Image-2025-05-26-at-10.55.32-AM.jpeg\" alt=\"WhatsApp Image 2025-05-26 at 10.55.32 AM\" \/><\/figure><\/div>\t\t\t<\/div>\n\t\t\t\t\t\t\t\t\t\t\t\t<div class=\"elementor-swiper-button elementor-swiper-button-prev\" role=\"button\" tabindex=\"0\">\n\t\t\t\t\t\t<i aria-hidden=\"true\" class=\"eicon-chevron-left\"><\/i>\t\t\t\t\t<\/div>\n\t\t\t\t\t<div class=\"elementor-swiper-button elementor-swiper-button-next\" role=\"button\" tabindex=\"0\">\n\t\t\t\t\t\t<i aria-hidden=\"true\" class=\"eicon-chevron-right\"><\/i>\t\t\t\t\t<\/div>\n\t\t\t\t\n\t\t\t\t\t\t\t\t\t<div class=\"swiper-pagination\"><\/div>\n\t\t\t\t\t\t\t\t\t<\/div>\n\t\t\t\t<\/div>\n\t\t\t\t<\/div>\n\t\t\t\t\t<\/div>\n\t\t<\/div>\n\t\t\t\t\t<\/div>\n\t\t<\/section>\n\t\t\t\t<\/div>\n\t\t","protected":false},"excerpt":{"rendered":"<p>Instagram Whatsapp Facebook BANDERILL ARTE Sabor callejero con alma rave En medio del sudor, la m\u00fasica y el desenfreno visual de Rav\u00e9xico, llega un rinc\u00f3n donde el arte tambi\u00e9n se come. Banderill-Arte mezcla el antojo urbano con el toque rebelde del rave, trayendo banderillas coreanas y papas a la francesa que no solo llenan el [&hellip;]<\/p>\n","protected":false},"author":1,"featured_media":0,"parent":0,"menu_order":0,"comment_status":"closed","ping_status":"closed","template":"","meta":{"footnotes":""},"class_list":["post-2250","page","type-page","status-publish","hentry"],"yoast_head":"<!-- This site is optimized with the Yoast SEO plugin v24.0 - https:\/\/yoast.com\/wordpress\/plugins\/seo\/ -->\n<title>Banderillarte - Matlasyntek<\/title>\n<meta name=\"robots\" content=\"index, follow, max-snippet:-1, max-image-preview:large, max-video-preview:-1\" \/>\n<link rel=\"canonical\" href=\"https:\/\/matlasyntek.1704.org\/matlasyntek\/banderillarte\/\" \/>\n<meta property=\"og:locale\" content=\"es_MX\" \/>\n<meta property=\"og:type\" content=\"article\" \/>\n<meta property=\"og:title\" content=\"Banderillarte - Matlasyntek\" \/>\n<meta property=\"og:description\" content=\"Instagram Whatsapp Facebook BANDERILL ARTE Sabor callejero con alma rave En medio del sudor, la m\u00fasica y el desenfreno visual de Rav\u00e9xico, llega un rinc\u00f3n donde el arte tambi\u00e9n se come. Banderill-Arte mezcla el antojo urbano con el toque rebelde del rave, trayendo banderillas coreanas y papas a la francesa que no solo llenan el [&hellip;]\" \/>\n<meta property=\"og:url\" content=\"https:\/\/matlasyntek.1704.org\/matlasyntek\/banderillarte\/\" \/>\n<meta property=\"og:site_name\" content=\"Matlasyntek\" \/>\n<meta property=\"article:modified_time\" content=\"2025-05-27T03:35:48+00:00\" \/>\n<meta property=\"og:image\" content=\"https:\/\/matlasyntek.1704.org\/matlasyntek\/wp-content\/uploads\/2025\/05\/WhatsApp-Image-2025-05-26-at-10.55.31-AM.jpeg\" \/>\n\t<meta property=\"og:image:width\" content=\"1031\" \/>\n\t<meta property=\"og:image:height\" content=\"827\" \/>\n\t<meta property=\"og:image:type\" content=\"image\/jpeg\" \/>\n<meta name=\"twitter:card\" content=\"summary_large_image\" \/>\n<meta name=\"twitter:label1\" content=\"Tiempo de lectura\" \/>\n\t<meta name=\"twitter:data1\" content=\"3 minutos\" \/>\n<script type=\"application\/ld+json\" class=\"yoast-schema-graph\">{\"@context\":\"https:\/\/schema.org\",\"@graph\":[{\"@type\":\"WebPage\",\"@id\":\"https:\/\/matlasyntek.1704.org\/matlasyntek\/banderillarte\/\",\"url\":\"https:\/\/matlasyntek.1704.org\/matlasyntek\/banderillarte\/\",\"name\":\"Banderillarte - Matlasyntek\",\"isPartOf\":{\"@id\":\"https:\/\/matlasyntek.1704.org\/matlasyntek\/#website\"},\"primaryImageOfPage\":{\"@id\":\"https:\/\/matlasyntek.1704.org\/matlasyntek\/banderillarte\/#primaryimage\"},\"image\":{\"@id\":\"https:\/\/matlasyntek.1704.org\/matlasyntek\/banderillarte\/#primaryimage\"},\"thumbnailUrl\":\"https:\/\/matlasyntek.1704.org\/matlasyntek\/wp-content\/uploads\/2025\/05\/WhatsApp-Image-2025-05-26-at-10.55.31-AM-1024x821.jpeg\",\"datePublished\":\"2025-05-27T03:32:14+00:00\",\"dateModified\":\"2025-05-27T03:35:48+00:00\",\"breadcrumb\":{\"@id\":\"https:\/\/matlasyntek.1704.org\/matlasyntek\/banderillarte\/#breadcrumb\"},\"inLanguage\":\"es\",\"potentialAction\":[{\"@type\":\"ReadAction\",\"target\":[\"https:\/\/matlasyntek.1704.org\/matlasyntek\/banderillarte\/\"]}]},{\"@type\":\"ImageObject\",\"inLanguage\":\"es\",\"@id\":\"https:\/\/matlasyntek.1704.org\/matlasyntek\/banderillarte\/#primaryimage\",\"url\":\"https:\/\/matlasyntek.1704.org\/matlasyntek\/wp-content\/uploads\/2025\/05\/WhatsApp-Image-2025-05-26-at-10.55.31-AM.jpeg\",\"contentUrl\":\"https:\/\/matlasyntek.1704.org\/matlasyntek\/wp-content\/uploads\/2025\/05\/WhatsApp-Image-2025-05-26-at-10.55.31-AM.jpeg\",\"width\":1031,\"height\":827},{\"@type\":\"BreadcrumbList\",\"@id\":\"https:\/\/matlasyntek.1704.org\/matlasyntek\/banderillarte\/#breadcrumb\",\"itemListElement\":[{\"@type\":\"ListItem\",\"position\":1,\"name\":\"Home\",\"item\":\"https:\/\/matlasyntek.1704.org\/matlasyntek\/\"},{\"@type\":\"ListItem\",\"position\":2,\"name\":\"Banderillarte\"}]},{\"@type\":\"WebSite\",\"@id\":\"https:\/\/matlasyntek.1704.org\/matlasyntek\/#website\",\"url\":\"https:\/\/matlasyntek.1704.org\/matlasyntek\/\",\"name\":\"Matlasyntek\",\"description\":\"\",\"publisher\":{\"@id\":\"https:\/\/matlasyntek.1704.org\/matlasyntek\/#organization\"},\"potentialAction\":[{\"@type\":\"SearchAction\",\"target\":{\"@type\":\"EntryPoint\",\"urlTemplate\":\"https:\/\/matlasyntek.1704.org\/matlasyntek\/?s={search_term_string}\"},\"query-input\":{\"@type\":\"PropertyValueSpecification\",\"valueRequired\":true,\"valueName\":\"search_term_string\"}}],\"inLanguage\":\"es\"},{\"@type\":\"Organization\",\"@id\":\"https:\/\/matlasyntek.1704.org\/matlasyntek\/#organization\",\"name\":\"Matlasyntek\",\"url\":\"https:\/\/matlasyntek.1704.org\/matlasyntek\/\",\"logo\":{\"@type\":\"ImageObject\",\"inLanguage\":\"es\",\"@id\":\"https:\/\/matlasyntek.1704.org\/matlasyntek\/#\/schema\/logo\/image\/\",\"url\":\"https:\/\/matlasyntek.1704.org\/matlasyntek\/wp-content\/uploads\/2024\/12\/2Recurso-5.png\",\"contentUrl\":\"https:\/\/matlasyntek.1704.org\/matlasyntek\/wp-content\/uploads\/2024\/12\/2Recurso-5.png\",\"width\":719,\"height\":86,\"caption\":\"Matlasyntek\"},\"image\":{\"@id\":\"https:\/\/matlasyntek.1704.org\/matlasyntek\/#\/schema\/logo\/image\/\"}}]}<\/script>\n<!-- \/ Yoast SEO plugin. -->","yoast_head_json":{"title":"Banderillarte - Matlasyntek","robots":{"index":"index","follow":"follow","max-snippet":"max-snippet:-1","max-image-preview":"max-image-preview:large","max-video-preview":"max-video-preview:-1"},"canonical":"https:\/\/matlasyntek.1704.org\/matlasyntek\/banderillarte\/","og_locale":"es_MX","og_type":"article","og_title":"Banderillarte - Matlasyntek","og_description":"Instagram Whatsapp Facebook BANDERILL ARTE Sabor callejero con alma rave En medio del sudor, la m\u00fasica y el desenfreno visual de Rav\u00e9xico, llega un rinc\u00f3n donde el arte tambi\u00e9n se come. Banderill-Arte mezcla el antojo urbano con el toque rebelde del rave, trayendo banderillas coreanas y papas a la francesa que no solo llenan el [&hellip;]","og_url":"https:\/\/matlasyntek.1704.org\/matlasyntek\/banderillarte\/","og_site_name":"Matlasyntek","article_modified_time":"2025-05-27T03:35:48+00:00","og_image":[{"width":1031,"height":827,"url":"https:\/\/matlasyntek.1704.org\/matlasyntek\/wp-content\/uploads\/2025\/05\/WhatsApp-Image-2025-05-26-at-10.55.31-AM.jpeg","type":"image\/jpeg"}],"twitter_card":"summary_large_image","twitter_misc":{"Tiempo de lectura":"3 minutos"},"schema":{"@context":"https:\/\/schema.org","@graph":[{"@type":"WebPage","@id":"https:\/\/matlasyntek.1704.org\/matlasyntek\/banderillarte\/","url":"https:\/\/matlasyntek.1704.org\/matlasyntek\/banderillarte\/","name":"Banderillarte - Matlasyntek","isPartOf":{"@id":"https:\/\/matlasyntek.1704.org\/matlasyntek\/#website"},"primaryImageOfPage":{"@id":"https:\/\/matlasyntek.1704.org\/matlasyntek\/banderillarte\/#primaryimage"},"image":{"@id":"https:\/\/matlasyntek.1704.org\/matlasyntek\/banderillarte\/#primaryimage"},"thumbnailUrl":"https:\/\/matlasyntek.1704.org\/matlasyntek\/wp-content\/uploads\/2025\/05\/WhatsApp-Image-2025-05-26-at-10.55.31-AM-1024x821.jpeg","datePublished":"2025-05-27T03:32:14+00:00","dateModified":"2025-05-27T03:35:48+00:00","breadcrumb":{"@id":"https:\/\/matlasyntek.1704.org\/matlasyntek\/banderillarte\/#breadcrumb"},"inLanguage":"es","potentialAction":[{"@type":"ReadAction","target":["https:\/\/matlasyntek.1704.org\/matlasyntek\/banderillarte\/"]}]},{"@type":"ImageObject","inLanguage":"es","@id":"https:\/\/matlasyntek.1704.org\/matlasyntek\/banderillarte\/#primaryimage","url":"https:\/\/matlasyntek.1704.org\/matlasyntek\/wp-content\/uploads\/2025\/05\/WhatsApp-Image-2025-05-26-at-10.55.31-AM.jpeg","contentUrl":"https:\/\/matlasyntek.1704.org\/matlasyntek\/wp-content\/uploads\/2025\/05\/WhatsApp-Image-2025-05-26-at-10.55.31-AM.jpeg","width":1031,"height":827},{"@type":"BreadcrumbList","@id":"https:\/\/matlasyntek.1704.org\/matlasyntek\/banderillarte\/#breadcrumb","itemListElement":[{"@type":"ListItem","position":1,"name":"Home","item":"https:\/\/matlasyntek.1704.org\/matlasyntek\/"},{"@type":"ListItem","position":2,"name":"Banderillarte"}]},{"@type":"WebSite","@id":"https:\/\/matlasyntek.1704.org\/matlasyntek\/#website","url":"https:\/\/matlasyntek.1704.org\/matlasyntek\/","name":"Matlasyntek","description":"","publisher":{"@id":"https:\/\/matlasyntek.1704.org\/matlasyntek\/#organization"},"potentialAction":[{"@type":"SearchAction","target":{"@type":"EntryPoint","urlTemplate":"https:\/\/matlasyntek.1704.org\/matlasyntek\/?s={search_term_string}"},"query-input":{"@type":"PropertyValueSpecification","valueRequired":true,"valueName":"search_term_string"}}],"inLanguage":"es"},{"@type":"Organization","@id":"https:\/\/matlasyntek.1704.org\/matlasyntek\/#organization","name":"Matlasyntek","url":"https:\/\/matlasyntek.1704.org\/matlasyntek\/","logo":{"@type":"ImageObject","inLanguage":"es","@id":"https:\/\/matlasyntek.1704.org\/matlasyntek\/#\/schema\/logo\/image\/","url":"https:\/\/matlasyntek.1704.org\/matlasyntek\/wp-content\/uploads\/2024\/12\/2Recurso-5.png","contentUrl":"https:\/\/matlasyntek.1704.org\/matlasyntek\/wp-content\/uploads\/2024\/12\/2Recurso-5.png","width":719,"height":86,"caption":"Matlasyntek"},"image":{"@id":"https:\/\/matlasyntek.1704.org\/matlasyntek\/#\/schema\/logo\/image\/"}}]}},"_links":{"self":[{"href":"https:\/\/matlasyntek.1704.org\/matlasyntek\/wp-json\/wp\/v2\/pages\/2250","targetHints":{"allow":["GET"]}}],"collection":[{"href":"https:\/\/matlasyntek.1704.org\/matlasyntek\/wp-json\/wp\/v2\/pages"}],"about":[{"href":"https:\/\/matlasyntek.1704.org\/matlasyntek\/wp-json\/wp\/v2\/types\/page"}],"author":[{"embeddable":true,"href":"https:\/\/matlasyntek.1704.org\/matlasyntek\/wp-json\/wp\/v2\/users\/1"}],"replies":[{"embeddable":true,"href":"https:\/\/matlasyntek.1704.org\/matlasyntek\/wp-json\/wp\/v2\/comments?post=2250"}],"version-history":[{"count":6,"href":"https:\/\/matlasyntek.1704.org\/matlasyntek\/wp-json\/wp\/v2\/pages\/2250\/revisions"}],"predecessor-version":[{"id":2260,"href":"https:\/\/matlasyntek.1704.org\/matlasyntek\/wp-json\/wp\/v2\/pages\/2250\/revisions\/2260"}],"wp:attachment":[{"href":"https:\/\/matlasyntek.1704.org\/matlasyntek\/wp-json\/wp\/v2\/media?parent=2250"}],"curies":[{"name":"wp","href":"https:\/\/api.w.org\/{rel}","templated":true}]}}