{"id":23,"date":"2024-12-05T22:22:26","date_gmt":"2024-12-05T22:22:26","guid":{"rendered":"https:\/\/matlasyntek.1704.org\/matlasyntek\/?page_id=23"},"modified":"2026-05-11T11:34:31","modified_gmt":"2026-05-11T11:34:31","slug":"djs-residentes","status":"publish","type":"page","link":"https:\/\/matlasyntek.1704.org\/matlasyntek\/djs-residentes\/","title":{"rendered":"Dj\u00b4s Residentes"},"content":{"rendered":"\t\t<div data-elementor-type=\"wp-page\" data-elementor-id=\"23\" class=\"elementor elementor-23\" data-elementor-post-type=\"page\">\n\t\t\t\t\t\t<section class=\"elementor-section elementor-top-section elementor-element elementor-element-b3ea1ba elementor-section-boxed elementor-section-height-default elementor-section-height-default\" data-id=\"b3ea1ba\" data-element_type=\"section\" data-settings=\"{&quot;animation_mobile&quot;:&quot;fadeIn&quot;}\">\n\t\t\t\t\t\t<div class=\"elementor-container elementor-column-gap-default\">\n\t\t\t\t\t<div class=\"elementor-column elementor-col-33 elementor-top-column elementor-element elementor-element-1a0e17b\" data-id=\"1a0e17b\" data-element_type=\"column\">\n\t\t\t<div class=\"elementor-widget-wrap elementor-element-populated\">\n\t\t\t\t\t\t<div class=\"elementor-element elementor-element-a87facf elementor--h-position-center elementor--v-position-middle elementor-arrows-position-inside elementor-pagination-position-inside elementor-widget elementor-widget-slides\" data-id=\"a87facf\" data-element_type=\"widget\" data-settings=\"{&quot;navigation&quot;:&quot;both&quot;,&quot;autoplay&quot;:&quot;yes&quot;,&quot;pause_on_hover&quot;:&quot;yes&quot;,&quot;pause_on_interaction&quot;:&quot;yes&quot;,&quot;autoplay_speed&quot;:5000,&quot;infinite&quot;:&quot;yes&quot;,&quot;transition&quot;:&quot;slide&quot;,&quot;transition_speed&quot;:500}\" data-widget_type=\"slides.default\">\n\t\t\t\t<div class=\"elementor-widget-container\">\n\t\t\t\t\t<div class=\"elementor-swiper\">\n\t\t\t<div class=\"elementor-slides-wrapper elementor-main-swiper swiper\" dir=\"ltr\" data-animation=\"fadeInUp\">\n\t\t\t\t<div class=\"swiper-wrapper elementor-slides\">\n\t\t\t\t\t\t\t\t\t\t<div class=\"elementor-repeater-item-23d4c15 swiper-slide\"><div class=\"swiper-slide-bg\" role=\"img\"><\/div><a class=\"swiper-slide-inner\" href=\"https:\/\/matlasyntek.1704.org\/matlasyntek\/tonny-fox\/\"><div class=\"swiper-slide-contents\"><div class=\"elementor-slide-heading\">tonny fox<\/div><\/div><\/a><\/div>\t\t\t\t<\/div>\n\t\t\t\t\t\t\t<\/div>\n\t\t<\/div>\n\t\t\t\t<\/div>\n\t\t\t\t<\/div>\n\t\t\t\t\t<\/div>\n\t\t<\/div>\n\t\t\t\t<div class=\"elementor-column elementor-col-33 elementor-top-column elementor-element elementor-element-67a4d26\" data-id=\"67a4d26\" data-element_type=\"column\">\n\t\t\t<div class=\"elementor-widget-wrap elementor-element-populated\">\n\t\t\t\t\t\t<div class=\"elementor-element elementor-element-9a77058 elementor--h-position-center elementor--v-position-middle elementor-arrows-position-inside elementor-pagination-position-inside elementor-widget elementor-widget-slides\" data-id=\"9a77058\" data-element_type=\"widget\" data-settings=\"{&quot;navigation&quot;:&quot;both&quot;,&quot;autoplay&quot;:&quot;yes&quot;,&quot;pause_on_hover&quot;:&quot;yes&quot;,&quot;pause_on_interaction&quot;:&quot;yes&quot;,&quot;autoplay_speed&quot;:5000,&quot;infinite&quot;:&quot;yes&quot;,&quot;transition&quot;:&quot;slide&quot;,&quot;transition_speed&quot;:500}\" data-widget_type=\"slides.default\">\n\t\t\t\t<div class=\"elementor-widget-container\">\n\t\t\t\t\t<div class=\"elementor-swiper\">\n\t\t\t<div class=\"elementor-slides-wrapper elementor-main-swiper swiper\" dir=\"ltr\" data-animation=\"fadeInUp\">\n\t\t\t\t<div class=\"swiper-wrapper elementor-slides\">\n\t\t\t\t\t\t\t\t\t\t<div class=\"elementor-repeater-item-23d4c15 swiper-slide\"><div class=\"swiper-slide-bg\" role=\"img\"><\/div><a class=\"swiper-slide-inner\" href=\"https:\/\/matlasyntek.1704.org\/matlasyntek\/kayli-b\/\"><div class=\"swiper-slide-contents\"><div class=\"elementor-slide-heading\">Kayli B<\/div><\/div><\/a><\/div>\t\t\t\t<\/div>\n\t\t\t\t\t\t\t<\/div>\n\t\t<\/div>\n\t\t\t\t<\/div>\n\t\t\t\t<\/div>\n\t\t\t\t\t<\/div>\n\t\t<\/div>\n\t\t\t\t<div class=\"elementor-column elementor-col-33 elementor-top-column elementor-element elementor-element-1b6f5a6\" data-id=\"1b6f5a6\" data-element_type=\"column\">\n\t\t\t<div class=\"elementor-widget-wrap elementor-element-populated\">\n\t\t\t\t\t\t<div class=\"elementor-element elementor-element-ba359d7 elementor--h-position-center elementor--v-position-middle elementor-arrows-position-inside elementor-pagination-position-inside elementor-widget elementor-widget-slides\" data-id=\"ba359d7\" data-element_type=\"widget\" data-settings=\"{&quot;navigation&quot;:&quot;both&quot;,&quot;autoplay&quot;:&quot;yes&quot;,&quot;pause_on_hover&quot;:&quot;yes&quot;,&quot;pause_on_interaction&quot;:&quot;yes&quot;,&quot;autoplay_speed&quot;:5000,&quot;infinite&quot;:&quot;yes&quot;,&quot;transition&quot;:&quot;slide&quot;,&quot;transition_speed&quot;:500}\" data-widget_type=\"slides.default\">\n\t\t\t\t<div class=\"elementor-widget-container\">\n\t\t\t\t\t<div class=\"elementor-swiper\">\n\t\t\t<div class=\"elementor-slides-wrapper elementor-main-swiper swiper\" dir=\"ltr\" data-animation=\"fadeInUp\">\n\t\t\t\t<div class=\"swiper-wrapper elementor-slides\">\n\t\t\t\t\t\t\t\t\t\t<div class=\"elementor-repeater-item-23d4c15 swiper-slide\"><div class=\"swiper-slide-bg\" role=\"img\"><\/div><div class=\"swiper-slide-inner\" ><div class=\"swiper-slide-contents\"><div class=\"elementor-slide-heading\">Alaanda<\/div><\/div><\/div><\/div>\t\t\t\t<\/div>\n\t\t\t\t\t\t\t<\/div>\n\t\t<\/div>\n\t\t\t\t<\/div>\n\t\t\t\t<\/div>\n\t\t\t\t\t<\/div>\n\t\t<\/div>\n\t\t\t\t\t<\/div>\n\t\t<\/section>\n\t\t\t\t<section class=\"elementor-section elementor-top-section elementor-element elementor-element-badccb1 elementor-section-boxed elementor-section-height-default elementor-section-height-default\" data-id=\"badccb1\" data-element_type=\"section\" data-settings=\"{&quot;animation_mobile&quot;:&quot;fadeIn&quot;}\">\n\t\t\t\t\t\t<div class=\"elementor-container elementor-column-gap-default\">\n\t\t\t\t\t<div class=\"elementor-column elementor-col-33 elementor-top-column elementor-element elementor-element-59e499c\" data-id=\"59e499c\" data-element_type=\"column\">\n\t\t\t<div class=\"elementor-widget-wrap elementor-element-populated\">\n\t\t\t\t\t\t<div class=\"elementor-element elementor-element-81cf37b elementor--h-position-center elementor--v-position-middle elementor-arrows-position-inside elementor-pagination-position-inside elementor-widget elementor-widget-slides\" data-id=\"81cf37b\" data-element_type=\"widget\" data-settings=\"{&quot;navigation&quot;:&quot;both&quot;,&quot;autoplay&quot;:&quot;yes&quot;,&quot;pause_on_hover&quot;:&quot;yes&quot;,&quot;pause_on_interaction&quot;:&quot;yes&quot;,&quot;autoplay_speed&quot;:5000,&quot;infinite&quot;:&quot;yes&quot;,&quot;transition&quot;:&quot;slide&quot;,&quot;transition_speed&quot;:500}\" data-widget_type=\"slides.default\">\n\t\t\t\t<div class=\"elementor-widget-container\">\n\t\t\t\t\t<div class=\"elementor-swiper\">\n\t\t\t<div class=\"elementor-slides-wrapper elementor-main-swiper swiper\" dir=\"ltr\" data-animation=\"fadeInUp\">\n\t\t\t\t<div class=\"swiper-wrapper elementor-slides\">\n\t\t\t\t\t\t\t\t\t\t<div class=\"elementor-repeater-item-23d4c15 swiper-slide\"><div class=\"swiper-slide-bg\" role=\"img\"><\/div><div class=\"swiper-slide-inner\" ><div class=\"swiper-slide-contents\"><div class=\"elementor-slide-heading\">JAVIER CARDONE<\/div><\/div><\/div><\/div>\t\t\t\t<\/div>\n\t\t\t\t\t\t\t<\/div>\n\t\t<\/div>\n\t\t\t\t<\/div>\n\t\t\t\t<\/div>\n\t\t\t\t\t<\/div>\n\t\t<\/div>\n\t\t\t\t<div class=\"elementor-column elementor-col-33 elementor-top-column elementor-element elementor-element-2ae2a3f\" data-id=\"2ae2a3f\" data-element_type=\"column\">\n\t\t\t<div class=\"elementor-widget-wrap\">\n\t\t\t\t\t\t\t<\/div>\n\t\t<\/div>\n\t\t\t\t<div class=\"elementor-column elementor-col-33 elementor-top-column elementor-element elementor-element-fe7db9f\" data-id=\"fe7db9f\" data-element_type=\"column\">\n\t\t\t<div class=\"elementor-widget-wrap elementor-element-populated\">\n\t\t\t\t\t\t<div class=\"elementor-element elementor-element-ee009e9 elementor--h-position-center elementor--v-position-middle elementor-arrows-position-inside elementor-pagination-position-inside elementor-widget elementor-widget-slides\" data-id=\"ee009e9\" data-element_type=\"widget\" data-settings=\"{&quot;navigation&quot;:&quot;both&quot;,&quot;autoplay&quot;:&quot;yes&quot;,&quot;pause_on_hover&quot;:&quot;yes&quot;,&quot;pause_on_interaction&quot;:&quot;yes&quot;,&quot;autoplay_speed&quot;:5000,&quot;infinite&quot;:&quot;yes&quot;,&quot;transition&quot;:&quot;slide&quot;,&quot;transition_speed&quot;:500}\" data-widget_type=\"slides.default\">\n\t\t\t\t<div class=\"elementor-widget-container\">\n\t\t\t\t\t<div class=\"elementor-swiper\">\n\t\t\t<div class=\"elementor-slides-wrapper elementor-main-swiper swiper\" dir=\"ltr\" data-animation=\"fadeInUp\">\n\t\t\t\t<div class=\"swiper-wrapper elementor-slides\">\n\t\t\t\t\t\t\t\t\t\t<div class=\"elementor-repeater-item-23d4c15 swiper-slide\"><div class=\"swiper-slide-bg\" role=\"img\"><\/div><div class=\"swiper-slide-inner\" ><div class=\"swiper-slide-contents\"><div class=\"elementor-slide-heading\">INFINITY SOUNDCLOCK<\/div><\/div><\/div><\/div>\t\t\t\t<\/div>\n\t\t\t\t\t\t\t<\/div>\n\t\t<\/div>\n\t\t\t\t<\/div>\n\t\t\t\t<\/div>\n\t\t\t\t\t<\/div>\n\t\t<\/div>\n\t\t\t\t\t<\/div>\n\t\t<\/section>\n\t\t\t\t<\/div>\n\t\t","protected":false},"excerpt":{"rendered":"<p>tonny fox Kayli B Alaanda JAVIER CARDONE INFINITY SOUNDCLOCK Les retours d&#8217;exp\u00e9rience concernant friday roll online mettent en avant la qualit\u00e9 globale de la plateforme. Les bordereaux de transaction restent consultables \u00e0 tout moment dans l&#8217;espace personnel. Les jeux de type megaways offrent des milliers de lignes de paiement pour des combinaisons quasi infinies. Les [&hellip;]<\/p>\n","protected":false},"author":1,"featured_media":0,"parent":0,"menu_order":0,"comment_status":"closed","ping_status":"closed","template":"","meta":{"footnotes":""},"class_list":["post-23","page","type-page","status-publish","hentry"],"yoast_head":"<!-- This site is optimized with the Yoast SEO plugin v24.0 - https:\/\/yoast.com\/wordpress\/plugins\/seo\/ -->\n<title>Dj\u00b4s Residentes - Matlasyntek<\/title>\n<meta name=\"robots\" content=\"index, follow, max-snippet:-1, max-image-preview:large, max-video-preview:-1\" \/>\n<link rel=\"canonical\" href=\"https:\/\/matlasyntek.1704.org\/matlasyntek\/djs-residentes\/\" \/>\n<meta property=\"og:locale\" content=\"es_MX\" \/>\n<meta property=\"og:type\" content=\"article\" \/>\n<meta property=\"og:title\" content=\"Dj\u00b4s Residentes - Matlasyntek\" \/>\n<meta property=\"og:description\" content=\"tonny fox Kayli B Alaanda JAVIER CARDONE INFINITY SOUNDCLOCK Les retours d&#8217;exp\u00e9rience concernant friday roll online mettent en avant la qualit\u00e9 globale de la plateforme. Les bordereaux de transaction restent consultables \u00e0 tout moment dans l&#8217;espace personnel. Les jeux de type megaways offrent des milliers de lignes de paiement pour des combinaisons quasi infinies. Les [&hellip;]\" \/>\n<meta property=\"og:url\" content=\"https:\/\/matlasyntek.1704.org\/matlasyntek\/djs-residentes\/\" \/>\n<meta property=\"og:site_name\" content=\"Matlasyntek\" \/>\n<meta property=\"article:modified_time\" content=\"2026-05-11T11:34:31+00:00\" \/>\n<meta name=\"twitter:card\" content=\"summary_large_image\" \/>\n<meta name=\"twitter:label1\" content=\"Tiempo de lectura\" \/>\n\t<meta name=\"twitter:data1\" content=\"1 minuto\" \/>\n<script type=\"application\/ld+json\" class=\"yoast-schema-graph\">{\"@context\":\"https:\/\/schema.org\",\"@graph\":[{\"@type\":\"WebPage\",\"@id\":\"https:\/\/matlasyntek.1704.org\/matlasyntek\/djs-residentes\/\",\"url\":\"https:\/\/matlasyntek.1704.org\/matlasyntek\/djs-residentes\/\",\"name\":\"Dj\u00b4s Residentes - Matlasyntek\",\"isPartOf\":{\"@id\":\"https:\/\/matlasyntek.1704.org\/matlasyntek\/#website\"},\"datePublished\":\"2024-12-05T22:22:26+00:00\",\"dateModified\":\"2026-05-11T11:34:31+00:00\",\"breadcrumb\":{\"@id\":\"https:\/\/matlasyntek.1704.org\/matlasyntek\/djs-residentes\/#breadcrumb\"},\"inLanguage\":\"es\",\"potentialAction\":[{\"@type\":\"ReadAction\",\"target\":[\"https:\/\/matlasyntek.1704.org\/matlasyntek\/djs-residentes\/\"]}]},{\"@type\":\"BreadcrumbList\",\"@id\":\"https:\/\/matlasyntek.1704.org\/matlasyntek\/djs-residentes\/#breadcrumb\",\"itemListElement\":[{\"@type\":\"ListItem\",\"position\":1,\"name\":\"Home\",\"item\":\"https:\/\/matlasyntek.1704.org\/matlasyntek\/\"},{\"@type\":\"ListItem\",\"position\":2,\"name\":\"Dj\u00b4s Residentes\"}]},{\"@type\":\"WebSite\",\"@id\":\"https:\/\/matlasyntek.1704.org\/matlasyntek\/#website\",\"url\":\"https:\/\/matlasyntek.1704.org\/matlasyntek\/\",\"name\":\"Matlasyntek\",\"description\":\"\",\"publisher\":{\"@id\":\"https:\/\/matlasyntek.1704.org\/matlasyntek\/#organization\"},\"potentialAction\":[{\"@type\":\"SearchAction\",\"target\":{\"@type\":\"EntryPoint\",\"urlTemplate\":\"https:\/\/matlasyntek.1704.org\/matlasyntek\/?s={search_term_string}\"},\"query-input\":{\"@type\":\"PropertyValueSpecification\",\"valueRequired\":true,\"valueName\":\"search_term_string\"}}],\"inLanguage\":\"es\"},{\"@type\":\"Organization\",\"@id\":\"https:\/\/matlasyntek.1704.org\/matlasyntek\/#organization\",\"name\":\"Matlasyntek\",\"url\":\"https:\/\/matlasyntek.1704.org\/matlasyntek\/\",\"logo\":{\"@type\":\"ImageObject\",\"inLanguage\":\"es\",\"@id\":\"https:\/\/matlasyntek.1704.org\/matlasyntek\/#\/schema\/logo\/image\/\",\"url\":\"https:\/\/matlasyntek.1704.org\/matlasyntek\/wp-content\/uploads\/2024\/12\/2Recurso-5.png\",\"contentUrl\":\"https:\/\/matlasyntek.1704.org\/matlasyntek\/wp-content\/uploads\/2024\/12\/2Recurso-5.png\",\"width\":719,\"height\":86,\"caption\":\"Matlasyntek\"},\"image\":{\"@id\":\"https:\/\/matlasyntek.1704.org\/matlasyntek\/#\/schema\/logo\/image\/\"}}]}<\/script>\n<!-- \/ Yoast SEO plugin. -->","yoast_head_json":{"title":"Dj\u00b4s Residentes - Matlasyntek","robots":{"index":"index","follow":"follow","max-snippet":"max-snippet:-1","max-image-preview":"max-image-preview:large","max-video-preview":"max-video-preview:-1"},"canonical":"https:\/\/matlasyntek.1704.org\/matlasyntek\/djs-residentes\/","og_locale":"es_MX","og_type":"article","og_title":"Dj\u00b4s Residentes - Matlasyntek","og_description":"tonny fox Kayli B Alaanda JAVIER CARDONE INFINITY SOUNDCLOCK Les retours d&#8217;exp\u00e9rience concernant friday roll online mettent en avant la qualit\u00e9 globale de la plateforme. Les bordereaux de transaction restent consultables \u00e0 tout moment dans l&#8217;espace personnel. Les jeux de type megaways offrent des milliers de lignes de paiement pour des combinaisons quasi infinies. Les [&hellip;]","og_url":"https:\/\/matlasyntek.1704.org\/matlasyntek\/djs-residentes\/","og_site_name":"Matlasyntek","article_modified_time":"2026-05-11T11:34:31+00:00","twitter_card":"summary_large_image","twitter_misc":{"Tiempo de lectura":"1 minuto"},"schema":{"@context":"https:\/\/schema.org","@graph":[{"@type":"WebPage","@id":"https:\/\/matlasyntek.1704.org\/matlasyntek\/djs-residentes\/","url":"https:\/\/matlasyntek.1704.org\/matlasyntek\/djs-residentes\/","name":"Dj\u00b4s Residentes - Matlasyntek","isPartOf":{"@id":"https:\/\/matlasyntek.1704.org\/matlasyntek\/#website"},"datePublished":"2024-12-05T22:22:26+00:00","dateModified":"2026-05-11T11:34:31+00:00","breadcrumb":{"@id":"https:\/\/matlasyntek.1704.org\/matlasyntek\/djs-residentes\/#breadcrumb"},"inLanguage":"es","potentialAction":[{"@type":"ReadAction","target":["https:\/\/matlasyntek.1704.org\/matlasyntek\/djs-residentes\/"]}]},{"@type":"BreadcrumbList","@id":"https:\/\/matlasyntek.1704.org\/matlasyntek\/djs-residentes\/#breadcrumb","itemListElement":[{"@type":"ListItem","position":1,"name":"Home","item":"https:\/\/matlasyntek.1704.org\/matlasyntek\/"},{"@type":"ListItem","position":2,"name":"Dj\u00b4s Residentes"}]},{"@type":"WebSite","@id":"https:\/\/matlasyntek.1704.org\/matlasyntek\/#website","url":"https:\/\/matlasyntek.1704.org\/matlasyntek\/","name":"Matlasyntek","description":"","publisher":{"@id":"https:\/\/matlasyntek.1704.org\/matlasyntek\/#organization"},"potentialAction":[{"@type":"SearchAction","target":{"@type":"EntryPoint","urlTemplate":"https:\/\/matlasyntek.1704.org\/matlasyntek\/?s={search_term_string}"},"query-input":{"@type":"PropertyValueSpecification","valueRequired":true,"valueName":"search_term_string"}}],"inLanguage":"es"},{"@type":"Organization","@id":"https:\/\/matlasyntek.1704.org\/matlasyntek\/#organization","name":"Matlasyntek","url":"https:\/\/matlasyntek.1704.org\/matlasyntek\/","logo":{"@type":"ImageObject","inLanguage":"es","@id":"https:\/\/matlasyntek.1704.org\/matlasyntek\/#\/schema\/logo\/image\/","url":"https:\/\/matlasyntek.1704.org\/matlasyntek\/wp-content\/uploads\/2024\/12\/2Recurso-5.png","contentUrl":"https:\/\/matlasyntek.1704.org\/matlasyntek\/wp-content\/uploads\/2024\/12\/2Recurso-5.png","width":719,"height":86,"caption":"Matlasyntek"},"image":{"@id":"https:\/\/matlasyntek.1704.org\/matlasyntek\/#\/schema\/logo\/image\/"}}]}},"_links":{"self":[{"href":"https:\/\/matlasyntek.1704.org\/matlasyntek\/wp-json\/wp\/v2\/pages\/23","targetHints":{"allow":["GET"]}}],"collection":[{"href":"https:\/\/matlasyntek.1704.org\/matlasyntek\/wp-json\/wp\/v2\/pages"}],"about":[{"href":"https:\/\/matlasyntek.1704.org\/matlasyntek\/wp-json\/wp\/v2\/types\/page"}],"author":[{"embeddable":true,"href":"https:\/\/matlasyntek.1704.org\/matlasyntek\/wp-json\/wp\/v2\/users\/1"}],"replies":[{"embeddable":true,"href":"https:\/\/matlasyntek.1704.org\/matlasyntek\/wp-json\/wp\/v2\/comments?post=23"}],"version-history":[{"count":78,"href":"https:\/\/matlasyntek.1704.org\/matlasyntek\/wp-json\/wp\/v2\/pages\/23\/revisions"}],"predecessor-version":[{"id":3072,"href":"https:\/\/matlasyntek.1704.org\/matlasyntek\/wp-json\/wp\/v2\/pages\/23\/revisions\/3072"}],"wp:attachment":[{"href":"https:\/\/matlasyntek.1704.org\/matlasyntek\/wp-json\/wp\/v2\/media?parent=23"}],"curies":[{"name":"wp","href":"https:\/\/api.w.org\/{rel}","templated":true}]}}