{"id":656,"date":"2025-01-11T11:55:59","date_gmt":"2025-01-11T11:55:59","guid":{"rendered":"https:\/\/matlasyntek.1704.org\/matlasyntek\/?page_id=656"},"modified":"2026-05-11T11:34:31","modified_gmt":"2026-05-11T11:34:31","slug":"dos-caminos-brewing-company","status":"publish","type":"page","link":"https:\/\/matlasyntek.1704.org\/matlasyntek\/dos-caminos-brewing-company\/","title":{"rendered":"Dos Caminos Brewing Company"},"content":{"rendered":"\t\t<div data-elementor-type=\"wp-page\" data-elementor-id=\"656\" class=\"elementor elementor-656\" data-elementor-post-type=\"page\">\n\t\t\t\t\t\t<section class=\"elementor-section elementor-top-section elementor-element elementor-element-73054fa elementor-section-full_width elementor-section-height-default elementor-section-height-default\" data-id=\"73054fa\" data-element_type=\"section\">\n\t\t\t\t\t\t<div class=\"elementor-container elementor-column-gap-default\">\n\t\t\t\t\t<div class=\"elementor-column elementor-col-100 elementor-top-column elementor-element elementor-element-a51a1dd\" data-id=\"a51a1dd\" data-element_type=\"column\">\n\t\t\t<div class=\"elementor-widget-wrap elementor-element-populated\">\n\t\t\t\t\t\t<div class=\"elementor-element elementor-element-a2f98a8 elementor-widget elementor-widget-tp-heading-animation\" data-id=\"a2f98a8\" data-element_type=\"widget\" data-widget_type=\"tp-heading-animation.default\">\n\t\t\t\t<div class=\"elementor-widget-container\">\n\t\t\t<style>.heading-animation6a031076cc48a .pt-plus-cd-headline.loading-bar .cd-words-wrapper::after{}<\/style><div class=\"pt-plus-heading-animation heading-animation head-anim-style-3 animate-general heading-animation6a031076cc48a\"   data-animate-type=\"transition.bounceUpIn\" data-animate-delay=\"50\" data-animate-offset=\"85%\"><h3 class=\"pt-plus-cd-headline zoom\" ><span class=\"cd-words-wrapper\"> <b  class=\"is-visible \">Dos Caminos Brewing Company<\/b><\/span><\/h3><\/div>\t\t<\/div>\n\t\t\t\t<\/div>\n\t\t\t\t\t<\/div>\n\t\t<\/div>\n\t\t\t\t\t<\/div>\n\t\t<\/section>\n\t\t\t\t<section class=\"elementor-section elementor-top-section elementor-element elementor-element-1240fde elementor-section-boxed elementor-section-height-default elementor-section-height-default\" data-id=\"1240fde\" data-element_type=\"section\">\n\t\t\t\t\t\t<div class=\"elementor-container elementor-column-gap-default\">\n\t\t\t\t\t<div class=\"elementor-column elementor-col-50 elementor-top-column elementor-element elementor-element-fb3f419\" data-id=\"fb3f419\" data-element_type=\"column\">\n\t\t\t<div class=\"elementor-widget-wrap elementor-element-populated\">\n\t\t\t\t\t\t<div class=\"elementor-element elementor-element-979fd6e elementor-widget elementor-widget-text-editor\" data-id=\"979fd6e\" data-element_type=\"widget\" data-widget_type=\"text-editor.default\">\n\t\t\t\t<div class=\"elementor-widget-container\">\n\t\t\t\t\t\t\t<p data-pm-slice=\"1 1 []\">Dos Caminos Brewing Company es una cervecera 100% mexicana que fusiona el arte de la elaboraci\u00f3n artesanal con una visi\u00f3n moderna, llevando sus creaciones a la escena nocturna y sus proyectos vanguardistas. Desde el inicio de Matlasyntek, han sido parte fundamental de nuestra comunidad, acompa\u00f1\u00e1ndonos tanto en el servicio de catering para artistas como en la venta de bebidas durante nuestros eventos.<\/p><p>Cada cerveza de Dos Caminos es una invitaci\u00f3n a explorar sabores intensos y experiencias sensoriales \u00fanicas. Su ic\u00f3nica Porter es un tributo a la riqueza cervecera tradicional: oscura, robusta y cremosa, con notas profundas de chocolate, caf\u00e9 y caramelo que se equilibran con un amargor sutil y un retrogusto duradero. Es la opci\u00f3n perfecta para quienes buscan intensidad en cada trago.<\/p>\t\t\t\t\t\t<\/div>\n\t\t\t\t<\/div>\n\t\t\t\t\t<\/div>\n\t\t<\/div>\n\t\t\t\t<div class=\"elementor-column elementor-col-50 elementor-top-column elementor-element elementor-element-1c0fd8a\" data-id=\"1c0fd8a\" data-element_type=\"column\">\n\t\t\t<div class=\"elementor-widget-wrap elementor-element-populated\">\n\t\t\t\t\t\t<div class=\"elementor-element elementor-element-9f9cb00 elementor-widget elementor-widget-image\" data-id=\"9f9cb00\" data-element_type=\"widget\" data-widget_type=\"image.default\">\n\t\t\t\t<div class=\"elementor-widget-container\">\n\t\t\t\t\t\t\t\t\t\t\t\t\t<img fetchpriority=\"high\" decoding=\"async\" width=\"700\" height=\"700\" src=\"https:\/\/matlasyntek.1704.org\/matlasyntek\/wp-content\/uploads\/2025\/01\/2Recurso-1-e1736597270699-700x700.png\" class=\"attachment-tp-image-grid size-tp-image-grid wp-image-500\" alt=\"\" srcset=\"https:\/\/matlasyntek.1704.org\/matlasyntek\/wp-content\/uploads\/2025\/01\/2Recurso-1-e1736597270699-700x700.png 700w, https:\/\/matlasyntek.1704.org\/matlasyntek\/wp-content\/uploads\/2025\/01\/2Recurso-1-e1736597270699-150x150.png 150w\" sizes=\"(max-width: 700px) 100vw, 700px\" \/>\t\t\t\t\t\t\t\t\t\t\t\t\t<\/div>\n\t\t\t\t<\/div>\n\t\t\t\t\t<\/div>\n\t\t<\/div>\n\t\t\t\t\t<\/div>\n\t\t<\/section>\n\t\t\t\t<section class=\"elementor-section elementor-top-section elementor-element elementor-element-e1df153 elementor-section-boxed elementor-section-height-default elementor-section-height-default\" data-id=\"e1df153\" data-element_type=\"section\">\n\t\t\t\t\t\t<div class=\"elementor-container elementor-column-gap-default\">\n\t\t\t\t\t<div class=\"elementor-column elementor-col-50 elementor-top-column elementor-element elementor-element-d50842d\" data-id=\"d50842d\" data-element_type=\"column\">\n\t\t\t<div class=\"elementor-widget-wrap elementor-element-populated\">\n\t\t\t\t\t\t<div class=\"elementor-element elementor-element-a29aa2e elementor-widget elementor-widget-image\" data-id=\"a29aa2e\" data-element_type=\"widget\" data-widget_type=\"image.default\">\n\t\t\t\t<div class=\"elementor-widget-container\">\n\t\t\t\t\t\t\t\t\t\t\t\t\t<img decoding=\"async\" width=\"800\" height=\"534\" src=\"https:\/\/matlasyntek.1704.org\/matlasyntek\/wp-content\/uploads\/2025\/01\/polychroma.powell_1736596570085-1024x683.jpeg\" class=\"attachment-large size-large wp-image-657\" alt=\"\" srcset=\"https:\/\/matlasyntek.1704.org\/matlasyntek\/wp-content\/uploads\/2025\/01\/polychroma.powell_1736596570085-1024x683.jpeg 1024w, https:\/\/matlasyntek.1704.org\/matlasyntek\/wp-content\/uploads\/2025\/01\/polychroma.powell_1736596570085-300x200.jpeg 300w, https:\/\/matlasyntek.1704.org\/matlasyntek\/wp-content\/uploads\/2025\/01\/polychroma.powell_1736596570085-768x512.jpeg 768w, https:\/\/matlasyntek.1704.org\/matlasyntek\/wp-content\/uploads\/2025\/01\/polychroma.powell_1736596570085.jpeg 1080w\" sizes=\"(max-width: 800px) 100vw, 800px\" \/>\t\t\t\t\t\t\t\t\t\t\t\t\t<\/div>\n\t\t\t\t<\/div>\n\t\t\t\t\t<\/div>\n\t\t<\/div>\n\t\t\t\t<div class=\"elementor-column elementor-col-50 elementor-top-column elementor-element elementor-element-2412657\" data-id=\"2412657\" data-element_type=\"column\">\n\t\t\t<div class=\"elementor-widget-wrap elementor-element-populated\">\n\t\t\t\t\t\t<div class=\"elementor-element elementor-element-881ecea elementor-widget elementor-widget-text-editor\" data-id=\"881ecea\" data-element_type=\"widget\" data-widget_type=\"text-editor.default\">\n\t\t\t\t<div class=\"elementor-widget-container\">\n\t\t\t\t\t\t\t<p data-pm-slice=\"1 1 []\">Por otro lado, &#8220;Flor Amarga&#8221; es una Golden Ale refrescante y ligera, con un perfil floral y frutal que evoca la frescura de un jard\u00edn en primavera. Su equilibrio entre dulzura de malta y amargor de l\u00fapulo la convierte en la elecci\u00f3n ideal para cualquier ocasi\u00f3n.<\/p><p>M\u00e1s all\u00e1 de la cerveza, Dos Caminos tambi\u00e9n experimenta con la elaboraci\u00f3n de hidromiel, rescatando una tradici\u00f3n milenaria y adapt\u00e1ndola a los paladares contempor\u00e1neos. Su pasi\u00f3n por la fermentaci\u00f3n y la excelencia en cada detalle los ha convertido en aliados imprescindibles de nuestra comunidad.<\/p><p data-pm-slice=\"1 1 []\">En Matlasyntek celebramos la sinergia con proyectos que desaf\u00edan lo convencional, y Dos Caminos Brewing Company es prueba de ello. Descubre sus creaciones en nuestros eventos y s\u00edguenos en este viaje de sabores donde cada sorbo es una experiencia irrepetible.<\/p>\t\t\t\t\t\t<\/div>\n\t\t\t\t<\/div>\n\t\t\t\t<div class=\"elementor-element elementor-element-009a2df elementor-headline--style-highlight elementor-widget elementor-widget-animated-headline\" data-id=\"009a2df\" data-element_type=\"widget\" data-settings=\"{&quot;highlighted_text&quot;:&quot;conoce su trabajo &quot;,&quot;headline_style&quot;:&quot;highlight&quot;,&quot;marker&quot;:&quot;circle&quot;,&quot;loop&quot;:&quot;yes&quot;,&quot;highlight_animation_duration&quot;:1200,&quot;highlight_iteration_delay&quot;:8000}\" data-widget_type=\"animated-headline.default\">\n\t\t\t\t<div class=\"elementor-widget-container\">\n\t\t\t\t\t<h6 class=\"elementor-headline\">\n\t\t\t\t<span class=\"elementor-headline-dynamic-wrapper elementor-headline-text-wrapper\">\n\t\t\t\t\t<span class=\"elementor-headline-dynamic-text elementor-headline-text-active\">conoce su trabajo <\/span>\n\t\t\t\t<\/span>\n\t\t\t\t<\/h6>\n\t\t\t\t<\/div>\n\t\t\t\t<\/div>\n\t\t\t\t<div class=\"elementor-element elementor-element-3143371 elementor-shape-rounded elementor-grid-0 e-grid-align-center elementor-widget elementor-widget-social-icons\" data-id=\"3143371\" data-element_type=\"widget\" data-widget_type=\"social-icons.default\">\n\t\t\t\t<div class=\"elementor-widget-container\">\n\t\t\t\t\t<div class=\"elementor-social-icons-wrapper elementor-grid\">\n\t\t\t\t\t\t\t<span class=\"elementor-grid-item\">\n\t\t\t\t\t<a class=\"elementor-icon elementor-social-icon elementor-social-icon-facebook elementor-repeater-item-cb2c953\" href=\"https:\/\/www.facebook.com\/profile.php?id=100090096843813\" target=\"_blank\">\n\t\t\t\t\t\t<span class=\"elementor-screen-only\">Facebook<\/span>\n\t\t\t\t\t\t<i class=\"fab fa-facebook\"><\/i>\t\t\t\t\t<\/a>\n\t\t\t\t<\/span>\n\t\t\t\t\t\t\t<span class=\"elementor-grid-item\">\n\t\t\t\t\t<a class=\"elementor-icon elementor-social-icon elementor-social-icon-whatsapp elementor-repeater-item-75fd671\" href=\"https:\/\/api.whatsapp.com\/send?phone=527299073710&#038;text=Hola%2C%20vi%20tu%20presencia%20en%20el%20sitio%20de%20matlasyntek%20colective%20y%20me%20gustar%C3%ADa%20adquirir%20sus%20productos.\" target=\"_blank\">\n\t\t\t\t\t\t<span class=\"elementor-screen-only\">Whatsapp<\/span>\n\t\t\t\t\t\t<i class=\"fab fa-whatsapp\"><\/i>\t\t\t\t\t<\/a>\n\t\t\t\t<\/span>\n\t\t\t\t\t\t\t<span class=\"elementor-grid-item\">\n\t\t\t\t\t<a class=\"elementor-icon elementor-social-icon elementor-social-icon-instagram elementor-repeater-item-120da15\" href=\"https:\/\/www.instagram.com\/dos_caminos_brewing.co\/\" target=\"_blank\">\n\t\t\t\t\t\t<span class=\"elementor-screen-only\">Instagram<\/span>\n\t\t\t\t\t\t<i class=\"fab fa-instagram\"><\/i>\t\t\t\t\t<\/a>\n\t\t\t\t<\/span>\n\t\t\t\t\t\t\t<span class=\"elementor-grid-item\">\n\t\t\t\t\t<a class=\"elementor-icon elementor-social-icon elementor-social-icon-threads elementor-repeater-item-32ec24c\" href=\"https:\/\/www.threads.net\/@dos_caminos_brewing.co?xmt=AQGzieQLVhszsbVfC3udZuKr26F3bBj3L04DOlFi_ggBmp0\" target=\"_blank\">\n\t\t\t\t\t\t<span class=\"elementor-screen-only\">Threads<\/span>\n\t\t\t\t\t\t<i class=\"fab fa-threads\"><\/i>\t\t\t\t\t<\/a>\n\t\t\t\t<\/span>\n\t\t\t\t\t<\/div>\n\t\t\t\t<\/div>\n\t\t\t\t<\/div>\n\t\t\t\t\t<\/div>\n\t\t<\/div>\n\t\t\t\t\t<\/div>\n\t\t<\/section>\n\t\t\t\t<section class=\"elementor-section elementor-top-section elementor-element elementor-element-0d3a148 elementor-section-boxed elementor-section-height-default elementor-section-height-default\" data-id=\"0d3a148\" data-element_type=\"section\">\n\t\t\t\t\t\t<div class=\"elementor-container elementor-column-gap-default\">\n\t\t\t\t\t<div class=\"elementor-column elementor-col-100 elementor-top-column elementor-element elementor-element-87d6842\" data-id=\"87d6842\" data-element_type=\"column\">\n\t\t\t<div class=\"elementor-widget-wrap elementor-element-populated\">\n\t\t\t\t\t\t<div class=\"elementor-element elementor-element-eda3545 elementor-widget elementor-widget-spacer\" data-id=\"eda3545\" data-element_type=\"widget\" data-widget_type=\"spacer.default\">\n\t\t\t\t<div class=\"elementor-widget-container\">\n\t\t\t\t\t<div class=\"elementor-spacer\">\n\t\t\t<div class=\"elementor-spacer-inner\"><\/div>\n\t\t<\/div>\n\t\t\t\t<\/div>\n\t\t\t\t<\/div>\n\t\t\t\t\t<\/div>\n\t\t<\/div>\n\t\t\t\t\t<\/div>\n\t\t<\/section>\n\t\t\t\t<\/div>\n\t\t","protected":false},"excerpt":{"rendered":"<p>.heading-animation678c24c2308cf .pt-plus-cd-headline.loading-bar .cd-words-wrapper::after{} Dos Caminos Brewing Company Dos Caminos Brewing Company es una cervecera 100% mexicana que fusiona el arte de la elaboraci\u00f3n artesanal con una visi\u00f3n moderna, llevando sus creaciones a la escena nocturna y sus proyectos vanguardistas. Desde el inicio de Matlasyntek, han sido parte fundamental de nuestra comunidad, acompa\u00f1\u00e1ndonos tanto en el [&hellip;]<\/p>\n","protected":false},"author":1,"featured_media":0,"parent":0,"menu_order":0,"comment_status":"closed","ping_status":"closed","template":"","meta":{"footnotes":""},"class_list":["post-656","page","type-page","status-publish","hentry"],"yoast_head":"<!-- This site is optimized with the Yoast SEO plugin v24.0 - https:\/\/yoast.com\/wordpress\/plugins\/seo\/ -->\n<title>Dos Caminos Brewing Company - Matlasyntek<\/title>\n<meta name=\"robots\" content=\"index, follow, max-snippet:-1, max-image-preview:large, max-video-preview:-1\" \/>\n<link rel=\"canonical\" href=\"https:\/\/matlasyntek.1704.org\/matlasyntek\/dos-caminos-brewing-company\/\" \/>\n<meta property=\"og:locale\" content=\"es_MX\" \/>\n<meta property=\"og:type\" content=\"article\" \/>\n<meta property=\"og:title\" content=\"Dos Caminos Brewing Company - Matlasyntek\" \/>\n<meta property=\"og:description\" content=\".heading-animation678c24c2308cf .pt-plus-cd-headline.loading-bar .cd-words-wrapper::after{} Dos Caminos Brewing Company Dos Caminos Brewing Company es una cervecera 100% mexicana que fusiona el arte de la elaboraci\u00f3n artesanal con una visi\u00f3n moderna, llevando sus creaciones a la escena nocturna y sus proyectos vanguardistas. Desde el inicio de Matlasyntek, han sido parte fundamental de nuestra comunidad, acompa\u00f1\u00e1ndonos tanto en el [&hellip;]\" \/>\n<meta property=\"og:url\" content=\"https:\/\/matlasyntek.1704.org\/matlasyntek\/dos-caminos-brewing-company\/\" \/>\n<meta property=\"og:site_name\" content=\"Matlasyntek\" \/>\n<meta property=\"article:modified_time\" content=\"2026-05-11T11:34:31+00:00\" \/>\n<meta property=\"og:image\" content=\"https:\/\/matlasyntek.1704.org\/matlasyntek\/wp-content\/uploads\/2025\/01\/2Recurso-1-e1736597270699.png\" \/>\n\t<meta property=\"og:image:width\" content=\"862\" \/>\n\t<meta property=\"og:image:height\" content=\"880\" \/>\n\t<meta property=\"og:image:type\" content=\"image\/png\" \/>\n<meta name=\"twitter:card\" content=\"summary_large_image\" \/>\n<meta name=\"twitter:label1\" content=\"Tiempo de lectura\" \/>\n\t<meta name=\"twitter:data1\" content=\"2 minutos\" \/>\n<script type=\"application\/ld+json\" class=\"yoast-schema-graph\">{\"@context\":\"https:\/\/schema.org\",\"@graph\":[{\"@type\":\"WebPage\",\"@id\":\"https:\/\/matlasyntek.1704.org\/matlasyntek\/dos-caminos-brewing-company\/\",\"url\":\"https:\/\/matlasyntek.1704.org\/matlasyntek\/dos-caminos-brewing-company\/\",\"name\":\"Dos Caminos Brewing Company - Matlasyntek\",\"isPartOf\":{\"@id\":\"https:\/\/matlasyntek.1704.org\/matlasyntek\/#website\"},\"primaryImageOfPage\":{\"@id\":\"https:\/\/matlasyntek.1704.org\/matlasyntek\/dos-caminos-brewing-company\/#primaryimage\"},\"image\":{\"@id\":\"https:\/\/matlasyntek.1704.org\/matlasyntek\/dos-caminos-brewing-company\/#primaryimage\"},\"thumbnailUrl\":\"https:\/\/matlasyntek.1704.org\/matlasyntek\/wp-content\/uploads\/2025\/01\/2Recurso-1-e1736597270699-700x700.png\",\"datePublished\":\"2025-01-11T11:55:59+00:00\",\"dateModified\":\"2026-05-11T11:34:31+00:00\",\"breadcrumb\":{\"@id\":\"https:\/\/matlasyntek.1704.org\/matlasyntek\/dos-caminos-brewing-company\/#breadcrumb\"},\"inLanguage\":\"es\",\"potentialAction\":[{\"@type\":\"ReadAction\",\"target\":[\"https:\/\/matlasyntek.1704.org\/matlasyntek\/dos-caminos-brewing-company\/\"]}]},{\"@type\":\"ImageObject\",\"inLanguage\":\"es\",\"@id\":\"https:\/\/matlasyntek.1704.org\/matlasyntek\/dos-caminos-brewing-company\/#primaryimage\",\"url\":\"https:\/\/matlasyntek.1704.org\/matlasyntek\/wp-content\/uploads\/2025\/01\/2Recurso-1-e1736597270699.png\",\"contentUrl\":\"https:\/\/matlasyntek.1704.org\/matlasyntek\/wp-content\/uploads\/2025\/01\/2Recurso-1-e1736597270699.png\",\"width\":862,\"height\":880},{\"@type\":\"BreadcrumbList\",\"@id\":\"https:\/\/matlasyntek.1704.org\/matlasyntek\/dos-caminos-brewing-company\/#breadcrumb\",\"itemListElement\":[{\"@type\":\"ListItem\",\"position\":1,\"name\":\"Home\",\"item\":\"https:\/\/matlasyntek.1704.org\/matlasyntek\/\"},{\"@type\":\"ListItem\",\"position\":2,\"name\":\"Dos Caminos Brewing Company\"}]},{\"@type\":\"WebSite\",\"@id\":\"https:\/\/matlasyntek.1704.org\/matlasyntek\/#website\",\"url\":\"https:\/\/matlasyntek.1704.org\/matlasyntek\/\",\"name\":\"Matlasyntek\",\"description\":\"\",\"publisher\":{\"@id\":\"https:\/\/matlasyntek.1704.org\/matlasyntek\/#organization\"},\"potentialAction\":[{\"@type\":\"SearchAction\",\"target\":{\"@type\":\"EntryPoint\",\"urlTemplate\":\"https:\/\/matlasyntek.1704.org\/matlasyntek\/?s={search_term_string}\"},\"query-input\":{\"@type\":\"PropertyValueSpecification\",\"valueRequired\":true,\"valueName\":\"search_term_string\"}}],\"inLanguage\":\"es\"},{\"@type\":\"Organization\",\"@id\":\"https:\/\/matlasyntek.1704.org\/matlasyntek\/#organization\",\"name\":\"Matlasyntek\",\"url\":\"https:\/\/matlasyntek.1704.org\/matlasyntek\/\",\"logo\":{\"@type\":\"ImageObject\",\"inLanguage\":\"es\",\"@id\":\"https:\/\/matlasyntek.1704.org\/matlasyntek\/#\/schema\/logo\/image\/\",\"url\":\"https:\/\/matlasyntek.1704.org\/matlasyntek\/wp-content\/uploads\/2024\/12\/2Recurso-5.png\",\"contentUrl\":\"https:\/\/matlasyntek.1704.org\/matlasyntek\/wp-content\/uploads\/2024\/12\/2Recurso-5.png\",\"width\":719,\"height\":86,\"caption\":\"Matlasyntek\"},\"image\":{\"@id\":\"https:\/\/matlasyntek.1704.org\/matlasyntek\/#\/schema\/logo\/image\/\"}}]}<\/script>\n<!-- \/ Yoast SEO plugin. -->","yoast_head_json":{"title":"Dos Caminos Brewing Company - Matlasyntek","robots":{"index":"index","follow":"follow","max-snippet":"max-snippet:-1","max-image-preview":"max-image-preview:large","max-video-preview":"max-video-preview:-1"},"canonical":"https:\/\/matlasyntek.1704.org\/matlasyntek\/dos-caminos-brewing-company\/","og_locale":"es_MX","og_type":"article","og_title":"Dos Caminos Brewing Company - Matlasyntek","og_description":".heading-animation678c24c2308cf .pt-plus-cd-headline.loading-bar .cd-words-wrapper::after{} Dos Caminos Brewing Company Dos Caminos Brewing Company es una cervecera 100% mexicana que fusiona el arte de la elaboraci\u00f3n artesanal con una visi\u00f3n moderna, llevando sus creaciones a la escena nocturna y sus proyectos vanguardistas. Desde el inicio de Matlasyntek, han sido parte fundamental de nuestra comunidad, acompa\u00f1\u00e1ndonos tanto en el [&hellip;]","og_url":"https:\/\/matlasyntek.1704.org\/matlasyntek\/dos-caminos-brewing-company\/","og_site_name":"Matlasyntek","article_modified_time":"2026-05-11T11:34:31+00:00","og_image":[{"width":862,"height":880,"url":"https:\/\/matlasyntek.1704.org\/matlasyntek\/wp-content\/uploads\/2025\/01\/2Recurso-1-e1736597270699.png","type":"image\/png"}],"twitter_card":"summary_large_image","twitter_misc":{"Tiempo de lectura":"2 minutos"},"schema":{"@context":"https:\/\/schema.org","@graph":[{"@type":"WebPage","@id":"https:\/\/matlasyntek.1704.org\/matlasyntek\/dos-caminos-brewing-company\/","url":"https:\/\/matlasyntek.1704.org\/matlasyntek\/dos-caminos-brewing-company\/","name":"Dos Caminos Brewing Company - Matlasyntek","isPartOf":{"@id":"https:\/\/matlasyntek.1704.org\/matlasyntek\/#website"},"primaryImageOfPage":{"@id":"https:\/\/matlasyntek.1704.org\/matlasyntek\/dos-caminos-brewing-company\/#primaryimage"},"image":{"@id":"https:\/\/matlasyntek.1704.org\/matlasyntek\/dos-caminos-brewing-company\/#primaryimage"},"thumbnailUrl":"https:\/\/matlasyntek.1704.org\/matlasyntek\/wp-content\/uploads\/2025\/01\/2Recurso-1-e1736597270699-700x700.png","datePublished":"2025-01-11T11:55:59+00:00","dateModified":"2026-05-11T11:34:31+00:00","breadcrumb":{"@id":"https:\/\/matlasyntek.1704.org\/matlasyntek\/dos-caminos-brewing-company\/#breadcrumb"},"inLanguage":"es","potentialAction":[{"@type":"ReadAction","target":["https:\/\/matlasyntek.1704.org\/matlasyntek\/dos-caminos-brewing-company\/"]}]},{"@type":"ImageObject","inLanguage":"es","@id":"https:\/\/matlasyntek.1704.org\/matlasyntek\/dos-caminos-brewing-company\/#primaryimage","url":"https:\/\/matlasyntek.1704.org\/matlasyntek\/wp-content\/uploads\/2025\/01\/2Recurso-1-e1736597270699.png","contentUrl":"https:\/\/matlasyntek.1704.org\/matlasyntek\/wp-content\/uploads\/2025\/01\/2Recurso-1-e1736597270699.png","width":862,"height":880},{"@type":"BreadcrumbList","@id":"https:\/\/matlasyntek.1704.org\/matlasyntek\/dos-caminos-brewing-company\/#breadcrumb","itemListElement":[{"@type":"ListItem","position":1,"name":"Home","item":"https:\/\/matlasyntek.1704.org\/matlasyntek\/"},{"@type":"ListItem","position":2,"name":"Dos Caminos Brewing Company"}]},{"@type":"WebSite","@id":"https:\/\/matlasyntek.1704.org\/matlasyntek\/#website","url":"https:\/\/matlasyntek.1704.org\/matlasyntek\/","name":"Matlasyntek","description":"","publisher":{"@id":"https:\/\/matlasyntek.1704.org\/matlasyntek\/#organization"},"potentialAction":[{"@type":"SearchAction","target":{"@type":"EntryPoint","urlTemplate":"https:\/\/matlasyntek.1704.org\/matlasyntek\/?s={search_term_string}"},"query-input":{"@type":"PropertyValueSpecification","valueRequired":true,"valueName":"search_term_string"}}],"inLanguage":"es"},{"@type":"Organization","@id":"https:\/\/matlasyntek.1704.org\/matlasyntek\/#organization","name":"Matlasyntek","url":"https:\/\/matlasyntek.1704.org\/matlasyntek\/","logo":{"@type":"ImageObject","inLanguage":"es","@id":"https:\/\/matlasyntek.1704.org\/matlasyntek\/#\/schema\/logo\/image\/","url":"https:\/\/matlasyntek.1704.org\/matlasyntek\/wp-content\/uploads\/2024\/12\/2Recurso-5.png","contentUrl":"https:\/\/matlasyntek.1704.org\/matlasyntek\/wp-content\/uploads\/2024\/12\/2Recurso-5.png","width":719,"height":86,"caption":"Matlasyntek"},"image":{"@id":"https:\/\/matlasyntek.1704.org\/matlasyntek\/#\/schema\/logo\/image\/"}}]}},"_links":{"self":[{"href":"https:\/\/matlasyntek.1704.org\/matlasyntek\/wp-json\/wp\/v2\/pages\/656","targetHints":{"allow":["GET"]}}],"collection":[{"href":"https:\/\/matlasyntek.1704.org\/matlasyntek\/wp-json\/wp\/v2\/pages"}],"about":[{"href":"https:\/\/matlasyntek.1704.org\/matlasyntek\/wp-json\/wp\/v2\/types\/page"}],"author":[{"embeddable":true,"href":"https:\/\/matlasyntek.1704.org\/matlasyntek\/wp-json\/wp\/v2\/users\/1"}],"replies":[{"embeddable":true,"href":"https:\/\/matlasyntek.1704.org\/matlasyntek\/wp-json\/wp\/v2\/comments?post=656"}],"version-history":[{"count":32,"href":"https:\/\/matlasyntek.1704.org\/matlasyntek\/wp-json\/wp\/v2\/pages\/656\/revisions"}],"predecessor-version":[{"id":3078,"href":"https:\/\/matlasyntek.1704.org\/matlasyntek\/wp-json\/wp\/v2\/pages\/656\/revisions\/3078"}],"wp:attachment":[{"href":"https:\/\/matlasyntek.1704.org\/matlasyntek\/wp-json\/wp\/v2\/media?parent=656"}],"curies":[{"name":"wp","href":"https:\/\/api.w.org\/{rel}","templated":true}]}}