{"id":715,"date":"2025-01-12T07:06:52","date_gmt":"2025-01-12T07:06:52","guid":{"rendered":"https:\/\/matlasyntek.1704.org\/matlasyntek\/?page_id=715"},"modified":"2026-05-11T11:34:31","modified_gmt":"2026-05-11T11:34:31","slug":"ginebra-doble-cara","status":"publish","type":"page","link":"https:\/\/matlasyntek.1704.org\/matlasyntek\/ginebra-doble-cara\/","title":{"rendered":"Ginebra Doble Cara"},"content":{"rendered":"\t\t<div data-elementor-type=\"wp-page\" data-elementor-id=\"715\" class=\"elementor elementor-715\" data-elementor-post-type=\"page\">\n\t\t\t\t\t\t<section class=\"elementor-section elementor-top-section elementor-element elementor-element-b9038be elementor-section-boxed elementor-section-height-default elementor-section-height-default\" data-id=\"b9038be\" data-element_type=\"section\">\n\t\t\t\t\t\t<div class=\"elementor-container elementor-column-gap-default\">\n\t\t\t\t\t<div class=\"elementor-column elementor-col-100 elementor-top-column elementor-element elementor-element-ceb2f4a\" data-id=\"ceb2f4a\" data-element_type=\"column\">\n\t\t\t<div class=\"elementor-widget-wrap elementor-element-populated\">\n\t\t\t\t\t\t<div class=\"elementor-element elementor-element-f3c5092 elementor-widget elementor-widget-tp-heading-animation\" data-id=\"f3c5092\" data-element_type=\"widget\" data-widget_type=\"tp-heading-animation.default\">\n\t\t\t\t<div class=\"elementor-widget-container\">\n\t\t\t<style>.heading-animation6a030a5fc565a .pt-plus-cd-headline.loading-bar .cd-words-wrapper::after{background-color: #49D915;}<\/style><div class=\"pt-plus-heading-animation heading-animation head-anim-style-2 animate-general heading-animation6a030a5fc565a\"   data-animate-type=\"transition.flipBounceYIn\" data-animate-delay=\"50\" data-animate-offset=\"85%\"><h3 class=\"pt-plus-cd-headline rotate-1\" ><span class=\"cd-words-wrapper\"><b  class=\"is-visible\"> Doble Cara Ginebra<\/b><\/span><\/h3><\/div>\t\t<\/div>\n\t\t\t\t<\/div>\n\t\t\t\t\t<\/div>\n\t\t<\/div>\n\t\t\t\t\t<\/div>\n\t\t<\/section>\n\t\t\t\t<section class=\"elementor-section elementor-top-section elementor-element elementor-element-688eb3c elementor-section-boxed elementor-section-height-default elementor-section-height-default\" data-id=\"688eb3c\" data-element_type=\"section\">\n\t\t\t\t\t\t<div class=\"elementor-container elementor-column-gap-default\">\n\t\t\t\t\t<div class=\"elementor-column elementor-col-50 elementor-top-column elementor-element elementor-element-f8e6224\" data-id=\"f8e6224\" data-element_type=\"column\">\n\t\t\t<div class=\"elementor-widget-wrap elementor-element-populated\">\n\t\t\t\t\t\t<div class=\"elementor-element elementor-element-9dac4d3 elementor-widget elementor-widget-image\" data-id=\"9dac4d3\" data-element_type=\"widget\" data-widget_type=\"image.default\">\n\t\t\t\t<div class=\"elementor-widget-container\">\n\t\t\t\t\t\t\t\t\t\t\t\t\t<img fetchpriority=\"high\" decoding=\"async\" width=\"800\" height=\"303\" src=\"https:\/\/matlasyntek.1704.org\/matlasyntek\/wp-content\/uploads\/2025\/01\/2Recurso-3-1024x388.png\" class=\"attachment-large size-large wp-image-502\" alt=\"\" srcset=\"https:\/\/matlasyntek.1704.org\/matlasyntek\/wp-content\/uploads\/2025\/01\/2Recurso-3-1024x388.png 1024w, https:\/\/matlasyntek.1704.org\/matlasyntek\/wp-content\/uploads\/2025\/01\/2Recurso-3-1536x582.png 1536w, https:\/\/matlasyntek.1704.org\/matlasyntek\/wp-content\/uploads\/2025\/01\/2Recurso-3-2048x777.png 2048w\" sizes=\"(max-width: 800px) 100vw, 800px\" \/>\t\t\t\t\t\t\t\t\t\t\t\t\t<\/div>\n\t\t\t\t<\/div>\n\t\t\t\t\t<\/div>\n\t\t<\/div>\n\t\t\t\t<div class=\"elementor-column elementor-col-50 elementor-top-column elementor-element elementor-element-2f2300e\" data-id=\"2f2300e\" data-element_type=\"column\">\n\t\t\t<div class=\"elementor-widget-wrap elementor-element-populated\">\n\t\t\t\t\t\t<div class=\"elementor-element elementor-element-c3300e2 elementor-widget elementor-widget-text-editor\" data-id=\"c3300e2\" data-element_type=\"widget\" data-widget_type=\"text-editor.default\">\n\t\t\t\t<div class=\"elementor-widget-container\">\n\t\t\t\t\t\t\t<p>En el universo de los destilados artesanales, <strong>Ginebra Doble Cara<\/strong> se ha consolidado como una marca mexicana que desaf\u00eda lo convencional. Con cuatro a\u00f1os de trayectoria y una pasi\u00f3n inquebrantable por la destilaci\u00f3n, su viaje comenz\u00f3 en Toluca, donde en menos de dos meses logr\u00f3 posicionarse en diversos establecimientos. Desde entonces, ha seguido expandiendo su presencia con lotes peque\u00f1os de ginebra, comiteco y comiteco-gin, explorando nuevas formas de reinterpretar los sabores tradicionales de M\u00e9xico.<\/p>\t\t\t\t\t\t<\/div>\n\t\t\t\t<\/div>\n\t\t\t\t\t<\/div>\n\t\t<\/div>\n\t\t\t\t\t<\/div>\n\t\t<\/section>\n\t\t\t\t<section class=\"elementor-section elementor-top-section elementor-element elementor-element-4f23f5b elementor-section-boxed elementor-section-height-default elementor-section-height-default\" data-id=\"4f23f5b\" data-element_type=\"section\">\n\t\t\t\t\t\t<div class=\"elementor-container elementor-column-gap-default\">\n\t\t\t\t\t<div class=\"elementor-column elementor-col-66 elementor-top-column elementor-element elementor-element-4de9b7a\" data-id=\"4de9b7a\" data-element_type=\"column\">\n\t\t\t<div class=\"elementor-widget-wrap elementor-element-populated\">\n\t\t\t\t\t\t<div class=\"elementor-element elementor-element-8077a37 elementor-widget elementor-widget-text-editor\" data-id=\"8077a37\" data-element_type=\"widget\" data-widget_type=\"text-editor.default\">\n\t\t\t\t<div class=\"elementor-widget-container\">\n\t\t\t\t\t\t\t<h3><strong>Gerardo Almaraz: El Alquimista Detr\u00e1s de la Magia<\/strong><\/h3><p>Detr\u00e1s de cada destilado est\u00e1 <strong>Gerardo Almaraz<\/strong>, maestro destilador y visionario, cuyo camino lo ha llevado desde los pueblos de Guerrero hasta la zona central de M\u00e9xico en una b\u00fasqueda constante de innovaci\u00f3n. Lo que comenz\u00f3 como una exploraci\u00f3n de bebidas regionales se transform\u00f3 en un viaje de reivindicaci\u00f3n hist\u00f3rica, donde cada gota de <strong>Doble Cara Gin<\/strong> es un testimonio de la fusi\u00f3n entre tradici\u00f3n y modernidad. Aqu\u00ed, la luz y la oscuridad no se oponen, sino que se complementan en una experiencia sensorial \u00fanica.<\/p>\t\t\t\t\t\t<\/div>\n\t\t\t\t<\/div>\n\t\t\t\t\t<\/div>\n\t\t<\/div>\n\t\t\t\t<div class=\"elementor-column elementor-col-33 elementor-top-column elementor-element elementor-element-ff8add8\" data-id=\"ff8add8\" data-element_type=\"column\">\n\t\t\t<div class=\"elementor-widget-wrap elementor-element-populated\">\n\t\t\t\t\t\t<div class=\"elementor-element elementor-element-5827bef elementor-widget elementor-widget-image\" data-id=\"5827bef\" data-element_type=\"widget\" data-widget_type=\"image.default\">\n\t\t\t\t<div class=\"elementor-widget-container\">\n\t\t\t\t\t\t\t\t\t\t\t\t\t<img decoding=\"async\" width=\"800\" height=\"800\" src=\"https:\/\/matlasyntek.1704.org\/matlasyntek\/wp-content\/uploads\/2025\/01\/barralquimia_1736667432673-1024x1024.jpeg\" class=\"attachment-large size-large wp-image-721\" alt=\"\" srcset=\"https:\/\/matlasyntek.1704.org\/matlasyntek\/wp-content\/uploads\/2025\/01\/barralquimia_1736667432673-1024x1024.jpeg 1024w, https:\/\/matlasyntek.1704.org\/matlasyntek\/wp-content\/uploads\/2025\/01\/barralquimia_1736667432673-300x300.jpeg 300w, https:\/\/matlasyntek.1704.org\/matlasyntek\/wp-content\/uploads\/2025\/01\/barralquimia_1736667432673-150x150.jpeg 150w, https:\/\/matlasyntek.1704.org\/matlasyntek\/wp-content\/uploads\/2025\/01\/barralquimia_1736667432673-768x768.jpeg 768w, https:\/\/matlasyntek.1704.org\/matlasyntek\/wp-content\/uploads\/2025\/01\/barralquimia_1736667432673-700x700.jpeg 700w, https:\/\/matlasyntek.1704.org\/matlasyntek\/wp-content\/uploads\/2025\/01\/barralquimia_1736667432673.jpeg 1080w\" sizes=\"(max-width: 800px) 100vw, 800px\" \/>\t\t\t\t\t\t\t\t\t\t\t\t\t<\/div>\n\t\t\t\t<\/div>\n\t\t\t\t\t<\/div>\n\t\t<\/div>\n\t\t\t\t\t<\/div>\n\t\t<\/section>\n\t\t\t\t<section class=\"elementor-section elementor-top-section elementor-element elementor-element-3c33868 elementor-section-boxed elementor-section-height-default elementor-section-height-default\" data-id=\"3c33868\" data-element_type=\"section\">\n\t\t\t\t\t\t<div class=\"elementor-container elementor-column-gap-default\">\n\t\t\t\t\t<div class=\"elementor-column elementor-col-50 elementor-top-column elementor-element elementor-element-9a2e2a1\" data-id=\"9a2e2a1\" data-element_type=\"column\">\n\t\t\t<div class=\"elementor-widget-wrap elementor-element-populated\">\n\t\t\t\t\t\t<div class=\"elementor-element elementor-element-fccf6a7 elementor-widget elementor-widget-text-editor\" data-id=\"fccf6a7\" data-element_type=\"widget\" data-widget_type=\"text-editor.default\">\n\t\t\t\t<div class=\"elementor-widget-container\">\n\t\t\t\t\t\t\t<p>En esta nueva colaboraci\u00f3n con <strong>Matlasyntek<\/strong>, <strong>Doble Cara Gin<\/strong> regresa con m\u00e1s fuerza, no solo como patrocinador, sino como una pieza clave en la experiencia de <a href=\"https:\/\/matlasyntek.1704.org\/matlasyntek\/andromeda\/\"><strong>Andr\u00f3meda<\/strong>.<\/a> Esta vez, los asistentes podr\u00e1n disfrutar directamente de sus exquisitos tragos de ginebra artesanal, preparados para transportarte a un mundo donde la herbolaria mexicana se convierte en una sinfon\u00eda de sabores.<\/p><p>Desde los secretos de las curanderas hasta la alquimia en tu copa, <strong>Doble Cara Gin<\/strong> es una invitaci\u00f3n a descubrir M\u00e9xico en cada sorbo. Ya sea en las rocas o en un c\u00f3ctel perfectamente equilibrado, cada trago es una historia, una conexi\u00f3n con nuestras ra\u00edces y una celebraci\u00f3n del presente.<\/p><p>Prep\u00e1rate para explorar los l\u00edmites entre lo terrenal y lo c\u00f3smico en <a href=\"https:\/\/matlasyntek.1704.org\/matlasyntek\/andromeda\/\"><strong>Andr\u00f3meda<\/strong> <\/a>con la ginebra que une <strong>tradici\u00f3n, magia y sabor<\/strong> en cada trago.<\/p>\t\t\t\t\t\t<\/div>\n\t\t\t\t<\/div>\n\t\t\t\t<div class=\"elementor-element elementor-element-c927358 elementor-shape-rounded elementor-grid-0 e-grid-align-center elementor-widget elementor-widget-social-icons\" data-id=\"c927358\" data-element_type=\"widget\" data-widget_type=\"social-icons.default\">\n\t\t\t\t<div class=\"elementor-widget-container\">\n\t\t\t\t\t<div class=\"elementor-social-icons-wrapper elementor-grid\">\n\t\t\t\t\t\t\t<span class=\"elementor-grid-item\">\n\t\t\t\t\t<a class=\"elementor-icon elementor-social-icon elementor-social-icon-facebook elementor-repeater-item-cb10ff8\" href=\"https:\/\/www.facebook.com\/gerardo.almarazgomez\/\" target=\"_blank\">\n\t\t\t\t\t\t<span class=\"elementor-screen-only\">Facebook<\/span>\n\t\t\t\t\t\t<i class=\"fab fa-facebook\"><\/i>\t\t\t\t\t<\/a>\n\t\t\t\t<\/span>\n\t\t\t\t\t\t\t<span class=\"elementor-grid-item\">\n\t\t\t\t\t<a class=\"elementor-icon elementor-social-icon elementor-social-icon-instagram elementor-repeater-item-df237fb\" href=\"https:\/\/www.instagram.com\/ginebradoblecara\/\" target=\"_blank\">\n\t\t\t\t\t\t<span class=\"elementor-screen-only\">Instagram<\/span>\n\t\t\t\t\t\t<i class=\"fab fa-instagram\"><\/i>\t\t\t\t\t<\/a>\n\t\t\t\t<\/span>\n\t\t\t\t\t\t\t<span class=\"elementor-grid-item\">\n\t\t\t\t\t<a class=\"elementor-icon elementor-social-icon elementor-social-icon-whatsapp elementor-repeater-item-644054e\" href=\"https:\/\/api.whatsapp.com\/send?phone=5217296459774&#038;text=Hola%2C%20vimos%20tu%20presencia%20en%20la%20p%C3%A1gina%20web%20de%20matlasyntek%20colective%20y%20estoy%20interesado%20en%20adquirir%20tus%20productos\" target=\"_blank\">\n\t\t\t\t\t\t<span class=\"elementor-screen-only\">Whatsapp<\/span>\n\t\t\t\t\t\t<i class=\"fab fa-whatsapp\"><\/i>\t\t\t\t\t<\/a>\n\t\t\t\t<\/span>\n\t\t\t\t\t<\/div>\n\t\t\t\t<\/div>\n\t\t\t\t<\/div>\n\t\t\t\t\t<\/div>\n\t\t<\/div>\n\t\t\t\t<div class=\"elementor-column elementor-col-50 elementor-top-column elementor-element elementor-element-e800c40\" data-id=\"e800c40\" data-element_type=\"column\">\n\t\t\t<div class=\"elementor-widget-wrap elementor-element-populated\">\n\t\t\t\t\t\t<div class=\"elementor-element elementor-element-bdf2052 elementor-widget elementor-widget-image\" data-id=\"bdf2052\" data-element_type=\"widget\" data-widget_type=\"image.default\">\n\t\t\t\t<div class=\"elementor-widget-container\">\n\t\t\t\t\t\t\t\t\t\t\t\t\t<img decoding=\"async\" width=\"800\" height=\"800\" src=\"https:\/\/matlasyntek.1704.org\/matlasyntek\/wp-content\/uploads\/2025\/01\/ginebradoblecara_1736667670926-1024x1024.jpeg\" class=\"attachment-large size-large wp-image-722\" alt=\"\" srcset=\"https:\/\/matlasyntek.1704.org\/matlasyntek\/wp-content\/uploads\/2025\/01\/ginebradoblecara_1736667670926-1024x1024.jpeg 1024w, https:\/\/matlasyntek.1704.org\/matlasyntek\/wp-content\/uploads\/2025\/01\/ginebradoblecara_1736667670926-300x300.jpeg 300w, https:\/\/matlasyntek.1704.org\/matlasyntek\/wp-content\/uploads\/2025\/01\/ginebradoblecara_1736667670926-150x150.jpeg 150w, https:\/\/matlasyntek.1704.org\/matlasyntek\/wp-content\/uploads\/2025\/01\/ginebradoblecara_1736667670926-768x768.jpeg 768w, https:\/\/matlasyntek.1704.org\/matlasyntek\/wp-content\/uploads\/2025\/01\/ginebradoblecara_1736667670926-700x700.jpeg 700w, https:\/\/matlasyntek.1704.org\/matlasyntek\/wp-content\/uploads\/2025\/01\/ginebradoblecara_1736667670926.jpeg 1440w\" sizes=\"(max-width: 800px) 100vw, 800px\" \/>\t\t\t\t\t\t\t\t\t\t\t\t\t<\/div>\n\t\t\t\t<\/div>\n\t\t\t\t\t<\/div>\n\t\t<\/div>\n\t\t\t\t\t<\/div>\n\t\t<\/section>\n\t\t\t\t<section class=\"elementor-section elementor-top-section elementor-element elementor-element-b9c7918 elementor-section-boxed elementor-section-height-default elementor-section-height-default\" data-id=\"b9c7918\" data-element_type=\"section\">\n\t\t\t\t\t\t<div class=\"elementor-container elementor-column-gap-default\">\n\t\t\t\t\t<div class=\"elementor-column elementor-col-100 elementor-top-column elementor-element elementor-element-802774c\" data-id=\"802774c\" data-element_type=\"column\">\n\t\t\t<div class=\"elementor-widget-wrap\">\n\t\t\t\t\t\t\t<\/div>\n\t\t<\/div>\n\t\t\t\t\t<\/div>\n\t\t<\/section>\n\t\t\t\t<\/div>\n\t\t","protected":false},"excerpt":{"rendered":"<p>.heading-animation678b4bcc9d125 .pt-plus-cd-headline.loading-bar .cd-words-wrapper::after{background-color: #49D915;} Doble Cara Ginebra En el universo de los destilados artesanales, Ginebra Doble Cara se ha consolidado como una marca mexicana que desaf\u00eda lo convencional. Con cuatro a\u00f1os de trayectoria y una pasi\u00f3n inquebrantable por la destilaci\u00f3n, su viaje comenz\u00f3 en Toluca, donde en menos de dos meses logr\u00f3 posicionarse en diversos [&hellip;]<\/p>\n","protected":false},"author":1,"featured_media":0,"parent":0,"menu_order":0,"comment_status":"closed","ping_status":"closed","template":"","meta":{"footnotes":""},"class_list":["post-715","page","type-page","status-publish","hentry"],"yoast_head":"<!-- This site is optimized with the Yoast SEO plugin v24.0 - https:\/\/yoast.com\/wordpress\/plugins\/seo\/ -->\n<title>Ginebra Doble Cara - Matlasyntek<\/title>\n<meta name=\"robots\" content=\"index, follow, max-snippet:-1, max-image-preview:large, max-video-preview:-1\" \/>\n<link rel=\"canonical\" href=\"https:\/\/matlasyntek.1704.org\/matlasyntek\/ginebra-doble-cara\/\" \/>\n<meta property=\"og:locale\" content=\"es_MX\" \/>\n<meta property=\"og:type\" content=\"article\" \/>\n<meta property=\"og:title\" content=\"Ginebra Doble Cara - Matlasyntek\" \/>\n<meta property=\"og:description\" content=\".heading-animation678b4bcc9d125 .pt-plus-cd-headline.loading-bar .cd-words-wrapper::after{background-color: #49D915;} Doble Cara Ginebra En el universo de los destilados artesanales, Ginebra Doble Cara se ha consolidado como una marca mexicana que desaf\u00eda lo convencional. Con cuatro a\u00f1os de trayectoria y una pasi\u00f3n inquebrantable por la destilaci\u00f3n, su viaje comenz\u00f3 en Toluca, donde en menos de dos meses logr\u00f3 posicionarse en diversos [&hellip;]\" \/>\n<meta property=\"og:url\" content=\"https:\/\/matlasyntek.1704.org\/matlasyntek\/ginebra-doble-cara\/\" \/>\n<meta property=\"og:site_name\" content=\"Matlasyntek\" \/>\n<meta property=\"article:modified_time\" content=\"2026-05-11T11:34:31+00:00\" \/>\n<meta property=\"og:image\" content=\"https:\/\/matlasyntek.1704.org\/matlasyntek\/wp-content\/uploads\/2025\/01\/2Recurso-3-e1736665806135.png\" \/>\n\t<meta property=\"og:image:width\" content=\"896\" \/>\n\t<meta property=\"og:image:height\" content=\"879\" \/>\n\t<meta property=\"og:image:type\" content=\"image\/png\" \/>\n<meta name=\"twitter:card\" content=\"summary_large_image\" \/>\n<meta name=\"twitter:label1\" content=\"Tiempo de lectura\" \/>\n\t<meta name=\"twitter:data1\" content=\"3 minutos\" \/>\n<script type=\"application\/ld+json\" class=\"yoast-schema-graph\">{\"@context\":\"https:\/\/schema.org\",\"@graph\":[{\"@type\":\"WebPage\",\"@id\":\"https:\/\/matlasyntek.1704.org\/matlasyntek\/ginebra-doble-cara\/\",\"url\":\"https:\/\/matlasyntek.1704.org\/matlasyntek\/ginebra-doble-cara\/\",\"name\":\"Ginebra Doble Cara - Matlasyntek\",\"isPartOf\":{\"@id\":\"https:\/\/matlasyntek.1704.org\/matlasyntek\/#website\"},\"primaryImageOfPage\":{\"@id\":\"https:\/\/matlasyntek.1704.org\/matlasyntek\/ginebra-doble-cara\/#primaryimage\"},\"image\":{\"@id\":\"https:\/\/matlasyntek.1704.org\/matlasyntek\/ginebra-doble-cara\/#primaryimage\"},\"thumbnailUrl\":\"https:\/\/matlasyntek.1704.org\/matlasyntek\/wp-content\/uploads\/2025\/01\/2Recurso-3-1024x388.png\",\"datePublished\":\"2025-01-12T07:06:52+00:00\",\"dateModified\":\"2026-05-11T11:34:31+00:00\",\"breadcrumb\":{\"@id\":\"https:\/\/matlasyntek.1704.org\/matlasyntek\/ginebra-doble-cara\/#breadcrumb\"},\"inLanguage\":\"es\",\"potentialAction\":[{\"@type\":\"ReadAction\",\"target\":[\"https:\/\/matlasyntek.1704.org\/matlasyntek\/ginebra-doble-cara\/\"]}]},{\"@type\":\"ImageObject\",\"inLanguage\":\"es\",\"@id\":\"https:\/\/matlasyntek.1704.org\/matlasyntek\/ginebra-doble-cara\/#primaryimage\",\"url\":\"https:\/\/matlasyntek.1704.org\/matlasyntek\/wp-content\/uploads\/2025\/01\/2Recurso-3-e1736665806135.png\",\"contentUrl\":\"https:\/\/matlasyntek.1704.org\/matlasyntek\/wp-content\/uploads\/2025\/01\/2Recurso-3-e1736665806135.png\",\"width\":896,\"height\":879},{\"@type\":\"BreadcrumbList\",\"@id\":\"https:\/\/matlasyntek.1704.org\/matlasyntek\/ginebra-doble-cara\/#breadcrumb\",\"itemListElement\":[{\"@type\":\"ListItem\",\"position\":1,\"name\":\"Home\",\"item\":\"https:\/\/matlasyntek.1704.org\/matlasyntek\/\"},{\"@type\":\"ListItem\",\"position\":2,\"name\":\"Ginebra Doble Cara\"}]},{\"@type\":\"WebSite\",\"@id\":\"https:\/\/matlasyntek.1704.org\/matlasyntek\/#website\",\"url\":\"https:\/\/matlasyntek.1704.org\/matlasyntek\/\",\"name\":\"Matlasyntek\",\"description\":\"\",\"publisher\":{\"@id\":\"https:\/\/matlasyntek.1704.org\/matlasyntek\/#organization\"},\"potentialAction\":[{\"@type\":\"SearchAction\",\"target\":{\"@type\":\"EntryPoint\",\"urlTemplate\":\"https:\/\/matlasyntek.1704.org\/matlasyntek\/?s={search_term_string}\"},\"query-input\":{\"@type\":\"PropertyValueSpecification\",\"valueRequired\":true,\"valueName\":\"search_term_string\"}}],\"inLanguage\":\"es\"},{\"@type\":\"Organization\",\"@id\":\"https:\/\/matlasyntek.1704.org\/matlasyntek\/#organization\",\"name\":\"Matlasyntek\",\"url\":\"https:\/\/matlasyntek.1704.org\/matlasyntek\/\",\"logo\":{\"@type\":\"ImageObject\",\"inLanguage\":\"es\",\"@id\":\"https:\/\/matlasyntek.1704.org\/matlasyntek\/#\/schema\/logo\/image\/\",\"url\":\"https:\/\/matlasyntek.1704.org\/matlasyntek\/wp-content\/uploads\/2024\/12\/2Recurso-5.png\",\"contentUrl\":\"https:\/\/matlasyntek.1704.org\/matlasyntek\/wp-content\/uploads\/2024\/12\/2Recurso-5.png\",\"width\":719,\"height\":86,\"caption\":\"Matlasyntek\"},\"image\":{\"@id\":\"https:\/\/matlasyntek.1704.org\/matlasyntek\/#\/schema\/logo\/image\/\"}}]}<\/script>\n<!-- \/ Yoast SEO plugin. -->","yoast_head_json":{"title":"Ginebra Doble Cara - Matlasyntek","robots":{"index":"index","follow":"follow","max-snippet":"max-snippet:-1","max-image-preview":"max-image-preview:large","max-video-preview":"max-video-preview:-1"},"canonical":"https:\/\/matlasyntek.1704.org\/matlasyntek\/ginebra-doble-cara\/","og_locale":"es_MX","og_type":"article","og_title":"Ginebra Doble Cara - Matlasyntek","og_description":".heading-animation678b4bcc9d125 .pt-plus-cd-headline.loading-bar .cd-words-wrapper::after{background-color: #49D915;} Doble Cara Ginebra En el universo de los destilados artesanales, Ginebra Doble Cara se ha consolidado como una marca mexicana que desaf\u00eda lo convencional. Con cuatro a\u00f1os de trayectoria y una pasi\u00f3n inquebrantable por la destilaci\u00f3n, su viaje comenz\u00f3 en Toluca, donde en menos de dos meses logr\u00f3 posicionarse en diversos [&hellip;]","og_url":"https:\/\/matlasyntek.1704.org\/matlasyntek\/ginebra-doble-cara\/","og_site_name":"Matlasyntek","article_modified_time":"2026-05-11T11:34:31+00:00","og_image":[{"width":896,"height":879,"url":"https:\/\/matlasyntek.1704.org\/matlasyntek\/wp-content\/uploads\/2025\/01\/2Recurso-3-e1736665806135.png","type":"image\/png"}],"twitter_card":"summary_large_image","twitter_misc":{"Tiempo de lectura":"3 minutos"},"schema":{"@context":"https:\/\/schema.org","@graph":[{"@type":"WebPage","@id":"https:\/\/matlasyntek.1704.org\/matlasyntek\/ginebra-doble-cara\/","url":"https:\/\/matlasyntek.1704.org\/matlasyntek\/ginebra-doble-cara\/","name":"Ginebra Doble Cara - Matlasyntek","isPartOf":{"@id":"https:\/\/matlasyntek.1704.org\/matlasyntek\/#website"},"primaryImageOfPage":{"@id":"https:\/\/matlasyntek.1704.org\/matlasyntek\/ginebra-doble-cara\/#primaryimage"},"image":{"@id":"https:\/\/matlasyntek.1704.org\/matlasyntek\/ginebra-doble-cara\/#primaryimage"},"thumbnailUrl":"https:\/\/matlasyntek.1704.org\/matlasyntek\/wp-content\/uploads\/2025\/01\/2Recurso-3-1024x388.png","datePublished":"2025-01-12T07:06:52+00:00","dateModified":"2026-05-11T11:34:31+00:00","breadcrumb":{"@id":"https:\/\/matlasyntek.1704.org\/matlasyntek\/ginebra-doble-cara\/#breadcrumb"},"inLanguage":"es","potentialAction":[{"@type":"ReadAction","target":["https:\/\/matlasyntek.1704.org\/matlasyntek\/ginebra-doble-cara\/"]}]},{"@type":"ImageObject","inLanguage":"es","@id":"https:\/\/matlasyntek.1704.org\/matlasyntek\/ginebra-doble-cara\/#primaryimage","url":"https:\/\/matlasyntek.1704.org\/matlasyntek\/wp-content\/uploads\/2025\/01\/2Recurso-3-e1736665806135.png","contentUrl":"https:\/\/matlasyntek.1704.org\/matlasyntek\/wp-content\/uploads\/2025\/01\/2Recurso-3-e1736665806135.png","width":896,"height":879},{"@type":"BreadcrumbList","@id":"https:\/\/matlasyntek.1704.org\/matlasyntek\/ginebra-doble-cara\/#breadcrumb","itemListElement":[{"@type":"ListItem","position":1,"name":"Home","item":"https:\/\/matlasyntek.1704.org\/matlasyntek\/"},{"@type":"ListItem","position":2,"name":"Ginebra Doble Cara"}]},{"@type":"WebSite","@id":"https:\/\/matlasyntek.1704.org\/matlasyntek\/#website","url":"https:\/\/matlasyntek.1704.org\/matlasyntek\/","name":"Matlasyntek","description":"","publisher":{"@id":"https:\/\/matlasyntek.1704.org\/matlasyntek\/#organization"},"potentialAction":[{"@type":"SearchAction","target":{"@type":"EntryPoint","urlTemplate":"https:\/\/matlasyntek.1704.org\/matlasyntek\/?s={search_term_string}"},"query-input":{"@type":"PropertyValueSpecification","valueRequired":true,"valueName":"search_term_string"}}],"inLanguage":"es"},{"@type":"Organization","@id":"https:\/\/matlasyntek.1704.org\/matlasyntek\/#organization","name":"Matlasyntek","url":"https:\/\/matlasyntek.1704.org\/matlasyntek\/","logo":{"@type":"ImageObject","inLanguage":"es","@id":"https:\/\/matlasyntek.1704.org\/matlasyntek\/#\/schema\/logo\/image\/","url":"https:\/\/matlasyntek.1704.org\/matlasyntek\/wp-content\/uploads\/2024\/12\/2Recurso-5.png","contentUrl":"https:\/\/matlasyntek.1704.org\/matlasyntek\/wp-content\/uploads\/2024\/12\/2Recurso-5.png","width":719,"height":86,"caption":"Matlasyntek"},"image":{"@id":"https:\/\/matlasyntek.1704.org\/matlasyntek\/#\/schema\/logo\/image\/"}}]}},"_links":{"self":[{"href":"https:\/\/matlasyntek.1704.org\/matlasyntek\/wp-json\/wp\/v2\/pages\/715","targetHints":{"allow":["GET"]}}],"collection":[{"href":"https:\/\/matlasyntek.1704.org\/matlasyntek\/wp-json\/wp\/v2\/pages"}],"about":[{"href":"https:\/\/matlasyntek.1704.org\/matlasyntek\/wp-json\/wp\/v2\/types\/page"}],"author":[{"embeddable":true,"href":"https:\/\/matlasyntek.1704.org\/matlasyntek\/wp-json\/wp\/v2\/users\/1"}],"replies":[{"embeddable":true,"href":"https:\/\/matlasyntek.1704.org\/matlasyntek\/wp-json\/wp\/v2\/comments?post=715"}],"version-history":[{"count":15,"href":"https:\/\/matlasyntek.1704.org\/matlasyntek\/wp-json\/wp\/v2\/pages\/715\/revisions"}],"predecessor-version":[{"id":3079,"href":"https:\/\/matlasyntek.1704.org\/matlasyntek\/wp-json\/wp\/v2\/pages\/715\/revisions\/3079"}],"wp:attachment":[{"href":"https:\/\/matlasyntek.1704.org\/matlasyntek\/wp-json\/wp\/v2\/media?parent=715"}],"curies":[{"name":"wp","href":"https:\/\/api.w.org\/{rel}","templated":true}]}}